{"id":6914,"date":"2024-11-01T12:20:27","date_gmt":"2024-11-01T12:20:27","guid":{"rendered":"https:\/\/ruumistruumi.ee\/pood\/helepruun-kummut-hudson-h07-looduslikust-pahkliveneerist-mdf-ist-ja-roostevabast-terasest-jalgadest\/"},"modified":"2025-04-10T11:57:50","modified_gmt":"2025-04-10T11:57:50","slug":"pahklitooni-kummut-hudson-h07-looduslik-pahklivineer-mdf-roostevabast-terasest-jalad","status":"publish","type":"product","link":"https:\/\/blankpage.ee\/_ruumist-ruumi\/pood\/pahklitooni-kummut-hudson-h07-looduslik-pahklivineer-mdf-roostevabast-terasest-jalad\/","title":{"rendered":"P\u00e4hklitooni kummut Hudson H07, looduslik p\u00e4hklivineer, MDF, roostevabast terasest jalad"},"content":{"rendered":"<p>Hudson H07 kummut elutuppa. See modernse klassikalise stiiliga kummut p\u00e4hklipuu toonis toob teie elutuppa ainulaadse iseloomu t\u00e4nu oma parameetrilistele esipaneelidele. Kummuti lihtsat vormi t\u00e4iendavad roostevabast terasest jalad, mis lisavad elegantsi ja vastupidavust. Kuus pehme sulgumise s\u00fcsteemiga sahtlit pakuvad mugavat ja vaikset kasutuskogemust.<\/p>\n<p>Omadused:<br \/>\n<strong>Materjal:<\/strong> Naturaalne p\u00e4hklipuu spoon, MDF ja roostevabast terasest jalad.<br \/>\n<strong>V\u00e4rv:<\/strong> P\u00e4hklipuu toon.<br \/>\n<strong>M\u00f5\u00f5tmed:<\/strong> Laius 160 cm, s\u00fcgavus 49 cm, k\u00f5rgus 75 cm.<br \/>\n<strong>T\u00e4iendavad detailid:<\/strong> Pehme sulgumise s\u00fcsteem tagab sahtlite sujuva ja vaikse sulgumise.<br \/>\n<strong>Kokkupanek:<\/strong> Kokkupandud, ei vaja paigaldust. S\u00e4\u00e4stab aega ja vaeva.<\/p>\n<p>&nbsp;<\/p>\n","protected":false},"excerpt":{"rendered":"<p>Hudson H07 kummut elutuppa. See modernse klassikalise stiiliga kummut p\u00e4hklipuu toonis toob teie elutuppa ainulaadse iseloomu t\u00e4nu oma parameetrilistele esipaneelidele. Kummuti lihtsat vormi t\u00e4iendavad roostevabast terasest jalad, mis lisavad elegantsi ja vastupidavust. Kuus pehme sulgumise s\u00fcsteemiga sahtlit pakuvad mugavat ja vaikset kasutuskogemust. Omadused: Materjal: Naturaalne p\u00e4hklipuu spoon, MDF ja roostevabast terasest jalad. V\u00e4rv: P\u00e4hklipuu toon. [&hellip;]<\/p>\n","protected":false},"featured_media":6915,"comment_status":"open","ping_status":"closed","template":"","meta":[],"product_brand":[],"product_cat":[81],"product_tag":[],"class_list":{"0":"post-6914","1":"product","2":"type-product","3":"status-publish","4":"has-post-thumbnail","6":"product_cat-kapid-riiulid-ja-kummutid","7":"product_shipping_class-livin-hill","8":"pa_kollektsioon-hudson","9":"pa_materjal-pahklipuit","11":"first","12":"instock","13":"sale","14":"taxable","15":"shipping-taxable","16":"purchasable","17":"product-type-simple"},"_links":{"self":[{"href":"https:\/\/blankpage.ee\/_ruumist-ruumi\/wp-json\/wp\/v2\/product\/6914","targetHints":{"allow":["GET"]}}],"collection":[{"href":"https:\/\/blankpage.ee\/_ruumist-ruumi\/wp-json\/wp\/v2\/product"}],"about":[{"href":"https:\/\/blankpage.ee\/_ruumist-ruumi\/wp-json\/wp\/v2\/types\/product"}],"replies":[{"embeddable":true,"href":"https:\/\/blankpage.ee\/_ruumist-ruumi\/wp-json\/wp\/v2\/comments?post=6914"}],"wp:featuredmedia":[{"embeddable":true,"href":"https:\/\/blankpage.ee\/_ruumist-ruumi\/wp-json\/wp\/v2\/media\/6915"}],"wp:attachment":[{"href":"https:\/\/blankpage.ee\/_ruumist-ruumi\/wp-json\/wp\/v2\/media?parent=6914"}],"wp:term":[{"taxonomy":"product_brand","embeddable":true,"href":"https:\/\/blankpage.ee\/_ruumist-ruumi\/wp-json\/wp\/v2\/product_brand?post=6914"},{"taxonomy":"product_cat","embeddable":true,"href":"https:\/\/blankpage.ee\/_ruumist-ruumi\/wp-json\/wp\/v2\/product_cat?post=6914"},{"taxonomy":"product_tag","embeddable":true,"href":"https:\/\/blankpage.ee\/_ruumist-ruumi\/wp-json\/wp\/v2\/product_tag?post=6914"}],"curies":[{"name":"wp","href":"https:\/\/api.w.org\/{rel}","templated":true}]}}