{"id":6920,"date":"2024-11-01T12:20:55","date_gmt":"2024-11-01T12:20:55","guid":{"rendered":"https:\/\/ruumistruumi.ee\/pood\/valge-korglaikega-kummut-hudson-h08-korglaikega-pulberkattega-mdf\/"},"modified":"2025-04-10T11:57:52","modified_gmt":"2025-04-10T11:57:52","slug":"valge-korglaikega-kummut-hudson-h08-pulbervarvitud-mdf","status":"publish","type":"product","link":"https:\/\/blankpage.ee\/_ruumist-ruumi\/pood\/valge-korglaikega-kummut-hudson-h08-pulbervarvitud-mdf\/","title":{"rendered":"Valge k\u00f5rgl\u00e4ikega kummut Hudson H08, pulberv\u00e4rvitud MDF"},"content":{"rendered":"<p>Hudson H08 kummut elutuppa. See kummut on osa Hudsoni kollektsioonist ja toob kaasaegse klassika h\u00f5ngu teie eluruumi. Valge k\u00f5rgl\u00e4ikega viimistlus ja parameetrilised esipaneelid annavad sellele lihtsale vormile ainulaadse iseloomu. Kummutil on roostevabast terasest jalad ning kuus pehmelt sulguvat sahtlit, mis pakuvad praktilist hoiuruumi.<\/p>\n<p>Hudson H08 kummut on valmistatud k\u00f5rgl\u00e4ikega pulberv\u00e4rvitud MDF-ist, mis tagab vastupidavuse ja stiilse v\u00e4limuse. Roostevabast terasest jalad lisavad elegantsust ja stabiilsust. Kummuti pind on s\u00f5rmej\u00e4ljekindel, mis muudab selle hooldamise lihtsaks. Pehme sulgemise s\u00fcsteemiga sahtlid tagavad sujuva ja vaikse kasutuskogemuse.<\/p>\n<p>Omadused:<br \/>\n<strong>Materjal:<\/strong> K\u00f5rgl\u00e4ikega pulberv\u00e4rvitud MDF ja roostevabast terasest jalad.<br \/>\n<strong>V\u00e4rv:<\/strong> Valge k\u00f5rgl\u00e4ige.<br \/>\n<strong>M\u00f5\u00f5tmed:<\/strong> Laius 160 cm, s\u00fcgavus 49 cm, k\u00f5rgus 75 cm.<br \/>\n<strong>T\u00e4iendavad detailid:<\/strong> S\u00f5rmej\u00e4ljekindel pind, pehme sulgemise s\u00fcsteem.<br \/>\n<strong>Kokkupanek:<\/strong> Kokkupandud, ei vaja paigaldust. S\u00e4\u00e4stab aega ja vaeva.<\/p>\n<p>&nbsp;<\/p>\n","protected":false},"excerpt":{"rendered":"<p>Hudson H08 kummut elutuppa. See kummut on osa Hudsoni kollektsioonist ja toob kaasaegse klassika h\u00f5ngu teie eluruumi. Valge k\u00f5rgl\u00e4ikega viimistlus ja parameetrilised esipaneelid annavad sellele lihtsale vormile ainulaadse iseloomu. Kummutil on roostevabast terasest jalad ning kuus pehmelt sulguvat sahtlit, mis pakuvad praktilist hoiuruumi. Hudson H08 kummut on valmistatud k\u00f5rgl\u00e4ikega pulberv\u00e4rvitud MDF-ist, mis tagab vastupidavuse ja [&hellip;]<\/p>\n","protected":false},"featured_media":6921,"comment_status":"open","ping_status":"closed","template":"","meta":[],"product_brand":[],"product_cat":[81],"product_tag":[],"class_list":{"0":"post-6920","1":"product","2":"type-product","3":"status-publish","4":"has-post-thumbnail","6":"product_cat-kapid-riiulid-ja-kummutid","7":"product_shipping_class-livin-hill","8":"pa_kollektsioon-hudson","9":"pa_materjal-kuldne","10":"pa_varv-valge","12":"first","13":"instock","14":"sale","15":"taxable","16":"shipping-taxable","17":"purchasable","18":"product-type-simple"},"_links":{"self":[{"href":"https:\/\/blankpage.ee\/_ruumist-ruumi\/wp-json\/wp\/v2\/product\/6920","targetHints":{"allow":["GET"]}}],"collection":[{"href":"https:\/\/blankpage.ee\/_ruumist-ruumi\/wp-json\/wp\/v2\/product"}],"about":[{"href":"https:\/\/blankpage.ee\/_ruumist-ruumi\/wp-json\/wp\/v2\/types\/product"}],"replies":[{"embeddable":true,"href":"https:\/\/blankpage.ee\/_ruumist-ruumi\/wp-json\/wp\/v2\/comments?post=6920"}],"wp:featuredmedia":[{"embeddable":true,"href":"https:\/\/blankpage.ee\/_ruumist-ruumi\/wp-json\/wp\/v2\/media\/6921"}],"wp:attachment":[{"href":"https:\/\/blankpage.ee\/_ruumist-ruumi\/wp-json\/wp\/v2\/media?parent=6920"}],"wp:term":[{"taxonomy":"product_brand","embeddable":true,"href":"https:\/\/blankpage.ee\/_ruumist-ruumi\/wp-json\/wp\/v2\/product_brand?post=6920"},{"taxonomy":"product_cat","embeddable":true,"href":"https:\/\/blankpage.ee\/_ruumist-ruumi\/wp-json\/wp\/v2\/product_cat?post=6920"},{"taxonomy":"product_tag","embeddable":true,"href":"https:\/\/blankpage.ee\/_ruumist-ruumi\/wp-json\/wp\/v2\/product_tag?post=6920"}],"curies":[{"name":"wp","href":"https:\/\/api.w.org\/{rel}","templated":true}]}}