{"id":6926,"date":"2024-11-01T12:21:28","date_gmt":"2024-11-01T12:21:28","guid":{"rendered":"https:\/\/ruumistruumi.ee\/pood\/liivakarva-kummut-hudson-h09-korglaikega-mdf-ja-roostevabast-terasest-jalad\/"},"modified":"2025-04-10T11:57:52","modified_gmt":"2025-04-10T11:57:52","slug":"helepruun-korglaikega-kummut-hudson-h09-pulbervarvitud-mdf","status":"publish","type":"product","link":"https:\/\/blankpage.ee\/_ruumist-ruumi\/pood\/helepruun-korglaikega-kummut-hudson-h09-pulbervarvitud-mdf\/","title":{"rendered":"Helepruun k\u00f5rgl\u00e4ikega kummut Hudson H09, pulberv\u00e4rvitud MDF"},"content":{"rendered":"<p>Hudson H09 puhvetkapp elutuppa. See modernse klassikalise stiiliga puhvetkapp liivakarva toonis lisab teie elutuppa ainulaadset iseloomu. Parametrilised esipaneelid annavad lihtsale vormile erilise ilme. Kapp toetub roostevabast terasest jalgadele ning sisaldab kuut pehme sulgumise s\u00fcsteemiga sahtlit, mis tagavad vaikse ja sujuva kasutamise.<\/p>\n<p>Omadused:<br \/>\n<strong>Materjal:<\/strong> K\u00f5rgl\u00e4ikega pulberv\u00e4rvitud MDF ja roostevabast terasest jalad.<br \/>\n<strong>V\u00e4rv:<\/strong> Liivakarva k\u00f5rgl\u00e4ige, kroomitud jalad.<br \/>\n<strong>M\u00f5\u00f5tmed:<\/strong> Laius 160 cm, s\u00fcgavus 49 cm, k\u00f5rgus 75 cm.<br \/>\n<strong>T\u00e4iendavad detailid:<\/strong> S\u00f5rmej\u00e4ljekindel pind ja pehme sulgumise s\u00fcsteem.<br \/>\n<strong>Kokkupanek:<\/strong> T\u00e4ielikult kokkupandud, ei vaja paigaldust. S\u00e4\u00e4stab aega ja vaeva.<\/p>\n<p>&nbsp;<\/p>\n","protected":false},"excerpt":{"rendered":"<p>Hudson H09 puhvetkapp elutuppa. See modernse klassikalise stiiliga puhvetkapp liivakarva toonis lisab teie elutuppa ainulaadset iseloomu. Parametrilised esipaneelid annavad lihtsale vormile erilise ilme. Kapp toetub roostevabast terasest jalgadele ning sisaldab kuut pehme sulgumise s\u00fcsteemiga sahtlit, mis tagavad vaikse ja sujuva kasutamise. Omadused: Materjal: K\u00f5rgl\u00e4ikega pulberv\u00e4rvitud MDF ja roostevabast terasest jalad. V\u00e4rv: Liivakarva k\u00f5rgl\u00e4ige, kroomitud jalad. [&hellip;]<\/p>\n","protected":false},"featured_media":6927,"comment_status":"open","ping_status":"closed","template":"","meta":[],"product_brand":[],"product_cat":[81],"product_tag":[],"class_list":{"0":"post-6926","1":"product","2":"type-product","3":"status-publish","4":"has-post-thumbnail","6":"product_cat-kapid-riiulid-ja-kummutid","7":"product_shipping_class-livin-hill","8":"pa_kollektsioon-hudson","9":"pa_materjal-kuldne","10":"pa_varv-helepruun","12":"first","13":"instock","14":"sale","15":"taxable","16":"shipping-taxable","17":"purchasable","18":"product-type-simple"},"_links":{"self":[{"href":"https:\/\/blankpage.ee\/_ruumist-ruumi\/wp-json\/wp\/v2\/product\/6926","targetHints":{"allow":["GET"]}}],"collection":[{"href":"https:\/\/blankpage.ee\/_ruumist-ruumi\/wp-json\/wp\/v2\/product"}],"about":[{"href":"https:\/\/blankpage.ee\/_ruumist-ruumi\/wp-json\/wp\/v2\/types\/product"}],"replies":[{"embeddable":true,"href":"https:\/\/blankpage.ee\/_ruumist-ruumi\/wp-json\/wp\/v2\/comments?post=6926"}],"wp:featuredmedia":[{"embeddable":true,"href":"https:\/\/blankpage.ee\/_ruumist-ruumi\/wp-json\/wp\/v2\/media\/6927"}],"wp:attachment":[{"href":"https:\/\/blankpage.ee\/_ruumist-ruumi\/wp-json\/wp\/v2\/media?parent=6926"}],"wp:term":[{"taxonomy":"product_brand","embeddable":true,"href":"https:\/\/blankpage.ee\/_ruumist-ruumi\/wp-json\/wp\/v2\/product_brand?post=6926"},{"taxonomy":"product_cat","embeddable":true,"href":"https:\/\/blankpage.ee\/_ruumist-ruumi\/wp-json\/wp\/v2\/product_cat?post=6926"},{"taxonomy":"product_tag","embeddable":true,"href":"https:\/\/blankpage.ee\/_ruumist-ruumi\/wp-json\/wp\/v2\/product_tag?post=6926"}],"curies":[{"name":"wp","href":"https:\/\/api.w.org\/{rel}","templated":true}]}}