{"id":6929,"date":"2024-11-01T12:21:56","date_gmt":"2024-11-01T12:21:56","guid":{"rendered":"https:\/\/ruumistruumi.ee\/pood\/helepruun-kummut-hudson-h06-looduslikust-pahklivineerist-mdf-ist-ja-massiivpuust-jalgadest\/"},"modified":"2025-01-11T10:51:54","modified_gmt":"2025-01-11T10:51:54","slug":"pahklitooni-kummut-hudson-h06-mdf-puidust-jalad","status":"publish","type":"product","link":"https:\/\/blankpage.ee\/_ruumist-ruumi\/pood\/pahklitooni-kummut-hudson-h06-mdf-puidust-jalad\/","title":{"rendered":"P\u00e4hklitooni kummut Hudson H06, MDF, puidust jalad"},"content":{"rendered":"<p>Hudson H06 puhvetkapp elutuppa. See kaasaegse klassikalise stiiliga puhvetkapp p\u00e4hklipuu toonis lisab teie elutuppa ainulaadset iseloomu. Kapil on parameetrilised esipaneelid, mis annavad lihtsale vormile erilise v\u00f5lu. Puhvetkapp seisab tugevate t\u00e4ispuidust jalgade peal ja on varustatud nelja pehme sulgumisega hingedega uksega.<\/p>\n<p>Hudson H06 puhvetkapp on valmistatud naturaalsest p\u00e4hklipuu spoonist, MDF-ist ja t\u00e4ispuidust jalgadest, mis tagavad vastupidavuse ja pikaealisuse. Selle m\u00f5\u00f5tmed on 180 cm lai, 50 cm s\u00fcgav ja 80 cm k\u00f5rge, pakkudes piisavalt ruumi teie esemete hoiustamiseks. Pehme sulgumise s\u00fcsteem tagab, et uksed sulguvad vaikselt ja sujuvalt, lisades kasutusmugavust.<\/p>\n<p>Omadused:<br \/>\n<strong>Materjal:<\/strong> Naturaalne p\u00e4hklipuu spoon, MDF, t\u00e4ispuidust jalad.<br \/>\n<strong>V\u00e4rv:<\/strong> P\u00e4hklipuu toon.<br \/>\n<strong>M\u00f5\u00f5tmed:<\/strong> Laius 180 cm, s\u00fcgavus 50 cm, k\u00f5rgus 80 cm.<br \/>\n<strong>T\u00e4iendavad detailid:<\/strong> Pehme sulgumise s\u00fcsteem.<br \/>\n<strong>Kokkupanek:<\/strong> Kokkupandud, ei vaja paigaldust. S\u00e4\u00e4stab aega ja vaeva.<\/p>\n<p>&nbsp;<\/p>\n","protected":false},"excerpt":{"rendered":"<p>Hudson H06 puhvetkapp elutuppa. See kaasaegse klassikalise stiiliga puhvetkapp p\u00e4hklipuu toonis lisab teie elutuppa ainulaadset iseloomu. Kapil on parameetrilised esipaneelid, mis annavad lihtsale vormile erilise v\u00f5lu. Puhvetkapp seisab tugevate t\u00e4ispuidust jalgade peal ja on varustatud nelja pehme sulgumisega hingedega uksega. Hudson H06 puhvetkapp on valmistatud naturaalsest p\u00e4hklipuu spoonist, MDF-ist ja t\u00e4ispuidust jalgadest, mis tagavad vastupidavuse [&hellip;]<\/p>\n","protected":false},"featured_media":6930,"comment_status":"open","ping_status":"closed","template":"","meta":[],"product_brand":[],"product_cat":[81],"product_tag":[],"class_list":{"0":"post-6929","1":"product","2":"type-product","3":"status-publish","4":"has-post-thumbnail","6":"product_cat-kapid-riiulid-ja-kummutid","7":"product_shipping_class-livin-hill","8":"pa_kollektsioon-hudson","9":"pa_materjal-pahklivineer","11":"first","12":"outofstock","13":"sale","14":"taxable","15":"shipping-taxable","16":"purchasable","17":"product-type-simple"},"_links":{"self":[{"href":"https:\/\/blankpage.ee\/_ruumist-ruumi\/wp-json\/wp\/v2\/product\/6929","targetHints":{"allow":["GET"]}}],"collection":[{"href":"https:\/\/blankpage.ee\/_ruumist-ruumi\/wp-json\/wp\/v2\/product"}],"about":[{"href":"https:\/\/blankpage.ee\/_ruumist-ruumi\/wp-json\/wp\/v2\/types\/product"}],"replies":[{"embeddable":true,"href":"https:\/\/blankpage.ee\/_ruumist-ruumi\/wp-json\/wp\/v2\/comments?post=6929"}],"wp:featuredmedia":[{"embeddable":true,"href":"https:\/\/blankpage.ee\/_ruumist-ruumi\/wp-json\/wp\/v2\/media\/6930"}],"wp:attachment":[{"href":"https:\/\/blankpage.ee\/_ruumist-ruumi\/wp-json\/wp\/v2\/media?parent=6929"}],"wp:term":[{"taxonomy":"product_brand","embeddable":true,"href":"https:\/\/blankpage.ee\/_ruumist-ruumi\/wp-json\/wp\/v2\/product_brand?post=6929"},{"taxonomy":"product_cat","embeddable":true,"href":"https:\/\/blankpage.ee\/_ruumist-ruumi\/wp-json\/wp\/v2\/product_cat?post=6929"},{"taxonomy":"product_tag","embeddable":true,"href":"https:\/\/blankpage.ee\/_ruumist-ruumi\/wp-json\/wp\/v2\/product_tag?post=6929"}],"curies":[{"name":"wp","href":"https:\/\/api.w.org\/{rel}","templated":true}]}}