{"id":6958,"date":"2024-11-01T12:24:16","date_gmt":"2024-11-01T12:24:16","guid":{"rendered":"https:\/\/ruumistruumi.ee\/pood\/cementroheline-tv-alus-rose-hill-rh05-korglaikega-mdf-ja-roostevabast-terasest-jalad\/"},"modified":"2025-04-10T11:57:53","modified_gmt":"2025-04-10T11:57:53","slug":"cementroheline-tv-alus-rose-hill-rh05-korglaikega-mdf-ja-roostevabast-terasest-jalad","status":"publish","type":"product","link":"https:\/\/blankpage.ee\/_ruumist-ruumi\/pood\/cementroheline-tv-alus-rose-hill-rh05-korglaikega-mdf-ja-roostevabast-terasest-jalad\/","title":{"rendered":"Roheline TV-alus Rose Hill RH05, k\u00f5rgl\u00e4ikega MDF"},"content":{"rendered":"<p>Rose Hill RH05 TV-alus elutuppa. See modernne klassikaline TV-alus toob teie elutuppa rafineeritud elegantsi. Tsementroheline v\u00e4rv koos kontrastsete kuldsete jalgadega loob silmapaistva ja harmoonilise koosluse. Korpuse k\u00f5rgl\u00e4ikega MDF-plaadid ja iseloomulikud 3D-esipaneelid lisavad minimalistlikule vormile s\u00fcgavust ja stiili.<\/p>\n<p>Omadused:<br \/>\n<strong>Materjal:<\/strong> K\u00f5rgl\u00e4ikega pulberv\u00e4rvitud MDF ja roostevabast terasest jalad.<br \/>\n<strong>V\u00e4rv:<\/strong> Tsementroheline k\u00f5rgl\u00e4ige, kuldsed jalad.<br \/>\n<strong>M\u00f5\u00f5tmed:<\/strong> Laius 180 cm, s\u00fcgavus 39,5 cm, k\u00f5rgus 40 cm.<br \/>\n<strong>T\u00e4iendavad detailid:<\/strong> Pehme sulgumise mehhanism tagab sujuva ja vaikse kasutamise.<br \/>\n<strong>Kokkupanek:<\/strong> Kokkupandud, ei vaja paigaldust. S\u00e4\u00e4stab aega ja vaeva.<\/p>\n<p>&nbsp;<\/p>\n","protected":false},"excerpt":{"rendered":"<p>Rose Hill RH05 TV-alus elutuppa. See modernne klassikaline TV-alus toob teie elutuppa rafineeritud elegantsi. Tsementroheline v\u00e4rv koos kontrastsete kuldsete jalgadega loob silmapaistva ja harmoonilise koosluse. Korpuse k\u00f5rgl\u00e4ikega MDF-plaadid ja iseloomulikud 3D-esipaneelid lisavad minimalistlikule vormile s\u00fcgavust ja stiili. Omadused: Materjal: K\u00f5rgl\u00e4ikega pulberv\u00e4rvitud MDF ja roostevabast terasest jalad. V\u00e4rv: Tsementroheline k\u00f5rgl\u00e4ige, kuldsed jalad. M\u00f5\u00f5tmed: Laius 180 cm, [&hellip;]<\/p>\n","protected":false},"featured_media":6959,"comment_status":"open","ping_status":"closed","template":"","meta":[],"product_brand":[],"product_cat":[85],"product_tag":[],"class_list":{"0":"post-6958","1":"product","2":"type-product","3":"status-publish","4":"has-post-thumbnail","6":"product_cat-tv-alused","7":"product_shipping_class-livin-hill","8":"pa_kollektsioon-rose-hill","9":"pa_materjal-kuldne","10":"pa_sahtlite-arv-95","11":"pa_varv-roheline","13":"first","14":"outofstock","15":"sale","16":"taxable","17":"shipping-taxable","18":"purchasable","19":"product-type-simple"},"_links":{"self":[{"href":"https:\/\/blankpage.ee\/_ruumist-ruumi\/wp-json\/wp\/v2\/product\/6958","targetHints":{"allow":["GET"]}}],"collection":[{"href":"https:\/\/blankpage.ee\/_ruumist-ruumi\/wp-json\/wp\/v2\/product"}],"about":[{"href":"https:\/\/blankpage.ee\/_ruumist-ruumi\/wp-json\/wp\/v2\/types\/product"}],"replies":[{"embeddable":true,"href":"https:\/\/blankpage.ee\/_ruumist-ruumi\/wp-json\/wp\/v2\/comments?post=6958"}],"wp:featuredmedia":[{"embeddable":true,"href":"https:\/\/blankpage.ee\/_ruumist-ruumi\/wp-json\/wp\/v2\/media\/6959"}],"wp:attachment":[{"href":"https:\/\/blankpage.ee\/_ruumist-ruumi\/wp-json\/wp\/v2\/media?parent=6958"}],"wp:term":[{"taxonomy":"product_brand","embeddable":true,"href":"https:\/\/blankpage.ee\/_ruumist-ruumi\/wp-json\/wp\/v2\/product_brand?post=6958"},{"taxonomy":"product_cat","embeddable":true,"href":"https:\/\/blankpage.ee\/_ruumist-ruumi\/wp-json\/wp\/v2\/product_cat?post=6958"},{"taxonomy":"product_tag","embeddable":true,"href":"https:\/\/blankpage.ee\/_ruumist-ruumi\/wp-json\/wp\/v2\/product_tag?post=6958"}],"curies":[{"name":"wp","href":"https:\/\/api.w.org\/{rel}","templated":true}]}}