{"id":6973,"date":"2024-11-01T12:25:43","date_gmt":"2024-11-01T12:25:43","guid":{"rendered":"https:\/\/ruumistruumi.ee\/pood\/cementroheline-polsterdatud-voodi-rose-hill-rh09-korglaikega-mdf\/"},"modified":"2025-04-10T11:57:53","modified_gmt":"2025-04-10T11:57:53","slug":"roheline-polsterdatud-voodi-rose-hill-rh09-korglaikega-mdf","status":"publish","type":"product","link":"https:\/\/blankpage.ee\/_ruumist-ruumi\/pood\/roheline-polsterdatud-voodi-rose-hill-rh09-korglaikega-mdf\/","title":{"rendered":"Roheline polsterdatud voodi Rose Hill RH09, k\u00f5rgl\u00e4ikega MDF"},"content":{"rendered":"<p>Rose Hill RH09 polsterdatud voodi magamistuppa. See voodi \u00fchendab modernse klassikalise stiili ja elegantse disaini, tuues teie magamistuppa harmoonilise aktsendi. Voodi korpus on valmistatud k\u00f5rgl\u00e4ikega pulberv\u00e4rvitud MDF-ist, mis annab sellele vastupidavuse ja luksusliku v\u00e4limuse. Hall polsterdatud peats lisab mugavust ja stiili, luues t\u00e4iusliku kombinatsiooni minimalismist ja elegantsist.<\/p>\n<p>Omadused:<br \/>\n<strong>Materjal:<\/strong> K\u00f5rgl\u00e4ikega pulberv\u00e4rvitud MDF.<br \/>\n<strong>V\u00e4rv:<\/strong> Tsemendiroheline korpus ja hall peats.<br \/>\n<strong>M\u00f5\u00f5tmed:<\/strong> Laius 190 cm, s\u00fcgavus 210 cm, k\u00f5rgus 105 cm.<br \/>\n<strong>T\u00e4iendavad detailid:<\/strong> Soovitatav madratsi suurus 180 x 200 cm, kvaliteetne voodiraam.<br \/>\n<strong>Kokkupanek:<\/strong> Kokkupandud, ei vaja paigaldust. S\u00e4\u00e4stab aega ja vaeva.<\/p>\n<p>&nbsp;<\/p>\n","protected":false},"excerpt":{"rendered":"<p>Rose Hill RH09 polsterdatud voodi magamistuppa. See voodi \u00fchendab modernse klassikalise stiili ja elegantse disaini, tuues teie magamistuppa harmoonilise aktsendi. Voodi korpus on valmistatud k\u00f5rgl\u00e4ikega pulberv\u00e4rvitud MDF-ist, mis annab sellele vastupidavuse ja luksusliku v\u00e4limuse. Hall polsterdatud peats lisab mugavust ja stiili, luues t\u00e4iusliku kombinatsiooni minimalismist ja elegantsist. Omadused: Materjal: K\u00f5rgl\u00e4ikega pulberv\u00e4rvitud MDF. V\u00e4rv: Tsemendiroheline korpus [&hellip;]<\/p>\n","protected":false},"featured_media":6974,"comment_status":"open","ping_status":"closed","template":"","meta":[],"product_brand":[],"product_cat":[156],"product_tag":[],"class_list":{"0":"post-6973","1":"product","2":"type-product","3":"status-publish","4":"has-post-thumbnail","6":"product_cat-voodid","7":"product_shipping_class-livin-hill","8":"pa_kollektsioon-rose-hill","9":"pa_materjal-korglaikega-mdf","10":"pa_varv-roheline","12":"first","13":"instock","14":"sale","15":"taxable","16":"shipping-taxable","17":"purchasable","18":"product-type-simple"},"_links":{"self":[{"href":"https:\/\/blankpage.ee\/_ruumist-ruumi\/wp-json\/wp\/v2\/product\/6973","targetHints":{"allow":["GET"]}}],"collection":[{"href":"https:\/\/blankpage.ee\/_ruumist-ruumi\/wp-json\/wp\/v2\/product"}],"about":[{"href":"https:\/\/blankpage.ee\/_ruumist-ruumi\/wp-json\/wp\/v2\/types\/product"}],"replies":[{"embeddable":true,"href":"https:\/\/blankpage.ee\/_ruumist-ruumi\/wp-json\/wp\/v2\/comments?post=6973"}],"wp:featuredmedia":[{"embeddable":true,"href":"https:\/\/blankpage.ee\/_ruumist-ruumi\/wp-json\/wp\/v2\/media\/6974"}],"wp:attachment":[{"href":"https:\/\/blankpage.ee\/_ruumist-ruumi\/wp-json\/wp\/v2\/media?parent=6973"}],"wp:term":[{"taxonomy":"product_brand","embeddable":true,"href":"https:\/\/blankpage.ee\/_ruumist-ruumi\/wp-json\/wp\/v2\/product_brand?post=6973"},{"taxonomy":"product_cat","embeddable":true,"href":"https:\/\/blankpage.ee\/_ruumist-ruumi\/wp-json\/wp\/v2\/product_cat?post=6973"},{"taxonomy":"product_tag","embeddable":true,"href":"https:\/\/blankpage.ee\/_ruumist-ruumi\/wp-json\/wp\/v2\/product_tag?post=6973"}],"curies":[{"name":"wp","href":"https:\/\/api.w.org\/{rel}","templated":true}]}}