{"id":6985,"date":"2024-11-01T12:26:45","date_gmt":"2024-11-01T12:26:45","guid":{"rendered":"https:\/\/ruumistruumi.ee\/pood\/cementroheline-seinapeegel-rose-hill-rh11-korglaikega-mdf-st\/"},"modified":"2025-04-10T11:57:53","modified_gmt":"2025-04-10T11:57:53","slug":"roheline-seinapeegel-rose-hill-rh11-korglaikega-mdf","status":"publish","type":"product","link":"https:\/\/blankpage.ee\/_ruumist-ruumi\/pood\/roheline-seinapeegel-rose-hill-rh11-korglaikega-mdf\/","title":{"rendered":"Roheline seinapeegel Rose Hill RH11, k\u00f5rgl\u00e4ikega MDF"},"content":{"rendered":"<p>Rose Hill RH11 seinapeegel elutuppa. See modernne klassikaline seinapeegel toob teie elutuppa elegantsi ja harmooniat. Tsemendiroheline raam, mis on valmistatud k\u00f5rgl\u00e4ikega MDF-plaadist, lisab ruumile kaasaegset stiili ja rafineeritust. Minimalistlik vorm ja peen viimistlus loovad t\u00e4iusliku tasakaalu, muutes selle peegli pilkup\u00fc\u00fcdvaks detailiks igas interj\u00f6\u00f6ris.<\/p>\n<p>Omadused:<br \/>\n<strong>Materjal:<\/strong> K\u00f5rgl\u00e4ikega pulberv\u00e4rvitud MDF.<br \/>\n<strong>V\u00e4rv:<\/strong> Tsemendiroheline, k\u00f5rgl\u00e4ige.<br \/>\n<strong>M\u00f5\u00f5tmed:<\/strong> Laius 110 cm, s\u00fcgavus 2,5 cm, k\u00f5rgus 75 cm.<br \/>\n<strong>T\u00e4iendavad detailid:<\/strong> Kokkupandud, ei vaja paigaldust. S\u00e4\u00e4stab aega ja vaeva.<\/p>\n<p>&nbsp;<\/p>\n","protected":false},"excerpt":{"rendered":"<p>Rose Hill RH11 seinapeegel elutuppa. See modernne klassikaline seinapeegel toob teie elutuppa elegantsi ja harmooniat. Tsemendiroheline raam, mis on valmistatud k\u00f5rgl\u00e4ikega MDF-plaadist, lisab ruumile kaasaegset stiili ja rafineeritust. Minimalistlik vorm ja peen viimistlus loovad t\u00e4iusliku tasakaalu, muutes selle peegli pilkup\u00fc\u00fcdvaks detailiks igas interj\u00f6\u00f6ris. Omadused: Materjal: K\u00f5rgl\u00e4ikega pulberv\u00e4rvitud MDF. V\u00e4rv: Tsemendiroheline, k\u00f5rgl\u00e4ige. M\u00f5\u00f5tmed: Laius 110 cm, [&hellip;]<\/p>\n","protected":false},"featured_media":6986,"comment_status":"open","ping_status":"closed","template":"","meta":[],"product_brand":[],"product_cat":[104],"product_tag":[],"class_list":{"0":"post-6985","1":"product","2":"type-product","3":"status-publish","4":"has-post-thumbnail","6":"product_cat-peeglid","7":"product_shipping_class-livin-hill","8":"pa_kollektsioon-rose-hill","9":"pa_materjal-korglaikega-mdf","10":"pa_varv-roheline","12":"first","13":"instock","14":"sale","15":"taxable","16":"shipping-taxable","17":"purchasable","18":"product-type-simple"},"_links":{"self":[{"href":"https:\/\/blankpage.ee\/_ruumist-ruumi\/wp-json\/wp\/v2\/product\/6985","targetHints":{"allow":["GET"]}}],"collection":[{"href":"https:\/\/blankpage.ee\/_ruumist-ruumi\/wp-json\/wp\/v2\/product"}],"about":[{"href":"https:\/\/blankpage.ee\/_ruumist-ruumi\/wp-json\/wp\/v2\/types\/product"}],"replies":[{"embeddable":true,"href":"https:\/\/blankpage.ee\/_ruumist-ruumi\/wp-json\/wp\/v2\/comments?post=6985"}],"wp:featuredmedia":[{"embeddable":true,"href":"https:\/\/blankpage.ee\/_ruumist-ruumi\/wp-json\/wp\/v2\/media\/6986"}],"wp:attachment":[{"href":"https:\/\/blankpage.ee\/_ruumist-ruumi\/wp-json\/wp\/v2\/media?parent=6985"}],"wp:term":[{"taxonomy":"product_brand","embeddable":true,"href":"https:\/\/blankpage.ee\/_ruumist-ruumi\/wp-json\/wp\/v2\/product_brand?post=6985"},{"taxonomy":"product_cat","embeddable":true,"href":"https:\/\/blankpage.ee\/_ruumist-ruumi\/wp-json\/wp\/v2\/product_cat?post=6985"},{"taxonomy":"product_tag","embeddable":true,"href":"https:\/\/blankpage.ee\/_ruumist-ruumi\/wp-json\/wp\/v2\/product_tag?post=6985"}],"curies":[{"name":"wp","href":"https:\/\/api.w.org\/{rel}","templated":true}]}}