{"id":6996,"date":"2024-11-01T12:27:42","date_gmt":"2024-11-01T12:27:42","guid":{"rendered":"https:\/\/ruumistruumi.ee\/pood\/cementroheline-vitriinkapp-rose-hill-rh03-korglaikega-mdf\/"},"modified":"2025-04-10T11:57:54","modified_gmt":"2025-04-10T11:57:54","slug":"roheline-korge-kapp-rose-hill-rh03-korglaikega-mdf","status":"publish","type":"product","link":"https:\/\/blankpage.ee\/_ruumist-ruumi\/pood\/roheline-korge-kapp-rose-hill-rh03-korglaikega-mdf\/","title":{"rendered":"Roheline k\u00f5rge kapp Rose Hill RH03, k\u00f5rgl\u00e4ikega MDF"},"content":{"rendered":"<p>Rose Hill RH03 k\u00f5rge kapp elutuppa. See modernne klassikaline k\u00f5rge kapp toob stiili ja funktsionaalsuse igasse elutuppa. Tsemendiroheline v\u00e4rv koos kontrastsete kuldsete jalgadega, mis on valmistatud roostevabast terasest, loob elegantse ja ajatu v\u00e4limuse. Kapi korpus on valmistatud k\u00f5rgl\u00e4ikega MDF-plaatidest, mille iseloomulikud 3D-esipaneelid ja minimalistlik vorm loovad harmoonilise koosluse.<\/p>\n<p>Rose Hill RH03 k\u00f5rge kapiga saate oma elutuppa lisada nii praktilisust kui ka esteetilist v\u00e4\u00e4rtust. Kapi pehme sulgumise s\u00fcsteem tagab sujuva ja vaikse kasutamise, muutes selle ideaalseks valikuks igap\u00e4evaseks kasutamiseks. Kapi t\u00e4ielik kokkupanek on vajalik, kuid see on lihtne ja s\u00e4\u00e4stab aega ning vaeva.<\/p>\n<p>Omadused:<br \/>\n<strong>Materjal:<\/strong> K\u00f5rgl\u00e4ikega pulberv\u00e4rvitud MDF ja roostevabast terasest jalad.<br \/>\n<strong>V\u00e4rv:<\/strong> Tsemendiroheline k\u00f5rgl\u00e4ige, kuldsed jalad.<br \/>\n<strong>M\u00f5\u00f5tmed:<\/strong> Laius 59,5 cm, s\u00fcgavus 39,5 cm, k\u00f5rgus 117 cm.<br \/>\n<strong>T\u00e4iendavad detailid:<\/strong> Pehme sulgumise s\u00fcsteem.<br \/>\n<strong>Kokkupanek:<\/strong> Kokkupandud, ei vaja paigaldust. S\u00e4\u00e4stab aega ja vaeva.<\/p>\n<p>&nbsp;<\/p>\n","protected":false},"excerpt":{"rendered":"<p>Rose Hill RH03 k\u00f5rge kapp elutuppa. See modernne klassikaline k\u00f5rge kapp toob stiili ja funktsionaalsuse igasse elutuppa. Tsemendiroheline v\u00e4rv koos kontrastsete kuldsete jalgadega, mis on valmistatud roostevabast terasest, loob elegantse ja ajatu v\u00e4limuse. Kapi korpus on valmistatud k\u00f5rgl\u00e4ikega MDF-plaatidest, mille iseloomulikud 3D-esipaneelid ja minimalistlik vorm loovad harmoonilise koosluse. Rose Hill RH03 k\u00f5rge kapiga saate oma [&hellip;]<\/p>\n","protected":false},"featured_media":6997,"comment_status":"open","ping_status":"closed","template":"","meta":[],"product_brand":[],"product_cat":[81],"product_tag":[],"class_list":{"0":"post-6996","1":"product","2":"type-product","3":"status-publish","4":"has-post-thumbnail","6":"product_cat-kapid-riiulid-ja-kummutid","7":"product_shipping_class-livin-hill","8":"pa_kollektsioon-rose-hill","9":"pa_materjal-kuldne","10":"pa_sahtlite-arv-98","11":"pa_varv-roheline","13":"first","14":"instock","15":"sale","16":"taxable","17":"shipping-taxable","18":"purchasable","19":"product-type-simple"},"_links":{"self":[{"href":"https:\/\/blankpage.ee\/_ruumist-ruumi\/wp-json\/wp\/v2\/product\/6996","targetHints":{"allow":["GET"]}}],"collection":[{"href":"https:\/\/blankpage.ee\/_ruumist-ruumi\/wp-json\/wp\/v2\/product"}],"about":[{"href":"https:\/\/blankpage.ee\/_ruumist-ruumi\/wp-json\/wp\/v2\/types\/product"}],"replies":[{"embeddable":true,"href":"https:\/\/blankpage.ee\/_ruumist-ruumi\/wp-json\/wp\/v2\/comments?post=6996"}],"wp:featuredmedia":[{"embeddable":true,"href":"https:\/\/blankpage.ee\/_ruumist-ruumi\/wp-json\/wp\/v2\/media\/6997"}],"wp:attachment":[{"href":"https:\/\/blankpage.ee\/_ruumist-ruumi\/wp-json\/wp\/v2\/media?parent=6996"}],"wp:term":[{"taxonomy":"product_brand","embeddable":true,"href":"https:\/\/blankpage.ee\/_ruumist-ruumi\/wp-json\/wp\/v2\/product_brand?post=6996"},{"taxonomy":"product_cat","embeddable":true,"href":"https:\/\/blankpage.ee\/_ruumist-ruumi\/wp-json\/wp\/v2\/product_cat?post=6996"},{"taxonomy":"product_tag","embeddable":true,"href":"https:\/\/blankpage.ee\/_ruumist-ruumi\/wp-json\/wp\/v2\/product_tag?post=6996"}],"curies":[{"name":"wp","href":"https:\/\/api.w.org\/{rel}","templated":true}]}}