{"id":7001,"date":"2024-11-01T12:28:11","date_gmt":"2024-11-01T12:28:11","guid":{"rendered":"https:\/\/ruumistruumi.ee\/pood\/helepruun-kummut-soho-sh01-tamme-vineerist-mdf-st-ja-karastatud-klaasist\/"},"modified":"2025-06-17T08:57:46","modified_gmt":"2025-06-17T08:57:46","slug":"helepruun-kummut-soho-sh01-tammevineer-mdf-karastatud-klaas","status":"publish","type":"product","link":"https:\/\/blankpage.ee\/_ruumist-ruumi\/pood\/helepruun-kummut-soho-sh01-tammevineer-mdf-karastatud-klaas\/","title":{"rendered":"Helepruun kummut Soho SH01, tammevineer, MDF, karastatud klaas"},"content":{"rendered":"<p>Soho SH01 kummut elutuppa. See kaasaegne tammepuidust kummut \u00fchendab lihtsa vormi elegantse aktsendiga, milleks on karastatud klaasist jalad. Ideaalne valik neile, kes otsivad eksklusiivset k\u00f5rge kvaliteediga m\u00f6\u00f6blit. Tootel on kolm funktsionaalset sahtlit, mis on varustatud pehme sulgumise mehhanismiga, pakkudes mugavust ja vaikust.<\/p>\n<p>Kummuti kaks ust ja \u00fcks riiul pakuvad piisavalt hoiuruumi, et hoida teie elutuba korras ja organiseeritud. Soho kollektsiooni kuuluv SH01 kummut on valmistatud tammespoonist, MDF-ist ja karastatud klaasist, mis tagab vastupidavuse ja pikaealisuse. Selle naturaalne tamme toon lisab soojust ja hubasust igasse interj\u00f6\u00f6ri.<\/p>\n<p>Omadused:<br \/>\n<strong>Materjal:<\/strong> Tammespoon, MDF, karastatud klaas.<br \/>\n<strong>V\u00e4rv:<\/strong> Tamm.<br \/>\n<strong>M\u00f5\u00f5tmed:<\/strong> Laius 188 cm, s\u00fcgavus 45 cm, k\u00f5rgus 75 cm.<br \/>\n<strong>T\u00e4iendavad detailid:<\/strong> Pehme sulgumine, 2 ust, 1 riiul.<br \/>\n<strong>Kokkupanek:<\/strong> T\u00e4ielik kokkupanek vajalik.<\/p>\n<p>&nbsp;<\/p>\n","protected":false},"excerpt":{"rendered":"<p>Soho SH01 kummut elutuppa. See kaasaegne tammepuidust kummut \u00fchendab lihtsa vormi elegantse aktsendiga, milleks on karastatud klaasist jalad. Ideaalne valik neile, kes otsivad eksklusiivset k\u00f5rge kvaliteediga m\u00f6\u00f6blit. Tootel on kolm funktsionaalset sahtlit, mis on varustatud pehme sulgumise mehhanismiga, pakkudes mugavust ja vaikust. Kummuti kaks ust ja \u00fcks riiul pakuvad piisavalt hoiuruumi, et hoida teie elutuba [&hellip;]<\/p>\n","protected":false},"featured_media":7002,"comment_status":"open","ping_status":"closed","template":"","meta":[],"product_brand":[],"product_cat":[81],"product_tag":[],"class_list":{"0":"post-7001","1":"product","2":"type-product","3":"status-publish","4":"has-post-thumbnail","6":"product_cat-kapid-riiulid-ja-kummutid","7":"product_shipping_class-livin-hill","8":"pa_kollektsioon-soho","9":"pa_materjal-puit","10":"pa_riiulite-arv-99","11":"pa_sahtlite-arv-95","12":"pa_uste-arv-94","13":"pa_varv-pruun","15":"first","16":"instock","17":"sale","18":"taxable","19":"shipping-taxable","20":"purchasable","21":"product-type-simple"},"_links":{"self":[{"href":"https:\/\/blankpage.ee\/_ruumist-ruumi\/wp-json\/wp\/v2\/product\/7001","targetHints":{"allow":["GET"]}}],"collection":[{"href":"https:\/\/blankpage.ee\/_ruumist-ruumi\/wp-json\/wp\/v2\/product"}],"about":[{"href":"https:\/\/blankpage.ee\/_ruumist-ruumi\/wp-json\/wp\/v2\/types\/product"}],"replies":[{"embeddable":true,"href":"https:\/\/blankpage.ee\/_ruumist-ruumi\/wp-json\/wp\/v2\/comments?post=7001"}],"wp:featuredmedia":[{"embeddable":true,"href":"https:\/\/blankpage.ee\/_ruumist-ruumi\/wp-json\/wp\/v2\/media\/7002"}],"wp:attachment":[{"href":"https:\/\/blankpage.ee\/_ruumist-ruumi\/wp-json\/wp\/v2\/media?parent=7001"}],"wp:term":[{"taxonomy":"product_brand","embeddable":true,"href":"https:\/\/blankpage.ee\/_ruumist-ruumi\/wp-json\/wp\/v2\/product_brand?post=7001"},{"taxonomy":"product_cat","embeddable":true,"href":"https:\/\/blankpage.ee\/_ruumist-ruumi\/wp-json\/wp\/v2\/product_cat?post=7001"},{"taxonomy":"product_tag","embeddable":true,"href":"https:\/\/blankpage.ee\/_ruumist-ruumi\/wp-json\/wp\/v2\/product_tag?post=7001"}],"curies":[{"name":"wp","href":"https:\/\/api.w.org\/{rel}","templated":true}]}}