{"id":7005,"date":"2024-11-01T12:28:45","date_gmt":"2024-11-01T12:28:45","guid":{"rendered":"https:\/\/ruumistruumi.ee\/pood\/valge-korglaikega-kummut-soho-sh02-korglaikega-pulberkattega-mdf-karastatud-klaasjalad\/"},"modified":"2025-04-10T11:57:54","modified_gmt":"2025-04-10T11:57:54","slug":"valge-korglaikega-kummut-soho-sh02-pulbervarvitud-mdf","status":"publish","type":"product","link":"https:\/\/blankpage.ee\/_ruumist-ruumi\/pood\/valge-korglaikega-kummut-soho-sh02-pulbervarvitud-mdf\/","title":{"rendered":"Valge k\u00f5rgl\u00e4ikega kummut Soho SH02, pulberv\u00e4rvitud MDF"},"content":{"rendered":"<p>Soho SH02 kummut elutuppa. See modernne valge kummut k\u00f5rgl\u00e4ikega viimistlusega \u00fchendab lihtsa vormi elegantse aktsendiga, milleks on karastatud klaasist jalad n\u00e4htava kroomitud \u00fchendusega. Ideaalne valik neile, kes otsivad eksklusiivset ja k\u00f5rgetasemelist m\u00f6\u00f6blit.<\/p>\n<p>Soho SH02 kummut on loodud pakkuma t\u00e4iuslikku tasakaalu stiili ja funktsionaalsuse vahel. Selle k\u00f5rgl\u00e4ikega MDF-viimistlus annab ruumile kaasaegse ja puhta ilme, samas kui karastatud klaasist jalad lisavad \u00f5hulisust ja kergust. Kummuti \u00fche riiuli pehme sulgumise mehhanism tagab vaikse ja sujuva kasutuse, muutes selle praktiliseks valikuks igap\u00e4evaseks eluks.<\/p>\n<p>Omadused:<br \/>\n<strong>Materjal:<\/strong> K\u00f5rgl\u00e4ikega pulberv\u00e4rvitud MDF, karastatud klaasist jalad.<br \/>\n<strong>V\u00e4rv:<\/strong> Valge k\u00f5rgl\u00e4ige.<br \/>\n<strong>M\u00f5\u00f5tmed:<\/strong> Laius 184 cm, s\u00fcgavus 45 cm, k\u00f5rgus 80 cm.<br \/>\n<strong>T\u00e4iendavad detailid:<\/strong> Pehme sulgumise mehhanism riiulitel.<br \/>\n<strong>Kokkupanek:<\/strong> T\u00e4ielikult kokkupandud, ei vaja paigaldust. S\u00e4\u00e4stab aega ja vaeva.<\/p>\n<p>&nbsp;<\/p>\n","protected":false},"excerpt":{"rendered":"<p>Soho SH02 kummut elutuppa. See modernne valge kummut k\u00f5rgl\u00e4ikega viimistlusega \u00fchendab lihtsa vormi elegantse aktsendiga, milleks on karastatud klaasist jalad n\u00e4htava kroomitud \u00fchendusega. Ideaalne valik neile, kes otsivad eksklusiivset ja k\u00f5rgetasemelist m\u00f6\u00f6blit. Soho SH02 kummut on loodud pakkuma t\u00e4iuslikku tasakaalu stiili ja funktsionaalsuse vahel. Selle k\u00f5rgl\u00e4ikega MDF-viimistlus annab ruumile kaasaegse ja puhta ilme, samas kui [&hellip;]<\/p>\n","protected":false},"featured_media":7006,"comment_status":"open","ping_status":"closed","template":"","meta":[],"product_brand":[],"product_cat":[81],"product_tag":[],"class_list":{"0":"post-7005","1":"product","2":"type-product","3":"status-publish","4":"has-post-thumbnail","6":"product_cat-kapid-riiulid-ja-kummutid","7":"product_shipping_class-livin-hill","8":"pa_kollektsioon-soho","9":"pa_materjal-klaas","10":"pa_riiulite-arv-99","11":"pa_sahtlite-arv-98","12":"pa_varv-valge","14":"first","15":"instock","16":"sale","17":"taxable","18":"shipping-taxable","19":"purchasable","20":"product-type-simple"},"_links":{"self":[{"href":"https:\/\/blankpage.ee\/_ruumist-ruumi\/wp-json\/wp\/v2\/product\/7005","targetHints":{"allow":["GET"]}}],"collection":[{"href":"https:\/\/blankpage.ee\/_ruumist-ruumi\/wp-json\/wp\/v2\/product"}],"about":[{"href":"https:\/\/blankpage.ee\/_ruumist-ruumi\/wp-json\/wp\/v2\/types\/product"}],"replies":[{"embeddable":true,"href":"https:\/\/blankpage.ee\/_ruumist-ruumi\/wp-json\/wp\/v2\/comments?post=7005"}],"wp:featuredmedia":[{"embeddable":true,"href":"https:\/\/blankpage.ee\/_ruumist-ruumi\/wp-json\/wp\/v2\/media\/7006"}],"wp:attachment":[{"href":"https:\/\/blankpage.ee\/_ruumist-ruumi\/wp-json\/wp\/v2\/media?parent=7005"}],"wp:term":[{"taxonomy":"product_brand","embeddable":true,"href":"https:\/\/blankpage.ee\/_ruumist-ruumi\/wp-json\/wp\/v2\/product_brand?post=7005"},{"taxonomy":"product_cat","embeddable":true,"href":"https:\/\/blankpage.ee\/_ruumist-ruumi\/wp-json\/wp\/v2\/product_cat?post=7005"},{"taxonomy":"product_tag","embeddable":true,"href":"https:\/\/blankpage.ee\/_ruumist-ruumi\/wp-json\/wp\/v2\/product_tag?post=7005"}],"curies":[{"name":"wp","href":"https:\/\/api.w.org\/{rel}","templated":true}]}}