{"id":7024,"date":"2024-11-01T12:30:17","date_gmt":"2024-11-01T12:30:17","guid":{"rendered":"https:\/\/ruumistruumi.ee\/pood\/pahklipuu-kummut-soho-sh04-looduslik-pahklivineer\/"},"modified":"2025-04-10T11:57:54","modified_gmt":"2025-04-10T11:57:54","slug":"pahklitooni-soho-sh04-kummut-looduslik-pahklipuu-vineer-mdf-karastatud-klaasjalad","status":"publish","type":"product","link":"https:\/\/blankpage.ee\/_ruumist-ruumi\/pood\/pahklitooni-soho-sh04-kummut-looduslik-pahklipuu-vineer-mdf-karastatud-klaasjalad\/","title":{"rendered":"P\u00e4hklitooni Soho SH04 kummut, looduslik p\u00e4hklipuu vineer, MDF, karastatud klaasjalad"},"content":{"rendered":"<p>Soho SH04 kummut elutuppa. See kaasaegne p\u00e4hklist kummut \u00fchendab lihtsa vormi elegantse aktsendiga, milleks on karastatud klaasist jalad n\u00e4htava kroom\u00fchendusega. See on ideaalne valik neile, kes otsivad eksklusiivset ja k\u00f5rge kvaliteediga m\u00f6\u00f6blit.<\/p>\n<p>Soho SH04 kummut pakub praktilist ja stiilset lahendust elutuppa. Naturaalse p\u00e4hklivineeriga viimistletud pind loob sooja ja kutsuva atmosf\u00e4\u00e4ri, samas kui karastatud klaasist jalad lisavad modernset ja \u00f5hulist tunnet. Kummuti \u00fcks riiul pakub piisavalt hoiuruumi, et hoida k\u00f5ik vajalik k\u00e4ep\u00e4rast ja korras. Pehme sulgumise mehhanism tagab sujuva ja vaikse kasutamise, mis lisab igap\u00e4evasele mugavusele.<\/p>\n<p>Omadused:<br \/>\n<strong>Materjal:<\/strong> Naturaalne p\u00e4hklivineer, MDF, karastatud klaasist jalad.<br \/>\n<strong>V\u00e4rv:<\/strong> P\u00e4hkel, karastatud klaasist jalad.<br \/>\n<strong>M\u00f5\u00f5tmed:<\/strong> Laius 184 cm, s\u00fcgavus 45 cm, k\u00f5rgus 80 cm.<br \/>\n<strong>T\u00e4iendavad detailid:<\/strong> \u00dcks riiul, pehme sulgumine.<br \/>\n<strong>Kokkupanek:<\/strong> Kokkupandud, ei vaja paigaldust. S\u00e4\u00e4stab aega ja vaeva.<\/p>\n<p>&nbsp;<\/p>\n","protected":false},"excerpt":{"rendered":"<p>Soho SH04 kummut elutuppa. See kaasaegne p\u00e4hklist kummut \u00fchendab lihtsa vormi elegantse aktsendiga, milleks on karastatud klaasist jalad n\u00e4htava kroom\u00fchendusega. See on ideaalne valik neile, kes otsivad eksklusiivset ja k\u00f5rge kvaliteediga m\u00f6\u00f6blit. Soho SH04 kummut pakub praktilist ja stiilset lahendust elutuppa. Naturaalse p\u00e4hklivineeriga viimistletud pind loob sooja ja kutsuva atmosf\u00e4\u00e4ri, samas kui karastatud klaasist jalad [&hellip;]<\/p>\n","protected":false},"featured_media":7025,"comment_status":"open","ping_status":"closed","template":"","meta":[],"product_brand":[],"product_cat":[81],"product_tag":[],"class_list":{"0":"post-7024","1":"product","2":"type-product","3":"status-publish","4":"has-post-thumbnail","6":"product_cat-kapid-riiulid-ja-kummutid","7":"product_shipping_class-livin-hill","8":"pa_kollektsioon-soho","9":"pa_materjal-pahklipuit","10":"pa_riiulite-arv-99","11":"pa_sahtlite-arv-98","12":"pa_varv-tumepruun","14":"first","15":"instock","16":"sale","17":"taxable","18":"shipping-taxable","19":"purchasable","20":"product-type-simple"},"_links":{"self":[{"href":"https:\/\/blankpage.ee\/_ruumist-ruumi\/wp-json\/wp\/v2\/product\/7024","targetHints":{"allow":["GET"]}}],"collection":[{"href":"https:\/\/blankpage.ee\/_ruumist-ruumi\/wp-json\/wp\/v2\/product"}],"about":[{"href":"https:\/\/blankpage.ee\/_ruumist-ruumi\/wp-json\/wp\/v2\/types\/product"}],"replies":[{"embeddable":true,"href":"https:\/\/blankpage.ee\/_ruumist-ruumi\/wp-json\/wp\/v2\/comments?post=7024"}],"wp:featuredmedia":[{"embeddable":true,"href":"https:\/\/blankpage.ee\/_ruumist-ruumi\/wp-json\/wp\/v2\/media\/7025"}],"wp:attachment":[{"href":"https:\/\/blankpage.ee\/_ruumist-ruumi\/wp-json\/wp\/v2\/media?parent=7024"}],"wp:term":[{"taxonomy":"product_brand","embeddable":true,"href":"https:\/\/blankpage.ee\/_ruumist-ruumi\/wp-json\/wp\/v2\/product_brand?post=7024"},{"taxonomy":"product_cat","embeddable":true,"href":"https:\/\/blankpage.ee\/_ruumist-ruumi\/wp-json\/wp\/v2\/product_cat?post=7024"},{"taxonomy":"product_tag","embeddable":true,"href":"https:\/\/blankpage.ee\/_ruumist-ruumi\/wp-json\/wp\/v2\/product_tag?post=7024"}],"curies":[{"name":"wp","href":"https:\/\/api.w.org\/{rel}","templated":true}]}}