{"id":7028,"date":"2024-11-01T12:30:49","date_gmt":"2024-11-01T12:30:49","guid":{"rendered":"https:\/\/ruumistruumi.ee\/pood\/valge-korglaikega-korge-kummut-soho-sh06-korglaikega-pulberkattega-mdf-ja-karastatud-klaasist-jalad\/"},"modified":"2025-04-10T11:57:55","modified_gmt":"2025-04-10T11:57:55","slug":"valge-korglaikega-korge-kapp-soho-sh06-pulbervarvitud-mdf","status":"publish","type":"product","link":"https:\/\/blankpage.ee\/_ruumist-ruumi\/pood\/valge-korglaikega-korge-kapp-soho-sh06-pulbervarvitud-mdf\/","title":{"rendered":"Valge k\u00f5rgl\u00e4ikega k\u00f5rge kapp Soho SH06, pulberv\u00e4rvitud, MDF"},"content":{"rendered":"<p>Soho SH06 k\u00f5rge kapp elutuppa. See modernne valge k\u00f5rge kapp, millel on k\u00f5rgl\u00e4ikega viimistlus, \u00fchendab lihtsa vormi elegantse aktsendiga karastatud klaasist jalgade n\u00e4ol, millel on n\u00e4htav kroomitud \u00fchendus. T\u00e4iuslik valik neile, kes otsivad eksklusiivset ja k\u00f5rgetasemelist m\u00f6\u00f6blit.<\/p>\n<p>Soho SH06 k\u00f5rge kapp on loodud pakkuma nii funktsionaalsust kui ka esteetilist naudingut. Selle puhas valge k\u00f5rgl\u00e4ikega viimistlus lisab igasse elutuppa kaasaegsust ja avarust. Karastatud klaasist jalad koos kroomitud \u00fchendustega annavad m\u00f6\u00f6bliesemele \u00f5hulise ja kerge v\u00e4limuse, mis sobib ideaalselt minimalistlikku v\u00f5i modernsesse interj\u00f6\u00f6ri. Pehme sulgumise mehhanism tagab, et kapid avanevad ja sulguvad sujuvalt ja vaikselt, pakkudes t\u00e4iendavat mugavust igap\u00e4evases kasutuses.<\/p>\n<p>Omadused:<br \/>\n<strong>Materjal:<\/strong> K\u00f5rgl\u00e4ikega pulberv\u00e4rvitud MDF ja karastatud klaasist jalad.<br \/>\n<strong>V\u00e4rv:<\/strong> Valge k\u00f5rgl\u00e4ige.<br \/>\n<strong>M\u00f5\u00f5tmed:<\/strong> Laius 59 cm, s\u00fcgavus 45 cm, k\u00f5rgus 117 cm.<br \/>\n<strong>T\u00e4iendavad detailid:<\/strong> Pehme sulgumine.<br \/>\n<strong>Kokkupanek:<\/strong> Kokkupandud, ei vaja paigaldust. S\u00e4\u00e4stab aega ja vaeva.<\/p>\n<p>&nbsp;<\/p>\n","protected":false},"excerpt":{"rendered":"<p>Soho SH06 k\u00f5rge kapp elutuppa. See modernne valge k\u00f5rge kapp, millel on k\u00f5rgl\u00e4ikega viimistlus, \u00fchendab lihtsa vormi elegantse aktsendiga karastatud klaasist jalgade n\u00e4ol, millel on n\u00e4htav kroomitud \u00fchendus. T\u00e4iuslik valik neile, kes otsivad eksklusiivset ja k\u00f5rgetasemelist m\u00f6\u00f6blit. Soho SH06 k\u00f5rge kapp on loodud pakkuma nii funktsionaalsust kui ka esteetilist naudingut. Selle puhas valge k\u00f5rgl\u00e4ikega viimistlus [&hellip;]<\/p>\n","protected":false},"featured_media":7029,"comment_status":"open","ping_status":"closed","template":"","meta":[],"product_brand":[],"product_cat":[81],"product_tag":[],"class_list":{"0":"post-7028","1":"product","2":"type-product","3":"status-publish","4":"has-post-thumbnail","6":"product_cat-kapid-riiulid-ja-kummutid","7":"product_shipping_class-livin-hill","8":"pa_kollektsioon-soho","9":"pa_materjal-klaas","10":"pa_sahtlite-arv-79","11":"pa_varv-valge","13":"first","14":"instock","15":"sale","16":"taxable","17":"shipping-taxable","18":"purchasable","19":"product-type-simple"},"_links":{"self":[{"href":"https:\/\/blankpage.ee\/_ruumist-ruumi\/wp-json\/wp\/v2\/product\/7028","targetHints":{"allow":["GET"]}}],"collection":[{"href":"https:\/\/blankpage.ee\/_ruumist-ruumi\/wp-json\/wp\/v2\/product"}],"about":[{"href":"https:\/\/blankpage.ee\/_ruumist-ruumi\/wp-json\/wp\/v2\/types\/product"}],"replies":[{"embeddable":true,"href":"https:\/\/blankpage.ee\/_ruumist-ruumi\/wp-json\/wp\/v2\/comments?post=7028"}],"wp:featuredmedia":[{"embeddable":true,"href":"https:\/\/blankpage.ee\/_ruumist-ruumi\/wp-json\/wp\/v2\/media\/7029"}],"wp:attachment":[{"href":"https:\/\/blankpage.ee\/_ruumist-ruumi\/wp-json\/wp\/v2\/media?parent=7028"}],"wp:term":[{"taxonomy":"product_brand","embeddable":true,"href":"https:\/\/blankpage.ee\/_ruumist-ruumi\/wp-json\/wp\/v2\/product_brand?post=7028"},{"taxonomy":"product_cat","embeddable":true,"href":"https:\/\/blankpage.ee\/_ruumist-ruumi\/wp-json\/wp\/v2\/product_cat?post=7028"},{"taxonomy":"product_tag","embeddable":true,"href":"https:\/\/blankpage.ee\/_ruumist-ruumi\/wp-json\/wp\/v2\/product_tag?post=7028"}],"curies":[{"name":"wp","href":"https:\/\/api.w.org\/{rel}","templated":true}]}}