{"id":7032,"date":"2024-11-01T12:31:19","date_gmt":"2024-11-01T12:31:19","guid":{"rendered":"https:\/\/ruumistruumi.ee\/pood\/valge-tv-alus-soho-sh08-korglaikega-mdf-ja-karastatud-klaasist-jalad\/"},"modified":"2025-04-10T11:57:55","modified_gmt":"2025-04-10T11:57:55","slug":"valge-korglaikega-tv-alus-soho-sh08-pulbervarvitud-mdf","status":"publish","type":"product","link":"https:\/\/blankpage.ee\/_ruumist-ruumi\/pood\/valge-korglaikega-tv-alus-soho-sh08-pulbervarvitud-mdf\/","title":{"rendered":"Valge k\u00f5rgl\u00e4ikega TV-alus Soho SH08, pulberv\u00e4rvitud MDF"},"content":{"rendered":"<p>Soho SH08 TV-alus elutuppa. See kaasaegne TV-alus \u00fchendab endas lihtsa vormi ja elegantse aktsendi, milleks on karastatud klaasist jalad n\u00e4htava kroomitud \u00fchendusega. See on ideaalne valik neile, kes otsivad eksklusiivset ja k\u00f5rgetasemelist m\u00f6\u00f6blit.<\/p>\n<p>Soho SH08 TV-alus on valmistatud k\u00f5rgl\u00e4ikega pulberv\u00e4rvitud MDF-ist, mis annab sellele luksusliku ja kaasaegse v\u00e4limuse. Valge k\u00f5rgl\u00e4ikega viimistlus lisab ruumile avarust ja valgusk\u00fcllasust, samas kui karastatud klaasist jalad pakuvad stabiilsust ja visuaalset kergust. \u00dcks riiul v\u00f5imaldab mugavalt paigutada elektroonikaseadmeid ja meediatarvikuid.<\/p>\n<p>Omadused:<br \/>\n<strong>Materjal:<\/strong> K\u00f5rgl\u00e4ikega pulberv\u00e4rvitud MDF, karastatud klaasist jalad.<br \/>\n<strong>V\u00e4rv:<\/strong> Valge k\u00f5rgl\u00e4ige.<br \/>\n<strong>M\u00f5\u00f5tmed:<\/strong> Laius 184 cm, s\u00fcgavus 46 cm, k\u00f5rgus 51 cm.<br \/>\n<strong>T\u00e4iendavad detailid:<\/strong> N\u00e4htav kroomitud \u00fchendus ja \u00fcks riiul.<br \/>\n<strong>Kokkupanek:<\/strong> T\u00e4ielik kokkupanek.<\/p>\n<p>&nbsp;<\/p>\n","protected":false},"excerpt":{"rendered":"<p>Soho SH08 TV-alus elutuppa. See kaasaegne TV-alus \u00fchendab endas lihtsa vormi ja elegantse aktsendi, milleks on karastatud klaasist jalad n\u00e4htava kroomitud \u00fchendusega. See on ideaalne valik neile, kes otsivad eksklusiivset ja k\u00f5rgetasemelist m\u00f6\u00f6blit. Soho SH08 TV-alus on valmistatud k\u00f5rgl\u00e4ikega pulberv\u00e4rvitud MDF-ist, mis annab sellele luksusliku ja kaasaegse v\u00e4limuse. Valge k\u00f5rgl\u00e4ikega viimistlus lisab ruumile avarust ja [&hellip;]<\/p>\n","protected":false},"featured_media":7033,"comment_status":"open","ping_status":"closed","template":"","meta":[],"product_brand":[],"product_cat":[85],"product_tag":[],"class_list":{"0":"post-7032","1":"product","2":"type-product","3":"status-publish","4":"has-post-thumbnail","6":"product_cat-tv-alused","7":"product_shipping_class-livin-hill","8":"pa_kollektsioon-soho","9":"pa_materjal-klaas","10":"pa_riiulite-arv-99","11":"pa_varv-valge","13":"first","14":"instock","15":"sale","16":"taxable","17":"shipping-taxable","18":"purchasable","19":"product-type-simple"},"_links":{"self":[{"href":"https:\/\/blankpage.ee\/_ruumist-ruumi\/wp-json\/wp\/v2\/product\/7032","targetHints":{"allow":["GET"]}}],"collection":[{"href":"https:\/\/blankpage.ee\/_ruumist-ruumi\/wp-json\/wp\/v2\/product"}],"about":[{"href":"https:\/\/blankpage.ee\/_ruumist-ruumi\/wp-json\/wp\/v2\/types\/product"}],"replies":[{"embeddable":true,"href":"https:\/\/blankpage.ee\/_ruumist-ruumi\/wp-json\/wp\/v2\/comments?post=7032"}],"wp:featuredmedia":[{"embeddable":true,"href":"https:\/\/blankpage.ee\/_ruumist-ruumi\/wp-json\/wp\/v2\/media\/7033"}],"wp:attachment":[{"href":"https:\/\/blankpage.ee\/_ruumist-ruumi\/wp-json\/wp\/v2\/media?parent=7032"}],"wp:term":[{"taxonomy":"product_brand","embeddable":true,"href":"https:\/\/blankpage.ee\/_ruumist-ruumi\/wp-json\/wp\/v2\/product_brand?post=7032"},{"taxonomy":"product_cat","embeddable":true,"href":"https:\/\/blankpage.ee\/_ruumist-ruumi\/wp-json\/wp\/v2\/product_cat?post=7032"},{"taxonomy":"product_tag","embeddable":true,"href":"https:\/\/blankpage.ee\/_ruumist-ruumi\/wp-json\/wp\/v2\/product_tag?post=7032"}],"curies":[{"name":"wp","href":"https:\/\/api.w.org\/{rel}","templated":true}]}}