{"id":7038,"date":"2024-11-02T12:31:48","date_gmt":"2024-11-02T12:31:48","guid":{"rendered":"https:\/\/ruumistruumi.ee\/pood\/pahklipruun-konsoollaud-soho-sh10-looduslik-pahklivineer-mdf-karastatud-klaasist-jalad\/"},"modified":"2025-06-17T08:57:47","modified_gmt":"2025-06-17T08:57:47","slug":"pahklitooni-kulglaud-soho-sh10-looduslik-pahklivineer-mdf-karastatud-klaasjalgadega","status":"publish","type":"product","link":"https:\/\/blankpage.ee\/_ruumist-ruumi\/pood\/pahklitooni-kulglaud-soho-sh10-looduslik-pahklivineer-mdf-karastatud-klaasjalgadega\/","title":{"rendered":"P\u00e4hklitooni k\u00fclglaud Soho SH10, looduslik p\u00e4hklivineer, MDF, karastatud klaasjalgadega"},"content":{"rendered":"<p>Soho SH10 abilaua elutuppa. See kaasaegne p\u00e4hklipuidust abilaud \u00fchendab endas lihtsa vormi ja elegantse aktsendi karastatud klaasist jalgade n\u00e4ol, millel on n\u00e4htav kroomitud \u00fchendus. Ideaalne valik neile, kes hindavad k\u00f5rge standardiga eksklusiivset m\u00f6\u00f6blit.<\/p>\n<p>Omadused:<br \/>\n<strong>Materjal:<\/strong> Naturaalne p\u00e4hklipuu vineer, MDF, karastatud klaasist jalad.<br \/>\n<strong>V\u00e4rv:<\/strong> P\u00e4hkel, karastatud klaasist jalad.<br \/>\n<strong>M\u00f5\u00f5tmed:<\/strong> Laius 63,5 cm, s\u00fcgavus 59 cm, k\u00f5rgus 41 cm.<br \/>\n<strong>T\u00e4iendavad detailid:<\/strong> Pehme sulgumine.<br \/>\n<strong>Kokkupanek:<\/strong> T\u00e4ielik kokkupanek vajalik.<\/p>\n<p>&nbsp;<\/p>\n","protected":false},"excerpt":{"rendered":"<p>Soho SH10 abilaua elutuppa. See kaasaegne p\u00e4hklipuidust abilaud \u00fchendab endas lihtsa vormi ja elegantse aktsendi karastatud klaasist jalgade n\u00e4ol, millel on n\u00e4htav kroomitud \u00fchendus. Ideaalne valik neile, kes hindavad k\u00f5rge standardiga eksklusiivset m\u00f6\u00f6blit. Omadused: Materjal: Naturaalne p\u00e4hklipuu vineer, MDF, karastatud klaasist jalad. V\u00e4rv: P\u00e4hkel, karastatud klaasist jalad. M\u00f5\u00f5tmed: Laius 63,5 cm, s\u00fcgavus 59 cm, k\u00f5rgus [&hellip;]<\/p>\n","protected":false},"featured_media":7039,"comment_status":"open","ping_status":"closed","template":"","meta":[],"product_brand":[],"product_cat":[145],"product_tag":[],"class_list":{"0":"post-7038","1":"product","2":"type-product","3":"status-publish","4":"has-post-thumbnail","6":"product_cat-lisalauad","7":"product_shipping_class-livin-hill","8":"pa_kollektsioon-soho","9":"pa_materjal-pahklipuit","10":"pa_sahtlite-arv-87","11":"pa_varv-pruun","13":"first","14":"instock","15":"sale","16":"taxable","17":"shipping-taxable","18":"purchasable","19":"product-type-simple"},"_links":{"self":[{"href":"https:\/\/blankpage.ee\/_ruumist-ruumi\/wp-json\/wp\/v2\/product\/7038","targetHints":{"allow":["GET"]}}],"collection":[{"href":"https:\/\/blankpage.ee\/_ruumist-ruumi\/wp-json\/wp\/v2\/product"}],"about":[{"href":"https:\/\/blankpage.ee\/_ruumist-ruumi\/wp-json\/wp\/v2\/types\/product"}],"replies":[{"embeddable":true,"href":"https:\/\/blankpage.ee\/_ruumist-ruumi\/wp-json\/wp\/v2\/comments?post=7038"}],"wp:featuredmedia":[{"embeddable":true,"href":"https:\/\/blankpage.ee\/_ruumist-ruumi\/wp-json\/wp\/v2\/media\/7039"}],"wp:attachment":[{"href":"https:\/\/blankpage.ee\/_ruumist-ruumi\/wp-json\/wp\/v2\/media?parent=7038"}],"wp:term":[{"taxonomy":"product_brand","embeddable":true,"href":"https:\/\/blankpage.ee\/_ruumist-ruumi\/wp-json\/wp\/v2\/product_brand?post=7038"},{"taxonomy":"product_cat","embeddable":true,"href":"https:\/\/blankpage.ee\/_ruumist-ruumi\/wp-json\/wp\/v2\/product_cat?post=7038"},{"taxonomy":"product_tag","embeddable":true,"href":"https:\/\/blankpage.ee\/_ruumist-ruumi\/wp-json\/wp\/v2\/product_tag?post=7038"}],"curies":[{"name":"wp","href":"https:\/\/api.w.org\/{rel}","templated":true}]}}