{"id":7055,"date":"2024-11-01T12:32:51","date_gmt":"2024-11-01T12:32:51","guid":{"rendered":"https:\/\/ruumistruumi.ee\/pood\/pahklipuu-kohvilaud-soho-sh11-looduslik-pahklipuu-spoon-mdf-karastatud-klaasijalgadega\/"},"modified":"2025-06-17T08:57:47","modified_gmt":"2025-06-17T08:57:47","slug":"pahklitooni-kohvilaud-soho-sh11-looduslikust-pahklivineerist","status":"publish","type":"product","link":"https:\/\/blankpage.ee\/_ruumist-ruumi\/pood\/pahklitooni-kohvilaud-soho-sh11-looduslikust-pahklivineerist\/","title":{"rendered":"P\u00e4hklitooni kohvilaud Soho SH11, looduslikust p\u00e4hklivineerist"},"content":{"rendered":"<p>Soho SH11 kohvilaud elutuppa. See kaasaegne p\u00e4hklipuust kohvilaud \u00fchendab lihtsa vormi ja elegantse aktsendi karastatud klaasist jalgade n\u00e4ol, millel on n\u00e4htav kroomitud \u00fchendus. Ideaalne valik neile, kes otsivad eksklusiivset ja k\u00f5rgetasemelist m\u00f6\u00f6blit.<\/p>\n<p>Soho SH11 kohvilaud on loodud, et pakkuda teie elutoale stiilset ja funktsionaalset keskpunkti. Selle looduslik p\u00e4hklipuu vineerist pind lisab ruumile soojust ja pehmust, samas kui karastatud klaasist jalad toovad kaasaegset elegantsi ja avarust. Laua peen disain v\u00f5imaldab seda h\u00f5lpsasti sobitada erinevate sisekujundusstiilidega, pakkudes samal ajal praktilist lahendust igap\u00e4evaste esemete hoidmiseks.<\/p>\n<p>Omadused:<br \/>\n<strong>Materjal:<\/strong> Looduslik p\u00e4hklipuu vineer, MDF, karastatud klaasist jalad.<br \/>\n<strong>V\u00e4rv:<\/strong> P\u00e4hklipuu toonis lauaplaat, karastatud klaasist jalad.<br \/>\n<strong>M\u00f5\u00f5tmed:<\/strong> Laius 123 cm, s\u00fcgavus 59 cm, k\u00f5rgus 41 cm.<br \/>\n<strong>T\u00e4iendavad detailid:<\/strong> Pehme sulgemise mehhanism.<br \/>\n<strong>Kokkupanek:<\/strong> T\u00e4ielik kokkupanek vajalik.<\/p>\n<p>&nbsp;<\/p>\n","protected":false},"excerpt":{"rendered":"<p>Soho SH11 kohvilaud elutuppa. See kaasaegne p\u00e4hklipuust kohvilaud \u00fchendab lihtsa vormi ja elegantse aktsendi karastatud klaasist jalgade n\u00e4ol, millel on n\u00e4htav kroomitud \u00fchendus. Ideaalne valik neile, kes otsivad eksklusiivset ja k\u00f5rgetasemelist m\u00f6\u00f6blit. Soho SH11 kohvilaud on loodud, et pakkuda teie elutoale stiilset ja funktsionaalset keskpunkti. Selle looduslik p\u00e4hklipuu vineerist pind lisab ruumile soojust ja pehmust, [&hellip;]<\/p>\n","protected":false},"featured_media":7056,"comment_status":"open","ping_status":"closed","template":"","meta":[],"product_brand":[],"product_cat":[118],"product_tag":[],"class_list":{"0":"post-7055","1":"product","2":"type-product","3":"status-publish","4":"has-post-thumbnail","6":"product_cat-diivanilauad","7":"product_shipping_class-livin-hill","8":"pa_kollektsioon-soho","9":"pa_materjal-pahklipuit","10":"pa_sahtlite-arv-74","11":"pa_varv-tumepruun","13":"first","14":"instock","15":"sale","16":"taxable","17":"shipping-taxable","18":"purchasable","19":"product-type-simple"},"_links":{"self":[{"href":"https:\/\/blankpage.ee\/_ruumist-ruumi\/wp-json\/wp\/v2\/product\/7055","targetHints":{"allow":["GET"]}}],"collection":[{"href":"https:\/\/blankpage.ee\/_ruumist-ruumi\/wp-json\/wp\/v2\/product"}],"about":[{"href":"https:\/\/blankpage.ee\/_ruumist-ruumi\/wp-json\/wp\/v2\/types\/product"}],"replies":[{"embeddable":true,"href":"https:\/\/blankpage.ee\/_ruumist-ruumi\/wp-json\/wp\/v2\/comments?post=7055"}],"wp:featuredmedia":[{"embeddable":true,"href":"https:\/\/blankpage.ee\/_ruumist-ruumi\/wp-json\/wp\/v2\/media\/7056"}],"wp:attachment":[{"href":"https:\/\/blankpage.ee\/_ruumist-ruumi\/wp-json\/wp\/v2\/media?parent=7055"}],"wp:term":[{"taxonomy":"product_brand","embeddable":true,"href":"https:\/\/blankpage.ee\/_ruumist-ruumi\/wp-json\/wp\/v2\/product_brand?post=7055"},{"taxonomy":"product_cat","embeddable":true,"href":"https:\/\/blankpage.ee\/_ruumist-ruumi\/wp-json\/wp\/v2\/product_cat?post=7055"},{"taxonomy":"product_tag","embeddable":true,"href":"https:\/\/blankpage.ee\/_ruumist-ruumi\/wp-json\/wp\/v2\/product_tag?post=7055"}],"curies":[{"name":"wp","href":"https:\/\/api.w.org\/{rel}","templated":true}]}}