{"id":7060,"date":"2024-11-01T12:33:21","date_gmt":"2024-11-01T12:33:21","guid":{"rendered":"https:\/\/ruumistruumi.ee\/pood\/helepruun-kirjutuslaud-soho-sh15-tamme-vineerist-mdf-ist-ja-karastatud-klaasist\/"},"modified":"2025-04-10T11:57:56","modified_gmt":"2025-04-10T11:57:56","slug":"helepruun-kirjutuslaud-soho-sh15-tamme-vineerist-mdf-ist-ja-karastatud-klaasist","status":"publish","type":"product","link":"https:\/\/blankpage.ee\/_ruumist-ruumi\/pood\/helepruun-kirjutuslaud-soho-sh15-tamme-vineerist-mdf-ist-ja-karastatud-klaasist\/","title":{"rendered":"Helepruun kirjutuslaud Soho SH15, tammevineer, MDF, karastatud klaas"},"content":{"rendered":"<p>Soho SH15 kirjutuslaud kodukontorisse. See modernne tammev\u00e4rvi kirjutuslaud \u00fchendab endas lihtsa vormi ja elegantse aktsendi karastatud klaasist jalgade n\u00e4ol, millel on n\u00e4htav kroomitud \u00fchendus. See on ideaalne valik neile, kes otsivad eksklusiivset ja k\u00f5rge kvaliteediga m\u00f6\u00f6blit. Tootel on kaks funktsiooni: v\u00f5imalus liigutada t\u00f6\u00f6pinda vastavalt vajadusele ja pehme sulgemise mehhanism, mis lisab kasutusmugavust.<\/p>\n<p>Omadused:<br \/>\n<strong>Materjal:<\/strong> Tammespoon, MDF, karastatud klaas.<br \/>\n<strong>V\u00e4rv:<\/strong> Tamme toonis, pealispinna ja viimistluse v\u00e4rv.<br \/>\n<strong>M\u00f5\u00f5tmed:<\/strong> Laius: 88+119,5 cm, S\u00fcgavus: 39,5 cm, K\u00f5rgus: 75 cm.<br \/>\n<strong>T\u00e4iendavad detailid:<\/strong> Pealispinna liigutamise v\u00f5imalus; pehme sulgemise mehhanism.<br \/>\n<strong>Kokkupanek:<\/strong> T\u00e4ielikuks kokkupanekuks vajalik.<\/p>\n<p>&nbsp;<\/p>\n","protected":false},"excerpt":{"rendered":"<p>Soho SH15 kirjutuslaud kodukontorisse. See modernne tammev\u00e4rvi kirjutuslaud \u00fchendab endas lihtsa vormi ja elegantse aktsendi karastatud klaasist jalgade n\u00e4ol, millel on n\u00e4htav kroomitud \u00fchendus. See on ideaalne valik neile, kes otsivad eksklusiivset ja k\u00f5rge kvaliteediga m\u00f6\u00f6blit. Tootel on kaks funktsiooni: v\u00f5imalus liigutada t\u00f6\u00f6pinda vastavalt vajadusele ja pehme sulgemise mehhanism, mis lisab kasutusmugavust. Omadused: Materjal: Tammespoon, [&hellip;]<\/p>\n","protected":false},"featured_media":7061,"comment_status":"open","ping_status":"closed","template":"","meta":[],"product_brand":[],"product_cat":[116],"product_tag":[],"class_list":{"0":"post-7060","1":"product","2":"type-product","3":"status-publish","4":"has-post-thumbnail","6":"product_cat-kontorilauad","7":"product_shipping_class-livin-hill","8":"pa_kollektsioon-soho","9":"pa_materjal-puit","10":"pa_sahtlite-arv-74","11":"pa_varv-pruun","13":"first","14":"instock","15":"sale","16":"taxable","17":"shipping-taxable","18":"purchasable","19":"product-type-simple"},"_links":{"self":[{"href":"https:\/\/blankpage.ee\/_ruumist-ruumi\/wp-json\/wp\/v2\/product\/7060","targetHints":{"allow":["GET"]}}],"collection":[{"href":"https:\/\/blankpage.ee\/_ruumist-ruumi\/wp-json\/wp\/v2\/product"}],"about":[{"href":"https:\/\/blankpage.ee\/_ruumist-ruumi\/wp-json\/wp\/v2\/types\/product"}],"replies":[{"embeddable":true,"href":"https:\/\/blankpage.ee\/_ruumist-ruumi\/wp-json\/wp\/v2\/comments?post=7060"}],"wp:featuredmedia":[{"embeddable":true,"href":"https:\/\/blankpage.ee\/_ruumist-ruumi\/wp-json\/wp\/v2\/media\/7061"}],"wp:attachment":[{"href":"https:\/\/blankpage.ee\/_ruumist-ruumi\/wp-json\/wp\/v2\/media?parent=7060"}],"wp:term":[{"taxonomy":"product_brand","embeddable":true,"href":"https:\/\/blankpage.ee\/_ruumist-ruumi\/wp-json\/wp\/v2\/product_brand?post=7060"},{"taxonomy":"product_cat","embeddable":true,"href":"https:\/\/blankpage.ee\/_ruumist-ruumi\/wp-json\/wp\/v2\/product_cat?post=7060"},{"taxonomy":"product_tag","embeddable":true,"href":"https:\/\/blankpage.ee\/_ruumist-ruumi\/wp-json\/wp\/v2\/product_tag?post=7060"}],"curies":[{"name":"wp","href":"https:\/\/api.w.org\/{rel}","templated":true}]}}