{"id":7074,"date":"2024-11-01T12:34:52","date_gmt":"2024-11-01T12:34:52","guid":{"rendered":"https:\/\/ruumistruumi.ee\/pood\/pahklipuu-soogilaud-soho-sh16-looduslik-pahklivineer-mdf-karastatud-klaasist-jalad\/"},"modified":"2025-04-10T11:57:59","modified_gmt":"2025-04-10T11:57:59","slug":"pahklitooni-soogilaud-soho-sh16-looduslik-pahklipuu-vineerist-mdf","status":"publish","type":"product","link":"https:\/\/blankpage.ee\/_ruumist-ruumi\/pood\/pahklitooni-soogilaud-soho-sh16-looduslik-pahklipuu-vineerist-mdf\/","title":{"rendered":"P\u00e4hklitooni s\u00f6\u00f6gilaud Soho SH16, looduslik p\u00e4hklipuu vineerist, MDF"},"content":{"rendered":"<p>Soho SH16 s\u00f6\u00f6gilaud s\u00f6\u00f6gituppa. See modernne p\u00e4hklipuu toonis s\u00f6\u00f6gilaud \u00fchendab endas lihtsa vormi ja elegantse aktsendi karastatud klaasist jalgade n\u00e4ol. Ideaalne valik neile, kes otsivad eksklusiivset ja k\u00f5rgetasemelist m\u00f6\u00f6blit.<\/p>\n<p>Soho kollektsiooni kuuluv laud on valmistatud naturaalsest p\u00e4hklipuu spoonist ja MDF-ist, mida t\u00e4iendavad karastatud klaasist jalad. See kombinatsioon tagab lauale nii vastupidavuse kui ka silmapaistva v\u00e4limuse. Laua laius on 200 cm, s\u00fcgavus 105 cm ja k\u00f5rgus 75 cm, pakkudes piisavalt ruumi mugavaks einestamiseks.<\/p>\n<p>Omadused:<br \/>\n<strong>Materjal:<\/strong> Naturaalne p\u00e4hklipuu spoon, MDF, karastatud klaasist jalad.<br \/>\n<strong>V\u00e4rv:<\/strong> P\u00e4hklipuu toonis lauaplaat ja karastatud klaasist jalad.<br \/>\n<strong>M\u00f5\u00f5tmed:<\/strong> Laius 200 cm, s\u00fcgavus 105 cm, k\u00f5rgus 75 cm.<br \/>\n<strong>T\u00e4iendavad detailid:<\/strong> Elegantne disain ja k\u00f5rge kvaliteet.<br \/>\n<strong>Kokkupanek:<\/strong> Kokkupandud, ei vaja paigaldust. S\u00e4\u00e4stab aega ja vaeva.<\/p>\n<p>&nbsp;<\/p>\n","protected":false},"excerpt":{"rendered":"<p>Soho SH16 s\u00f6\u00f6gilaud s\u00f6\u00f6gituppa. See modernne p\u00e4hklipuu toonis s\u00f6\u00f6gilaud \u00fchendab endas lihtsa vormi ja elegantse aktsendi karastatud klaasist jalgade n\u00e4ol. Ideaalne valik neile, kes otsivad eksklusiivset ja k\u00f5rgetasemelist m\u00f6\u00f6blit. Soho kollektsiooni kuuluv laud on valmistatud naturaalsest p\u00e4hklipuu spoonist ja MDF-ist, mida t\u00e4iendavad karastatud klaasist jalad. See kombinatsioon tagab lauale nii vastupidavuse kui ka silmapaistva v\u00e4limuse. [&hellip;]<\/p>\n","protected":false},"featured_media":7075,"comment_status":"open","ping_status":"closed","template":"","meta":[],"product_brand":[],"product_cat":[93],"product_tag":[],"class_list":{"0":"post-7074","1":"product","2":"type-product","3":"status-publish","4":"has-post-thumbnail","6":"product_cat-soogilauad","7":"product_shipping_class-livin-hill","8":"pa_kollektsioon-soho","9":"pa_materjal-pahklipuit","10":"pa_varv-tumepruun","12":"first","13":"instock","14":"sale","15":"taxable","16":"shipping-taxable","17":"purchasable","18":"product-type-simple"},"_links":{"self":[{"href":"https:\/\/blankpage.ee\/_ruumist-ruumi\/wp-json\/wp\/v2\/product\/7074","targetHints":{"allow":["GET"]}}],"collection":[{"href":"https:\/\/blankpage.ee\/_ruumist-ruumi\/wp-json\/wp\/v2\/product"}],"about":[{"href":"https:\/\/blankpage.ee\/_ruumist-ruumi\/wp-json\/wp\/v2\/types\/product"}],"replies":[{"embeddable":true,"href":"https:\/\/blankpage.ee\/_ruumist-ruumi\/wp-json\/wp\/v2\/comments?post=7074"}],"wp:featuredmedia":[{"embeddable":true,"href":"https:\/\/blankpage.ee\/_ruumist-ruumi\/wp-json\/wp\/v2\/media\/7075"}],"wp:attachment":[{"href":"https:\/\/blankpage.ee\/_ruumist-ruumi\/wp-json\/wp\/v2\/media?parent=7074"}],"wp:term":[{"taxonomy":"product_brand","embeddable":true,"href":"https:\/\/blankpage.ee\/_ruumist-ruumi\/wp-json\/wp\/v2\/product_brand?post=7074"},{"taxonomy":"product_cat","embeddable":true,"href":"https:\/\/blankpage.ee\/_ruumist-ruumi\/wp-json\/wp\/v2\/product_cat?post=7074"},{"taxonomy":"product_tag","embeddable":true,"href":"https:\/\/blankpage.ee\/_ruumist-ruumi\/wp-json\/wp\/v2\/product_tag?post=7074"}],"curies":[{"name":"wp","href":"https:\/\/api.w.org\/{rel}","templated":true}]}}