{"id":7079,"date":"2024-11-01T12:35:19","date_gmt":"2024-11-01T12:35:19","guid":{"rendered":"https:\/\/ruumistruumi.ee\/pood\/helebeez-vitriinkapp-venezia-bianco-veb803k-kasepuust\/"},"modified":"2025-07-15T18:42:10","modified_gmt":"2025-07-15T18:42:10","slug":"helebeez-kummut-venezia-bianco-veb803k-kasepuidust","status":"publish","type":"product","link":"https:\/\/blankpage.ee\/_ruumist-ruumi\/pood\/helebeez-kummut-venezia-bianco-veb803k-kasepuidust\/","title":{"rendered":"Helebee\u017e kummut Venezia Bianco VEB803K, kasepuidust"},"content":{"rendered":"<p>Venezia Bianco VEB803K kapp elutuppa. See elegantne t\u00e4ispuidust kapp, millel on kaunilt kaardus ja freesitud jalad, toob teie elutuppa Provence&#8217;i stiili v\u00f5lu. Kapi korpus on poolmatt helebee\u017e, mis loob rahuliku ja kutsuva atmosf\u00e4\u00e4ri. Kapi pealispinnal ja korpusel on iseloomulikud koore\u00fcraskimustrid ning dekoratiivsed needid, mis lisavad sellele ainulaadset iseloomu. Dekoratiivsed metallist k\u00e4epidemed annavad kapile viimistletud ilme.<\/p>\n<p>Kapp pakub praktilist hoiuruumi kahe ukse ja kahe riiuliga, mis v\u00f5imaldavad teil oma asju organiseeritult hoida. Kapi uksed ja sahtlid on t\u00e4pselt viimistletud, pakkudes piisavalt ruumi erinevate esemete hoidmiseks. T\u00e4nu kokkupandud konstruktsioonile ei vaja kapp paigaldust, s\u00e4\u00e4stes teie aega ja vaeva.<\/p>\n<p>Omadused:<br \/>\n<strong>Materjal:<\/strong> Kaskepuit.<br \/>\n<strong>V\u00e4rv:<\/strong> Helebee\u017e.<br \/>\n<strong>M\u00f5\u00f5tmed:<\/strong> Laius 150 cm, s\u00fcgavus 52 cm, k\u00f5rgus 92 cm.<br \/>\n<strong>T\u00e4iendavad detailid:<\/strong> Uksed: 48 x 38 x 66 cm; uksed ees: 44,5 x 63,5 cm; sahtel 1: 40 x 37 x 5,5 cm; ees 1: 4,5 x 10 cm; sahtel 2: 40 x 37 x 12,5 cm; ees 2: 44,5 x 17,5 cm; jalgade vahe: 17,5 cm; riiulite k\u00f5rgus: \u00fclemine-34 cm \/ alumine-31 cm.<br \/>\n<strong>Kokkupanek:<\/strong> Kokkupandud, ei vaja paigaldust. S\u00e4\u00e4stab aega ja vaeva.<\/p>\n<p>&nbsp;<\/p>\n","protected":false},"excerpt":{"rendered":"<p>Venezia Bianco VEB803K kapp elutuppa. See elegantne t\u00e4ispuidust kapp, millel on kaunilt kaardus ja freesitud jalad, toob teie elutuppa Provence&#8217;i stiili v\u00f5lu. Kapi korpus on poolmatt helebee\u017e, mis loob rahuliku ja kutsuva atmosf\u00e4\u00e4ri. Kapi pealispinnal ja korpusel on iseloomulikud koore\u00fcraskimustrid ning dekoratiivsed needid, mis lisavad sellele ainulaadset iseloomu. Dekoratiivsed metallist k\u00e4epidemed annavad kapile viimistletud ilme. [&hellip;]<\/p>\n","protected":false},"featured_media":7080,"comment_status":"open","ping_status":"closed","template":"","meta":[],"product_brand":[],"product_cat":[81],"product_tag":[],"class_list":{"0":"post-7079","1":"product","2":"type-product","3":"status-publish","4":"has-post-thumbnail","6":"product_cat-kapid-riiulid-ja-kummutid","7":"product_shipping_class-livin-hill","8":"pa_kollektsioon-venezia-bianco","9":"pa_materjal-paju","10":"pa_riiulite-arv-76","11":"pa_sahtlite-arv-98","12":"pa_uste-arv-94","13":"pa_varv-beez","15":"first","16":"outofstock","17":"sale","18":"taxable","19":"shipping-taxable","20":"purchasable","21":"product-type-simple"},"_links":{"self":[{"href":"https:\/\/blankpage.ee\/_ruumist-ruumi\/wp-json\/wp\/v2\/product\/7079","targetHints":{"allow":["GET"]}}],"collection":[{"href":"https:\/\/blankpage.ee\/_ruumist-ruumi\/wp-json\/wp\/v2\/product"}],"about":[{"href":"https:\/\/blankpage.ee\/_ruumist-ruumi\/wp-json\/wp\/v2\/types\/product"}],"replies":[{"embeddable":true,"href":"https:\/\/blankpage.ee\/_ruumist-ruumi\/wp-json\/wp\/v2\/comments?post=7079"}],"wp:featuredmedia":[{"embeddable":true,"href":"https:\/\/blankpage.ee\/_ruumist-ruumi\/wp-json\/wp\/v2\/media\/7080"}],"wp:attachment":[{"href":"https:\/\/blankpage.ee\/_ruumist-ruumi\/wp-json\/wp\/v2\/media?parent=7079"}],"wp:term":[{"taxonomy":"product_brand","embeddable":true,"href":"https:\/\/blankpage.ee\/_ruumist-ruumi\/wp-json\/wp\/v2\/product_brand?post=7079"},{"taxonomy":"product_cat","embeddable":true,"href":"https:\/\/blankpage.ee\/_ruumist-ruumi\/wp-json\/wp\/v2\/product_cat?post=7079"},{"taxonomy":"product_tag","embeddable":true,"href":"https:\/\/blankpage.ee\/_ruumist-ruumi\/wp-json\/wp\/v2\/product_tag?post=7079"}],"curies":[{"name":"wp","href":"https:\/\/api.w.org\/{rel}","templated":true}]}}