{"id":7111,"date":"2024-11-01T12:37:21","date_gmt":"2024-11-01T12:37:21","guid":{"rendered":"https:\/\/ruumistruumi.ee\/pood\/helebeez-soogilaud-venezia-bianco-veb810k-kaskpuust\/"},"modified":"2025-04-10T11:57:59","modified_gmt":"2025-04-10T11:57:59","slug":"helebeez-soogilaud-venezia-bianco-veb810k-kasepuidust","status":"publish","type":"product","link":"https:\/\/blankpage.ee\/_ruumist-ruumi\/pood\/helebeez-soogilaud-venezia-bianco-veb810k-kasepuidust\/","title":{"rendered":"Helebee\u017e s\u00f6\u00f6gilaud Venezia Bianco VEB810K, kasepuidust"},"content":{"rendered":"<p>Venezia Bianco VEB810K s\u00f6\u00f6gilaud s\u00f6\u00f6gituppa. See elegantne t\u00e4ispuidust s\u00f6\u00f6gilaud, millel on kaunilt kaardus ja freesitud jalad, on loodud provansaalses stiilis. Laua korpus on mitmekihilise, poolmati helebee\u017ei viimistlusega, mis lisab sellele ajatut v\u00f5lu. Korpusel ja lauaplaadil on iseloomulikud koore\u00fcraski j\u00e4ljed ja dekoratiivsed needid, mis annavad lauale ainulaadse iseloomu.<\/p>\n<p>Venezia Bianco kollektsiooni kuuluv laud on valmistatud vastupidavast kasepuidust, pakkudes nii vastupidavust kui ka esteetilist ilu. Selle laua m\u00f5\u00f5tmed on 168 cm lai, 103 cm s\u00fcgav ja 77 cm k\u00f5rge, pakkudes piisavalt ruumi pere ja s\u00f5pradega einestamiseks. Lauajalgade k\u00f5rgus on 63,5 cm ning jalgade vaheline ruum on 147 cm ja 82 cm, mis tagab mugava istumisruumi.<\/p>\n<p>Omadused:<br \/>\n<strong>Materjal:<\/strong> Kasepuit.<br \/>\n<strong>V\u00e4rv:<\/strong> Helebee\u017e.<br \/>\n<strong>M\u00f5\u00f5tmed:<\/strong> Laius 168 cm, s\u00fcgavus 103 cm, k\u00f5rgus 77 cm.<br \/>\n<strong>T\u00e4iendavad detailid:<\/strong> Iseloomulik koore\u00fcraski j\u00e4ljed ja dekoratiivsed needid.<br \/>\n<strong>Kokkupanek:<\/strong> Osaliselt kokku pandud, ei vaja paigaldust. S\u00e4\u00e4stab aega ja vaeva.<\/p>\n<p>&nbsp;<\/p>\n","protected":false},"excerpt":{"rendered":"<p>Venezia Bianco VEB810K s\u00f6\u00f6gilaud s\u00f6\u00f6gituppa. See elegantne t\u00e4ispuidust s\u00f6\u00f6gilaud, millel on kaunilt kaardus ja freesitud jalad, on loodud provansaalses stiilis. Laua korpus on mitmekihilise, poolmati helebee\u017ei viimistlusega, mis lisab sellele ajatut v\u00f5lu. Korpusel ja lauaplaadil on iseloomulikud koore\u00fcraski j\u00e4ljed ja dekoratiivsed needid, mis annavad lauale ainulaadse iseloomu. Venezia Bianco kollektsiooni kuuluv laud on valmistatud vastupidavast [&hellip;]<\/p>\n","protected":false},"featured_media":7112,"comment_status":"open","ping_status":"closed","template":"","meta":[],"product_brand":[],"product_cat":[93],"product_tag":[],"class_list":{"0":"post-7111","1":"product","2":"type-product","3":"status-publish","4":"has-post-thumbnail","6":"product_cat-soogilauad","7":"product_shipping_class-livin-hill","8":"pa_kollektsioon-venezia-bianco","9":"pa_materjal-kaskpuit","10":"pa_varv-beez","12":"first","13":"outofstock","14":"sale","15":"taxable","16":"shipping-taxable","17":"purchasable","18":"product-type-simple"},"_links":{"self":[{"href":"https:\/\/blankpage.ee\/_ruumist-ruumi\/wp-json\/wp\/v2\/product\/7111","targetHints":{"allow":["GET"]}}],"collection":[{"href":"https:\/\/blankpage.ee\/_ruumist-ruumi\/wp-json\/wp\/v2\/product"}],"about":[{"href":"https:\/\/blankpage.ee\/_ruumist-ruumi\/wp-json\/wp\/v2\/types\/product"}],"replies":[{"embeddable":true,"href":"https:\/\/blankpage.ee\/_ruumist-ruumi\/wp-json\/wp\/v2\/comments?post=7111"}],"wp:featuredmedia":[{"embeddable":true,"href":"https:\/\/blankpage.ee\/_ruumist-ruumi\/wp-json\/wp\/v2\/media\/7112"}],"wp:attachment":[{"href":"https:\/\/blankpage.ee\/_ruumist-ruumi\/wp-json\/wp\/v2\/media?parent=7111"}],"wp:term":[{"taxonomy":"product_brand","embeddable":true,"href":"https:\/\/blankpage.ee\/_ruumist-ruumi\/wp-json\/wp\/v2\/product_brand?post=7111"},{"taxonomy":"product_cat","embeddable":true,"href":"https:\/\/blankpage.ee\/_ruumist-ruumi\/wp-json\/wp\/v2\/product_cat?post=7111"},{"taxonomy":"product_tag","embeddable":true,"href":"https:\/\/blankpage.ee\/_ruumist-ruumi\/wp-json\/wp\/v2\/product_tag?post=7111"}],"curies":[{"name":"wp","href":"https:\/\/api.w.org\/{rel}","templated":true}]}}