{"id":7156,"date":"2024-11-01T13:05:55","date_gmt":"2024-11-01T13:05:55","guid":{"rendered":"https:\/\/ruumistruumi.ee\/pood\/olive-konsoollaud-limena-lio830-kummipuidust\/"},"modified":"2025-01-11T10:52:03","modified_gmt":"2025-01-11T10:52:03","slug":"oliivitooni-konsoollaud-limena-olive-lio830-kummipuust","status":"publish","type":"product","link":"https:\/\/blankpage.ee\/_ruumist-ruumi\/pood\/oliivitooni-konsoollaud-limena-olive-lio830-kummipuust\/","title":{"rendered":"Oliivitooni konsoollaud Limena Olive LIO830, kummipuust"},"content":{"rendered":"<p>Limena Olive LIO830 konsoollaud esikusse. See stiilne, k\u00e4sitsi v\u00e4rvitud provanssaalistiilis konsoollaud toob teie esikusse elegantsi ja praktilisuse. Laua sirged jalad ja dekoratiivsed messingist metallist k\u00e4epidemed lisavad sellele klassikalist v\u00f5lu. Laua oliivikarva pooll\u00e4ikiv pind koos h\u00f5\u00f5rdumisj\u00e4lgedega ning pruun harjatud pealispind koos freesitud servadega loovad silmapaistva ja ajatu v\u00e4limuse.<\/p>\n<p>Limena Olive kollektsiooni kuuluv konsoollaud on valmistatud kummipuust ja vineerist, pakkudes vastupidavust ja pikaealisust. Laua all on \u00fcks riiul, mis pakub t\u00e4iendavat hoiuruumi, et hoida teie esik korras ja organiseeritud. Osaliselt kokkupandud konstruktsioon t\u00e4hendab, et see ei vaja keerulist paigaldust, s\u00e4\u00e4stes teie aega ja vaeva.<\/p>\n<p>Omadused:<br \/>\n<strong>Materjal:<\/strong> Kummipuu ja vineer.<br \/>\n<strong>V\u00e4rv:<\/strong> Oliivikarva korpus, pruun pealispind.<br \/>\n<strong>M\u00f5\u00f5tmed:<\/strong> Laius 120 cm, s\u00fcgavus 40 cm, k\u00f5rgus 76 cm.<br \/>\n<strong>T\u00e4iendavad detailid:<\/strong> Antiikne viimistlus ja dekoratiivsed messingist k\u00e4epidemed.<br \/>\n<strong>Kokkupanek:<\/strong> Osaliselt kokku pandud, ei vaja paigaldust. S\u00e4\u00e4stab aega ja vaeva.<\/p>\n<p>&nbsp;<\/p>\n","protected":false},"excerpt":{"rendered":"<p>Limena Olive LIO830 konsoollaud esikusse. See stiilne, k\u00e4sitsi v\u00e4rvitud provanssaalistiilis konsoollaud toob teie esikusse elegantsi ja praktilisuse. Laua sirged jalad ja dekoratiivsed messingist metallist k\u00e4epidemed lisavad sellele klassikalist v\u00f5lu. Laua oliivikarva pooll\u00e4ikiv pind koos h\u00f5\u00f5rdumisj\u00e4lgedega ning pruun harjatud pealispind koos freesitud servadega loovad silmapaistva ja ajatu v\u00e4limuse. Limena Olive kollektsiooni kuuluv konsoollaud on valmistatud kummipuust [&hellip;]<\/p>\n","protected":false},"featured_media":7157,"comment_status":"open","ping_status":"closed","template":"","meta":[],"product_brand":[],"product_cat":[83],"product_tag":[],"class_list":{"0":"post-7156","1":"product","2":"type-product","3":"status-publish","4":"has-post-thumbnail","6":"product_cat-konsoollauad","7":"product_shipping_class-livin-hill","8":"pa_kollektsioon-limena-olive","9":"pa_materjal-kummipuit","10":"pa_riiulite-arv-99","11":"pa_sahtlite-arv-74","12":"pa_varv-roheline","14":"first","15":"outofstock","16":"sale","17":"taxable","18":"shipping-taxable","19":"purchasable","20":"product-type-simple"},"_links":{"self":[{"href":"https:\/\/blankpage.ee\/_ruumist-ruumi\/wp-json\/wp\/v2\/product\/7156","targetHints":{"allow":["GET"]}}],"collection":[{"href":"https:\/\/blankpage.ee\/_ruumist-ruumi\/wp-json\/wp\/v2\/product"}],"about":[{"href":"https:\/\/blankpage.ee\/_ruumist-ruumi\/wp-json\/wp\/v2\/types\/product"}],"replies":[{"embeddable":true,"href":"https:\/\/blankpage.ee\/_ruumist-ruumi\/wp-json\/wp\/v2\/comments?post=7156"}],"wp:featuredmedia":[{"embeddable":true,"href":"https:\/\/blankpage.ee\/_ruumist-ruumi\/wp-json\/wp\/v2\/media\/7157"}],"wp:attachment":[{"href":"https:\/\/blankpage.ee\/_ruumist-ruumi\/wp-json\/wp\/v2\/media?parent=7156"}],"wp:term":[{"taxonomy":"product_brand","embeddable":true,"href":"https:\/\/blankpage.ee\/_ruumist-ruumi\/wp-json\/wp\/v2\/product_brand?post=7156"},{"taxonomy":"product_cat","embeddable":true,"href":"https:\/\/blankpage.ee\/_ruumist-ruumi\/wp-json\/wp\/v2\/product_cat?post=7156"},{"taxonomy":"product_tag","embeddable":true,"href":"https:\/\/blankpage.ee\/_ruumist-ruumi\/wp-json\/wp\/v2\/product_tag?post=7156"}],"curies":[{"name":"wp","href":"https:\/\/api.w.org\/{rel}","templated":true}]}}