{"id":7165,"date":"2024-11-01T13:06:53","date_gmt":"2024-11-01T13:06:53","guid":{"rendered":"https:\/\/ruumistruumi.ee\/pood\/helebeez-kohvilaud-venezia-bianco-veb809k-kasepuidust\/"},"modified":"2025-07-22T17:47:07","modified_gmt":"2025-07-22T17:47:07","slug":"helebeez-kohvilaud-venezia-bianco-veb809k-kasepuidust","status":"publish","type":"product","link":"https:\/\/blankpage.ee\/_ruumist-ruumi\/pood\/helebeez-kohvilaud-venezia-bianco-veb809k-kasepuidust\/","title":{"rendered":"Helebee\u017e kohvilaud Venezia Bianco VEB809K, kasepuust"},"content":{"rendered":"<p>Venezia Bianco VEB809K kohvilaud elutuppa. See elegantne t\u00e4ispuidust kohvilaud, millel on kaunilt kaardus ja freesitud jalad, toob teie elutuppa provanssaalse stiili h\u00f5ngu. Korpuse poolmatt helebee\u017e toon koos iseloomulike koore\u00fcraski j\u00e4lgede ja dekoratiivsete neetidega lisab lauale ainulaadset iseloomu. Laua dekoratiivsed metallist k\u00e4epidemed t\u00e4iustavad selle esteetilist k\u00fclge.<\/p>\n<p>Omadused:<br \/>\n<strong>Materjal:<\/strong> Kaskepuit.<br \/>\n<strong>V\u00e4rv:<\/strong> Hele bee\u017e.<br \/>\n<strong>M\u00f5\u00f5tmed:<\/strong> Laius 122 cm, s\u00fcgavus 80 cm, k\u00f5rgus 49 cm.<br \/>\n<strong>T\u00e4iendavad detailid:<\/strong> Sahtel 1 &#8211; 11 x 31,5 x 7,5; esipaneel 1 &#8211; 14 x 18; sahtel 2 &#8211; 39 x 31 x 10,5; esipaneel 2 &#8211; 44,5 x 18; jalgade vahe &#8211; 19.<br \/>\n<strong>Kokkupanek:<\/strong> Kokkupandud, ei vaja paigaldust. S\u00e4\u00e4stab aega ja vaeva.<\/p>\n<p>&nbsp;<\/p>\n","protected":false},"excerpt":{"rendered":"<p>Venezia Bianco VEB809K kohvilaud elutuppa. See elegantne t\u00e4ispuidust kohvilaud, millel on kaunilt kaardus ja freesitud jalad, toob teie elutuppa provanssaalse stiili h\u00f5ngu. Korpuse poolmatt helebee\u017e toon koos iseloomulike koore\u00fcraski j\u00e4lgede ja dekoratiivsete neetidega lisab lauale ainulaadset iseloomu. Laua dekoratiivsed metallist k\u00e4epidemed t\u00e4iustavad selle esteetilist k\u00fclge. Omadused: Materjal: Kaskepuit. V\u00e4rv: Hele bee\u017e. M\u00f5\u00f5tmed: Laius 122 cm, [&hellip;]<\/p>\n","protected":false},"featured_media":7166,"comment_status":"open","ping_status":"closed","template":"","meta":[],"product_brand":[],"product_cat":[118],"product_tag":[],"class_list":{"0":"post-7165","1":"product","2":"type-product","3":"status-publish","4":"has-post-thumbnail","6":"product_cat-diivanilauad","7":"product_shipping_class-livin-hill","8":"pa_kollektsioon-venezia-bianco","9":"pa_materjal-kaskpuit","10":"pa_sahtlite-arv-100","11":"pa_varv-beez","13":"first","14":"outofstock","15":"sale","16":"taxable","17":"shipping-taxable","18":"purchasable","19":"product-type-simple"},"_links":{"self":[{"href":"https:\/\/blankpage.ee\/_ruumist-ruumi\/wp-json\/wp\/v2\/product\/7165","targetHints":{"allow":["GET"]}}],"collection":[{"href":"https:\/\/blankpage.ee\/_ruumist-ruumi\/wp-json\/wp\/v2\/product"}],"about":[{"href":"https:\/\/blankpage.ee\/_ruumist-ruumi\/wp-json\/wp\/v2\/types\/product"}],"replies":[{"embeddable":true,"href":"https:\/\/blankpage.ee\/_ruumist-ruumi\/wp-json\/wp\/v2\/comments?post=7165"}],"wp:featuredmedia":[{"embeddable":true,"href":"https:\/\/blankpage.ee\/_ruumist-ruumi\/wp-json\/wp\/v2\/media\/7166"}],"wp:attachment":[{"href":"https:\/\/blankpage.ee\/_ruumist-ruumi\/wp-json\/wp\/v2\/media?parent=7165"}],"wp:term":[{"taxonomy":"product_brand","embeddable":true,"href":"https:\/\/blankpage.ee\/_ruumist-ruumi\/wp-json\/wp\/v2\/product_brand?post=7165"},{"taxonomy":"product_cat","embeddable":true,"href":"https:\/\/blankpage.ee\/_ruumist-ruumi\/wp-json\/wp\/v2\/product_cat?post=7165"},{"taxonomy":"product_tag","embeddable":true,"href":"https:\/\/blankpage.ee\/_ruumist-ruumi\/wp-json\/wp\/v2\/product_tag?post=7165"}],"curies":[{"name":"wp","href":"https:\/\/api.w.org\/{rel}","templated":true}]}}