{"id":7169,"date":"2024-11-01T13:07:18","date_gmt":"2024-11-01T13:07:18","guid":{"rendered":"https:\/\/ruumistruumi.ee\/pood\/helebeez-kummut-venezia-bianco-veb821k-kasepuidust\/"},"modified":"2025-01-29T10:02:05","modified_gmt":"2025-01-29T10:02:05","slug":"helebeez-kummut-venezia-bianco-veb821k-kasepuust","status":"publish","type":"product","link":"https:\/\/blankpage.ee\/_ruumist-ruumi\/pood\/helebeez-kummut-venezia-bianco-veb821k-kasepuust\/","title":{"rendered":"Helebee\u017e kummut Venezia Bianco VEB821K, kasepuust"},"content":{"rendered":"<p>Venezia Bianco VEB821K kummut elutuppa. See elegantne t\u00e4ispuidust kummut, millel on kaunilt kaardus ja freesitud jalad, lisab Provence&#8217;i stiilis v\u00f5lu igasse elutuppa. Korpuse eba\u00fchtlane, poolmatt helebee\u017e toon koos koore\u00fcraski j\u00e4lgede ja dekoratiivsete naastudega loob ainulaadse ja isikup\u00e4rase ilme. Kummut on valmis kokkupandud, mis s\u00e4\u00e4stab teie aega ja vaeva.<\/p>\n<p>Omadused:<br \/>\n<strong>Materjal:<\/strong> Kask.<br \/>\n<strong>V\u00e4rv:<\/strong> Helebee\u017e.<br \/>\n<strong>M\u00f5\u00f5tmed:<\/strong> Laius 66 cm, s\u00fcgavus 44,5 cm, k\u00f5rgus 116 cm.<br \/>\n<strong>T\u00e4iendavad detailid:<\/strong> Metallist k\u00e4epidemed ja dekoratiivsed detailid.<br \/>\n<strong>Kokkupanek:<\/strong> Kokkupandud, ei vaja paigaldust. S\u00e4\u00e4stab aega ja vaeva.<\/p>\n<p>&nbsp;<\/p>\n","protected":false},"excerpt":{"rendered":"<p>Venezia Bianco VEB821K kummut elutuppa. See elegantne t\u00e4ispuidust kummut, millel on kaunilt kaardus ja freesitud jalad, lisab Provence&#8217;i stiilis v\u00f5lu igasse elutuppa. Korpuse eba\u00fchtlane, poolmatt helebee\u017e toon koos koore\u00fcraski j\u00e4lgede ja dekoratiivsete naastudega loob ainulaadse ja isikup\u00e4rase ilme. Kummut on valmis kokkupandud, mis s\u00e4\u00e4stab teie aega ja vaeva. Omadused: Materjal: Kask. V\u00e4rv: Helebee\u017e. M\u00f5\u00f5tmed: Laius [&hellip;]<\/p>\n","protected":false},"featured_media":7170,"comment_status":"open","ping_status":"closed","template":"","meta":[],"product_brand":[],"product_cat":[81],"product_tag":[],"class_list":{"0":"post-7169","1":"product","2":"type-product","3":"status-publish","4":"has-post-thumbnail","6":"product_cat-kapid-riiulid-ja-kummutid","7":"product_shipping_class-livin-hill","8":"pa_kaepidemed-metall","9":"pa_kollektsioon-venezia-bianco","10":"pa_materjal-kaskpuit","11":"pa_sahtlite-arv-100","12":"pa_varv-beez","14":"first","15":"outofstock","16":"sale","17":"taxable","18":"shipping-taxable","19":"purchasable","20":"product-type-simple"},"_links":{"self":[{"href":"https:\/\/blankpage.ee\/_ruumist-ruumi\/wp-json\/wp\/v2\/product\/7169","targetHints":{"allow":["GET"]}}],"collection":[{"href":"https:\/\/blankpage.ee\/_ruumist-ruumi\/wp-json\/wp\/v2\/product"}],"about":[{"href":"https:\/\/blankpage.ee\/_ruumist-ruumi\/wp-json\/wp\/v2\/types\/product"}],"replies":[{"embeddable":true,"href":"https:\/\/blankpage.ee\/_ruumist-ruumi\/wp-json\/wp\/v2\/comments?post=7169"}],"wp:featuredmedia":[{"embeddable":true,"href":"https:\/\/blankpage.ee\/_ruumist-ruumi\/wp-json\/wp\/v2\/media\/7170"}],"wp:attachment":[{"href":"https:\/\/blankpage.ee\/_ruumist-ruumi\/wp-json\/wp\/v2\/media?parent=7169"}],"wp:term":[{"taxonomy":"product_brand","embeddable":true,"href":"https:\/\/blankpage.ee\/_ruumist-ruumi\/wp-json\/wp\/v2\/product_brand?post=7169"},{"taxonomy":"product_cat","embeddable":true,"href":"https:\/\/blankpage.ee\/_ruumist-ruumi\/wp-json\/wp\/v2\/product_cat?post=7169"},{"taxonomy":"product_tag","embeddable":true,"href":"https:\/\/blankpage.ee\/_ruumist-ruumi\/wp-json\/wp\/v2\/product_tag?post=7169"}],"curies":[{"name":"wp","href":"https:\/\/api.w.org\/{rel}","templated":true}]}}