{"id":7186,"date":"2024-11-01T13:08:18","date_gmt":"2024-11-01T13:08:18","guid":{"rendered":"https:\/\/ruumistruumi.ee\/pood\/helebeez-tv-alus-venezia-bianco-veb834k-kaskpuust\/"},"modified":"2025-06-17T08:57:51","modified_gmt":"2025-06-17T08:57:51","slug":"helebeez-tv-alus-venezia-bianco-veb834k-kasepuust","status":"publish","type":"product","link":"https:\/\/blankpage.ee\/_ruumist-ruumi\/pood\/helebeez-tv-alus-venezia-bianco-veb834k-kasepuust\/","title":{"rendered":"Helebee\u017e TV-alus Venezia Bianco VEB834K, kasepuust"},"content":{"rendered":"<p>Venezia Bianco VEB834K TV-alus elutuppa. See elegantne t\u00e4ispuidust TV-alus, millel on kaunid painutatud ja freesitud jalad, on loodud provansaalses stiilis. Korpuse pind on poolmatt ja eba\u00fchtlase helebee\u017ei tooniga, lisades sellele unikaalset iseloomu. Korpuse ja pealispinna kaunistavad koore\u00fcraskite j\u00e4ljendid ning dekoratiivsed needid, mis annavad sellele erilise ilme.<\/p>\n<p>Venezia Bianco kollektsiooni kuuluv TV-alus on valmistatud kvaliteetsest kasetohust, mis tagab vastupidavuse ja pikaealisuse. Alusel on kaks riiulit, pakkudes piisavalt ruumi meelelahutusseadmete ja muude esemete hoiustamiseks. Dekoratiivsed metallist k\u00e4epidemed lisavad stiilset viimistlust ning muudavad sahtlite avamise mugavaks.<\/p>\n<p>Omadused:<br \/>\n<strong>Materjal:<\/strong> Vastupidav kasetohust konstruktsioon.<br \/>\n<strong>V\u00e4rv:<\/strong> Helebee\u017e, pealispinna ja trimmide toon.<br \/>\n<strong>M\u00f5\u00f5tmed:<\/strong> Laius 158 cm, s\u00fcgavus 48 cm, k\u00f5rgus 69 cm.<br \/>\n<strong>T\u00e4iendavad detailid:<\/strong> Kaks riiulit, dekoratiivsed metallist k\u00e4epidemed.<br \/>\n<strong>Kokkupanek:<\/strong> Kokkupandud, ei vaja paigaldust. S\u00e4\u00e4stab aega ja vaeva.<\/p>\n<p>&nbsp;<\/p>\n","protected":false},"excerpt":{"rendered":"<p>Venezia Bianco VEB834K TV-alus elutuppa. See elegantne t\u00e4ispuidust TV-alus, millel on kaunid painutatud ja freesitud jalad, on loodud provansaalses stiilis. Korpuse pind on poolmatt ja eba\u00fchtlase helebee\u017ei tooniga, lisades sellele unikaalset iseloomu. Korpuse ja pealispinna kaunistavad koore\u00fcraskite j\u00e4ljendid ning dekoratiivsed needid, mis annavad sellele erilise ilme. Venezia Bianco kollektsiooni kuuluv TV-alus on valmistatud kvaliteetsest kasetohust, [&hellip;]<\/p>\n","protected":false},"featured_media":7187,"comment_status":"open","ping_status":"closed","template":"","meta":[],"product_brand":[],"product_cat":[85],"product_tag":[],"class_list":{"0":"post-7186","1":"product","2":"type-product","3":"status-publish","4":"has-post-thumbnail","6":"product_cat-tv-alused","7":"product_shipping_class-livin-hill","8":"pa_kaepidemed-metall","9":"pa_kollektsioon-venezia-bianco","10":"pa_materjal-kaskpuit","11":"pa_riiulite-arv-76","12":"pa_sahtlite-arv-98","13":"pa_varv-beez","15":"first","16":"instock","17":"sale","18":"taxable","19":"shipping-taxable","20":"purchasable","21":"product-type-simple"},"_links":{"self":[{"href":"https:\/\/blankpage.ee\/_ruumist-ruumi\/wp-json\/wp\/v2\/product\/7186","targetHints":{"allow":["GET"]}}],"collection":[{"href":"https:\/\/blankpage.ee\/_ruumist-ruumi\/wp-json\/wp\/v2\/product"}],"about":[{"href":"https:\/\/blankpage.ee\/_ruumist-ruumi\/wp-json\/wp\/v2\/types\/product"}],"replies":[{"embeddable":true,"href":"https:\/\/blankpage.ee\/_ruumist-ruumi\/wp-json\/wp\/v2\/comments?post=7186"}],"wp:featuredmedia":[{"embeddable":true,"href":"https:\/\/blankpage.ee\/_ruumist-ruumi\/wp-json\/wp\/v2\/media\/7187"}],"wp:attachment":[{"href":"https:\/\/blankpage.ee\/_ruumist-ruumi\/wp-json\/wp\/v2\/media?parent=7186"}],"wp:term":[{"taxonomy":"product_brand","embeddable":true,"href":"https:\/\/blankpage.ee\/_ruumist-ruumi\/wp-json\/wp\/v2\/product_brand?post=7186"},{"taxonomy":"product_cat","embeddable":true,"href":"https:\/\/blankpage.ee\/_ruumist-ruumi\/wp-json\/wp\/v2\/product_cat?post=7186"},{"taxonomy":"product_tag","embeddable":true,"href":"https:\/\/blankpage.ee\/_ruumist-ruumi\/wp-json\/wp\/v2\/product_tag?post=7186"}],"curies":[{"name":"wp","href":"https:\/\/api.w.org\/{rel}","templated":true}]}}