{"id":7227,"date":"2024-11-01T13:19:28","date_gmt":"2024-11-01T13:19:28","guid":{"rendered":"https:\/\/ruumistruumi.ee\/pood\/helebeez-kummut-venezia-bianco-veb873k-kaskpuust\/"},"modified":"2025-07-15T18:42:12","modified_gmt":"2025-07-15T18:42:12","slug":"helebeez-kummut-venezia-bianco-veb873k-kasepuust","status":"publish","type":"product","link":"https:\/\/blankpage.ee\/_ruumist-ruumi\/pood\/helebeez-kummut-venezia-bianco-veb873k-kasepuust\/","title":{"rendered":"Helebee\u017e kummut Venezia Bianco VEB873K, kasepuust"},"content":{"rendered":"<p>Venezia Bianco VEB873K kapp elutuppa. See elegantne t\u00e4ispuidust kapp, millel on kaunilt painutatud ja freesitud jalad, toob teie elutuppa provanssaalse stiili v\u00f5lu. Kapi korpus on ebatasase, poolmati helebee\u017ei tooniga, millele lisavad iseloomu koore\u00fcraski j\u00e4ljed ja dekoratiivsed needid. Kapi kaunistuseks on ka dekoratiivsed metallist k\u00e4epidemed.<\/p>\n<p>Kapi kaks ust ja kaks riiulit pakuvad praktilist hoiustamisruumi, olles samal ajal visuaalselt k\u00f6itev m\u00f6\u00f6bliese. Valmistatud kvaliteetsest kasepuidust, tagab see vastupidavuse ja pikaealisuse. Kapi pealispind ja viimistlus on hoolikalt valitud, et t\u00e4iustada teie elutoa interj\u00f6\u00f6ri.<\/p>\n<p>Omadused:<br \/>\n<strong>Materjal:<\/strong> Kasepuit<br \/>\n<strong>V\u00e4rv:<\/strong> Helebee\u017e<br \/>\n<strong>M\u00f5\u00f5tmed:<\/strong> Laius 120 cm, s\u00fcgavus 42 cm, k\u00f5rgus 108 cm<br \/>\n<strong>T\u00e4iendavad detailid:<\/strong> Kaks ust, kaks riiulit<br \/>\n<strong>Kokkupanek:<\/strong> Kokkupandud, ei vaja paigaldust. S\u00e4\u00e4stab aega ja vaeva.<\/p>\n<p>&nbsp;<\/p>\n","protected":false},"excerpt":{"rendered":"<p>Venezia Bianco VEB873K kapp elutuppa. See elegantne t\u00e4ispuidust kapp, millel on kaunilt painutatud ja freesitud jalad, toob teie elutuppa provanssaalse stiili v\u00f5lu. Kapi korpus on ebatasase, poolmati helebee\u017ei tooniga, millele lisavad iseloomu koore\u00fcraski j\u00e4ljed ja dekoratiivsed needid. Kapi kaunistuseks on ka dekoratiivsed metallist k\u00e4epidemed. Kapi kaks ust ja kaks riiulit pakuvad praktilist hoiustamisruumi, olles samal [&hellip;]<\/p>\n","protected":false},"featured_media":7228,"comment_status":"open","ping_status":"closed","template":"","meta":[],"product_brand":[],"product_cat":[81],"product_tag":[],"class_list":{"0":"post-7227","1":"product","2":"type-product","3":"status-publish","4":"has-post-thumbnail","6":"product_cat-kapid-riiulid-ja-kummutid","7":"product_shipping_class-livin-hill","8":"pa_kollektsioon-venezia-bianco","9":"pa_materjal-kaskpuit","10":"pa_riiulite-arv-76","11":"pa_sahtlite-arv-95","12":"pa_uste-arv-94","13":"pa_varv-beez","15":"first","16":"outofstock","17":"sale","18":"taxable","19":"shipping-taxable","20":"purchasable","21":"product-type-simple"},"_links":{"self":[{"href":"https:\/\/blankpage.ee\/_ruumist-ruumi\/wp-json\/wp\/v2\/product\/7227","targetHints":{"allow":["GET"]}}],"collection":[{"href":"https:\/\/blankpage.ee\/_ruumist-ruumi\/wp-json\/wp\/v2\/product"}],"about":[{"href":"https:\/\/blankpage.ee\/_ruumist-ruumi\/wp-json\/wp\/v2\/types\/product"}],"replies":[{"embeddable":true,"href":"https:\/\/blankpage.ee\/_ruumist-ruumi\/wp-json\/wp\/v2\/comments?post=7227"}],"wp:featuredmedia":[{"embeddable":true,"href":"https:\/\/blankpage.ee\/_ruumist-ruumi\/wp-json\/wp\/v2\/media\/7228"}],"wp:attachment":[{"href":"https:\/\/blankpage.ee\/_ruumist-ruumi\/wp-json\/wp\/v2\/media?parent=7227"}],"wp:term":[{"taxonomy":"product_brand","embeddable":true,"href":"https:\/\/blankpage.ee\/_ruumist-ruumi\/wp-json\/wp\/v2\/product_brand?post=7227"},{"taxonomy":"product_cat","embeddable":true,"href":"https:\/\/blankpage.ee\/_ruumist-ruumi\/wp-json\/wp\/v2\/product_cat?post=7227"},{"taxonomy":"product_tag","embeddable":true,"href":"https:\/\/blankpage.ee\/_ruumist-ruumi\/wp-json\/wp\/v2\/product_tag?post=7227"}],"curies":[{"name":"wp","href":"https:\/\/api.w.org\/{rel}","templated":true}]}}