{"id":7246,"date":"2024-11-01T13:20:54","date_gmt":"2024-11-01T13:20:54","guid":{"rendered":"https:\/\/ruumistruumi.ee\/pood\/elevandiluu-varvi-kohvilaud-verona-ve809-kasepuidust\/"},"modified":"2025-04-10T11:58:01","modified_gmt":"2025-04-10T11:58:01","slug":"elevandiluu-varvi-kohvilaud-verona-ve809-kasepuidust","status":"publish","type":"product","link":"https:\/\/blankpage.ee\/_ruumist-ruumi\/pood\/elevandiluu-varvi-kohvilaud-verona-ve809-kasepuidust\/","title":{"rendered":"Elevandiluu v\u00e4rvi kohvilaud Verona VE809, kasepuust"},"content":{"rendered":"<p>Verona VE809 kohvilaud elutuppa. See elegantne t\u00e4ispuidust kohvilaud, millel on kaunilt kumerad ja freesitud jalad, kehastab provansi stiili. Laua kere on kaetud pooll\u00e4ikiva elevandiluu tooniga, samas kui lauaplaat s\u00e4rab mee toonis l\u00e4ikega. Kere ja lauaplaat on kaunistatud iseloomulike koore\u00fcraskite ja dekoratiivsete neetidega, mis lisavad lauale ainulaadset iseloomu.<\/p>\n<p>Verona VE809 kohvilaud on valmistatud kvaliteetsest kasepuidust, pakkudes vastupidavust ja ajatut ilu. Selle m\u00f5\u00f5tmed on 122 cm lai, 80 cm s\u00fcgav ja 49 cm k\u00f5rge, mis muudab selle ideaalseks nii v\u00e4iksematesse kui ka suurematesse elutubadesse. Laua kokkupandud olek s\u00e4\u00e4stab aega ja vaeva, v\u00f5imaldades teil kohe oma elutoa sisustust t\u00e4iendada.<\/p>\n<p>Omadused:<br \/>\n<strong>Materjal:<\/strong> Kasepuit.<br \/>\n<strong>V\u00e4rv:<\/strong> Kere elevandiluu, lauaplaat mee toonis.<br \/>\n<strong>M\u00f5\u00f5tmed:<\/strong> Laius 122 cm, s\u00fcgavus 80 cm, k\u00f5rgus 49 cm.<br \/>\n<strong>T\u00e4iendavad detailid:<\/strong> Iseloomulikud koore\u00fcraskid ja dekoratiivsed neetid.<br \/>\n<strong>Kokkupanek:<\/strong> Kokkupandud, ei vaja paigaldust. S\u00e4\u00e4stab aega ja vaeva.<\/p>\n<p>&nbsp;<\/p>\n","protected":false},"excerpt":{"rendered":"<p>Verona VE809 kohvilaud elutuppa. See elegantne t\u00e4ispuidust kohvilaud, millel on kaunilt kumerad ja freesitud jalad, kehastab provansi stiili. Laua kere on kaetud pooll\u00e4ikiva elevandiluu tooniga, samas kui lauaplaat s\u00e4rab mee toonis l\u00e4ikega. Kere ja lauaplaat on kaunistatud iseloomulike koore\u00fcraskite ja dekoratiivsete neetidega, mis lisavad lauale ainulaadset iseloomu. Verona VE809 kohvilaud on valmistatud kvaliteetsest kasepuidust, pakkudes [&hellip;]<\/p>\n","protected":false},"featured_media":7247,"comment_status":"open","ping_status":"closed","template":"","meta":[],"product_brand":[],"product_cat":[118],"product_tag":[],"class_list":{"0":"post-7246","1":"product","2":"type-product","3":"status-publish","4":"has-post-thumbnail","6":"product_cat-diivanilauad","7":"product_shipping_class-livin-hill","8":"pa_kollektsioon-verona","9":"pa_materjal-kaskpuit","10":"pa_sahtlite-arv-100","11":"pa_varv-elevandiluukarva","13":"first","14":"instock","15":"sale","16":"taxable","17":"shipping-taxable","18":"purchasable","19":"product-type-simple"},"_links":{"self":[{"href":"https:\/\/blankpage.ee\/_ruumist-ruumi\/wp-json\/wp\/v2\/product\/7246","targetHints":{"allow":["GET"]}}],"collection":[{"href":"https:\/\/blankpage.ee\/_ruumist-ruumi\/wp-json\/wp\/v2\/product"}],"about":[{"href":"https:\/\/blankpage.ee\/_ruumist-ruumi\/wp-json\/wp\/v2\/types\/product"}],"replies":[{"embeddable":true,"href":"https:\/\/blankpage.ee\/_ruumist-ruumi\/wp-json\/wp\/v2\/comments?post=7246"}],"wp:featuredmedia":[{"embeddable":true,"href":"https:\/\/blankpage.ee\/_ruumist-ruumi\/wp-json\/wp\/v2\/media\/7247"}],"wp:attachment":[{"href":"https:\/\/blankpage.ee\/_ruumist-ruumi\/wp-json\/wp\/v2\/media?parent=7246"}],"wp:term":[{"taxonomy":"product_brand","embeddable":true,"href":"https:\/\/blankpage.ee\/_ruumist-ruumi\/wp-json\/wp\/v2\/product_brand?post=7246"},{"taxonomy":"product_cat","embeddable":true,"href":"https:\/\/blankpage.ee\/_ruumist-ruumi\/wp-json\/wp\/v2\/product_cat?post=7246"},{"taxonomy":"product_tag","embeddable":true,"href":"https:\/\/blankpage.ee\/_ruumist-ruumi\/wp-json\/wp\/v2\/product_tag?post=7246"}],"curies":[{"name":"wp","href":"https:\/\/api.w.org\/{rel}","templated":true}]}}