{"id":7261,"date":"2024-11-01T13:21:52","date_gmt":"2024-11-01T13:21:52","guid":{"rendered":"https:\/\/ruumistruumi.ee\/pood\/turquoise-ja-mundi-ookap-avola-av1615-22-akatsiapuust-ja-vineerist\/"},"modified":"2025-04-10T11:58:01","modified_gmt":"2025-04-10T11:58:01","slug":"mundiroheline-ookapp-avola-av1615-22-akaatsiapuidust","status":"publish","type":"product","link":"https:\/\/blankpage.ee\/_ruumist-ruumi\/pood\/mundiroheline-ookapp-avola-av1615-22-akaatsiapuidust\/","title":{"rendered":"M\u00fcndiroheline \u00f6\u00f6kapp Avola AV1615-22, akaatsiapuidust"},"content":{"rendered":"<p>Avola AV1615-22 \u00f6\u00f6kapp magamistuppa. See v\u00f5luv \u00f6\u00f6kapp toob teie magamistuppa maal\u00e4hedase h\u00f5ngu, pakkudes samas t\u00e4nap\u00e4evast mugavust. Turkoosi ja m\u00fcnditooni viimistlus koos iseloomuliku vanutuse ja dekoratiivsete liistudega muudab selle ainulaadseks sisustuselemendiks. Kapi praktiline USB-pesa v\u00f5imaldab h\u00f5lpsasti laadida oma seadmeid otse voodi k\u00f5rval.<\/p>\n<p>Avola kollektsiooni \u00f6\u00f6kapp on valmistatud kvaliteetsest akaatsiapuidust ja vineerist, mis tagab vastupidavuse ja pikaealisuse. Kapi uks avaneb puidust k\u00e4epidemega, pakkudes piisavalt hoiuruumi, et hoida k\u00e4ep\u00e4rast vajalikke esemeid. Lisaks on kapil sahtel m\u00f5\u00f5tmetega 19,5 x 33 x 8,5 cm, mis sobib ideaalselt v\u00e4iksemate esemete hoiustamiseks. Kapi pealispind, mille m\u00f5\u00f5tmed on 40,5 x 44,5 cm, pakub piisavalt ruumi \u00f6\u00f6lambi, raamatute v\u00f5i dekoratiivesemete jaoks.<\/p>\n<p>Kapi m\u00f5\u00f5tmed on 40,5 cm lai, 56 cm s\u00fcgav ja 63,5 cm k\u00f5rge, mis teeb sellest ideaalse lisandi igasse magamistuppa. Shabby chic stiilis v\u00e4rvitud pind lisab sellele iseloomulikku ajatut v\u00f5lu. Avola AV1615-22 \u00f6\u00f6kapp on kokkupandud, ei vaja paigaldust, s\u00e4\u00e4stab aega ja vaeva.<\/p>\n<p>Omadused:<br \/>\n<strong>Materjal:<\/strong> Akaatsiapuit ja vineer.<br \/>\n<strong>V\u00e4rv:<\/strong> Turkoos ja m\u00fcndiroheline.<br \/>\n<strong>M\u00f5\u00f5tmed:<\/strong> Laius 40,5 cm, s\u00fcgavus 56 cm, k\u00f5rgus 63,5 cm.<br \/>\n<strong>T\u00e4iendavad detailid:<\/strong> Toiteplokk kahe pistikupesa ja kahe USB-pordiga; shabby chic v\u00e4rvitud vanutus.<br \/>\n<strong>Kokkupanek:<\/strong> Kokkupandud, ei vaja paigaldust.<\/p>\n<p>&nbsp;<\/p>\n","protected":false},"excerpt":{"rendered":"<p>Avola AV1615-22 \u00f6\u00f6kapp magamistuppa. See v\u00f5luv \u00f6\u00f6kapp toob teie magamistuppa maal\u00e4hedase h\u00f5ngu, pakkudes samas t\u00e4nap\u00e4evast mugavust. Turkoosi ja m\u00fcnditooni viimistlus koos iseloomuliku vanutuse ja dekoratiivsete liistudega muudab selle ainulaadseks sisustuselemendiks. Kapi praktiline USB-pesa v\u00f5imaldab h\u00f5lpsasti laadida oma seadmeid otse voodi k\u00f5rval. Avola kollektsiooni \u00f6\u00f6kapp on valmistatud kvaliteetsest akaatsiapuidust ja vineerist, mis tagab vastupidavuse ja pikaealisuse. [&hellip;]<\/p>\n","protected":false},"featured_media":7262,"comment_status":"open","ping_status":"closed","template":"","meta":[],"product_brand":[],"product_cat":[92],"product_tag":[],"class_list":{"0":"post-7261","1":"product","2":"type-product","3":"status-publish","4":"has-post-thumbnail","6":"product_cat-ookapid","7":"product_shipping_class-livin-hill","8":"pa_kaepidemed-puitunud","9":"pa_kollektsioon-avola","10":"pa_materjal-akaatsiapuit","11":"pa_sahtlite-arv-87","12":"pa_uste-arv-88","13":"pa_varv-roheline","15":"first","16":"instock","17":"sale","18":"taxable","19":"shipping-taxable","20":"purchasable","21":"product-type-simple"},"_links":{"self":[{"href":"https:\/\/blankpage.ee\/_ruumist-ruumi\/wp-json\/wp\/v2\/product\/7261","targetHints":{"allow":["GET"]}}],"collection":[{"href":"https:\/\/blankpage.ee\/_ruumist-ruumi\/wp-json\/wp\/v2\/product"}],"about":[{"href":"https:\/\/blankpage.ee\/_ruumist-ruumi\/wp-json\/wp\/v2\/types\/product"}],"replies":[{"embeddable":true,"href":"https:\/\/blankpage.ee\/_ruumist-ruumi\/wp-json\/wp\/v2\/comments?post=7261"}],"wp:featuredmedia":[{"embeddable":true,"href":"https:\/\/blankpage.ee\/_ruumist-ruumi\/wp-json\/wp\/v2\/media\/7262"}],"wp:attachment":[{"href":"https:\/\/blankpage.ee\/_ruumist-ruumi\/wp-json\/wp\/v2\/media?parent=7261"}],"wp:term":[{"taxonomy":"product_brand","embeddable":true,"href":"https:\/\/blankpage.ee\/_ruumist-ruumi\/wp-json\/wp\/v2\/product_brand?post=7261"},{"taxonomy":"product_cat","embeddable":true,"href":"https:\/\/blankpage.ee\/_ruumist-ruumi\/wp-json\/wp\/v2\/product_cat?post=7261"},{"taxonomy":"product_tag","embeddable":true,"href":"https:\/\/blankpage.ee\/_ruumist-ruumi\/wp-json\/wp\/v2\/product_tag?post=7261"}],"curies":[{"name":"wp","href":"https:\/\/api.w.org\/{rel}","templated":true}]}}