{"id":7296,"date":"2024-11-01T13:24:39","date_gmt":"2024-11-01T13:24:39","guid":{"rendered":"https:\/\/ruumistruumi.ee\/pood\/tumepruun-kummut-avola-av1700-35-taaskasutatud-manni-puidust\/"},"modified":"2025-04-10T11:58:01","modified_gmt":"2025-04-10T11:58:01","slug":"tumepruun-kummut-avola-av1700-35-taaskasutatud-mannipuidust","status":"publish","type":"product","link":"https:\/\/blankpage.ee\/_ruumist-ruumi\/pood\/tumepruun-kummut-avola-av1700-35-taaskasutatud-mannipuidust\/","title":{"rendered":"Tumepruun kummut Avola AV1700-35, taaskasutatud m\u00e4nnipuidust"},"content":{"rendered":"<p>Avola AV1700-35 kummut elutuppa. See rustikaalses stiilis kummut on valmistatud taaskasutatud m\u00e4nnipuidust, millele lisavad iseloomu l\u00fckanduks ja stiilsed metallist detailid. Kummuti tumedast pruunist puidust viimistlus loob sooja ja maal\u00e4hedase atmosf\u00e4\u00e4ri, mis sobib suurep\u00e4raselt igasse elutuppa.<\/p>\n<p>Kummuti kaks l\u00fckandust ja \u00fcks reguleeritav riiul pakuvad piisavalt hoiuruumi, et hoida k\u00f5ik vajalik korras ja k\u00e4eulatuses. K\u00e4sitsi freesitud puidust k\u00e4epidemed lisavad kummutile unikaalset v\u00f5lu ja praktilisust. Kummuti m\u00f5\u00f5tmed on 152,5 cm laius, 46 cm s\u00fcgavus ja 89 cm k\u00f5rgus, mis teeb sellest ideaalse m\u00f6\u00f6blieseme nii v\u00e4iksematesse kui suurematesse ruumidesse.<\/p>\n<p>Omadused:<br \/>\n<strong>Materjal:<\/strong> Taaskasutatud m\u00e4nnipuit.<br \/>\n<strong>V\u00e4rv:<\/strong> Tume pruun.<br \/>\n<strong>M\u00f5\u00f5tmed:<\/strong> Laius 152,5 cm, s\u00fcgavus 46 cm, k\u00f5rgus 89 cm.<br \/>\n<strong>T\u00e4iendavad detailid:<\/strong> Kaks l\u00fckandust, \u00fcks reguleeritav riiul, puidust freesitud k\u00e4epidemed.<br \/>\n<strong>Kokkupanek:<\/strong> Kokkupandud, ei vaja paigaldust. S\u00e4\u00e4stab aega ja vaeva.<\/p>\n<p>&nbsp;<\/p>\n","protected":false},"excerpt":{"rendered":"<p>Avola AV1700-35 kummut elutuppa. See rustikaalses stiilis kummut on valmistatud taaskasutatud m\u00e4nnipuidust, millele lisavad iseloomu l\u00fckanduks ja stiilsed metallist detailid. Kummuti tumedast pruunist puidust viimistlus loob sooja ja maal\u00e4hedase atmosf\u00e4\u00e4ri, mis sobib suurep\u00e4raselt igasse elutuppa. Kummuti kaks l\u00fckandust ja \u00fcks reguleeritav riiul pakuvad piisavalt hoiuruumi, et hoida k\u00f5ik vajalik korras ja k\u00e4eulatuses. K\u00e4sitsi freesitud puidust [&hellip;]<\/p>\n","protected":false},"featured_media":7297,"comment_status":"open","ping_status":"closed","template":"","meta":[],"product_brand":[],"product_cat":[81],"product_tag":[],"class_list":{"0":"post-7296","1":"product","2":"type-product","3":"status-publish","4":"has-post-thumbnail","6":"product_cat-kapid-riiulid-ja-kummutid","7":"product_shipping_class-livin-hill","8":"pa_kaepidemed-puidustfreespinkide-kaepidemed","9":"pa_kollektsioon-avola","10":"pa_materjal-taaskasutatud-manni-puit","11":"pa_riiulite-arv-99","12":"pa_sahtlite-arv-100","13":"pa_uste-arv-94","14":"pa_varv-tumepruun","16":"first","17":"instock","18":"sale","19":"taxable","20":"shipping-taxable","21":"purchasable","22":"product-type-simple"},"_links":{"self":[{"href":"https:\/\/blankpage.ee\/_ruumist-ruumi\/wp-json\/wp\/v2\/product\/7296","targetHints":{"allow":["GET"]}}],"collection":[{"href":"https:\/\/blankpage.ee\/_ruumist-ruumi\/wp-json\/wp\/v2\/product"}],"about":[{"href":"https:\/\/blankpage.ee\/_ruumist-ruumi\/wp-json\/wp\/v2\/types\/product"}],"replies":[{"embeddable":true,"href":"https:\/\/blankpage.ee\/_ruumist-ruumi\/wp-json\/wp\/v2\/comments?post=7296"}],"wp:featuredmedia":[{"embeddable":true,"href":"https:\/\/blankpage.ee\/_ruumist-ruumi\/wp-json\/wp\/v2\/media\/7297"}],"wp:attachment":[{"href":"https:\/\/blankpage.ee\/_ruumist-ruumi\/wp-json\/wp\/v2\/media?parent=7296"}],"wp:term":[{"taxonomy":"product_brand","embeddable":true,"href":"https:\/\/blankpage.ee\/_ruumist-ruumi\/wp-json\/wp\/v2\/product_brand?post=7296"},{"taxonomy":"product_cat","embeddable":true,"href":"https:\/\/blankpage.ee\/_ruumist-ruumi\/wp-json\/wp\/v2\/product_cat?post=7296"},{"taxonomy":"product_tag","embeddable":true,"href":"https:\/\/blankpage.ee\/_ruumist-ruumi\/wp-json\/wp\/v2\/product_tag?post=7296"}],"curies":[{"name":"wp","href":"https:\/\/api.w.org\/{rel}","templated":true}]}}