{"id":7309,"date":"2024-11-01T13:25:36","date_gmt":"2024-11-01T13:25:36","guid":{"rendered":"https:\/\/ruumistruumi.ee\/pood\/tumepruun-kummut-avola-av1700-70-taaskasutatud-mannipuidust\/"},"modified":"2025-04-10T11:58:03","modified_gmt":"2025-04-10T11:58:03","slug":"tumepruun-kummut-avola-av1700-70-taaskasutatud-mannipuidust","status":"publish","type":"product","link":"https:\/\/blankpage.ee\/_ruumist-ruumi\/pood\/tumepruun-kummut-avola-av1700-70-taaskasutatud-mannipuidust\/","title":{"rendered":"Tumepruun kummut Avola AV1700-70, taaskasutatud m\u00e4nnipuidust"},"content":{"rendered":"<p>Avola AV1700-70 kummut elutuppa. See rustikaalses stiilis kummut on valmistatud taaskasutatud m\u00e4nnipuidust, mis lisab teie ruumile soojust ja isikup\u00e4ra. Kummuti liuguksed ja stiliseeritud metallist detailid t\u00e4iendavad maal\u00e4hedast v\u00e4limust, luues harmoonilise terviku.<\/p>\n<p>Kummutil on kaks ust ja \u00fcks reguleeritav riiul, pakkudes piisavalt hoiuruumi igap\u00e4evaste esemete jaoks. Lisaks on olemas praktiline sahtel, mille m\u00f5\u00f5tmed on 35,5 x 34,5 x 14 cm, ja riiul m\u00f5\u00f5tmetega 71 x 38 cm. Kummuti puidust, freesitud k\u00e4epidemed annavad sellele elegantse viimistluse.<\/p>\n<p>Kummut on kokkupandud, ei vaja paigaldust, s\u00e4\u00e4stes teie aega ja vaeva. Selle m\u00f5\u00f5tmed on 178 cm lai, 46 cm s\u00fcgav ja 86,5 cm k\u00f5rge, mis teeb sellest muljetavaldava, kuid samas praktilise m\u00f6\u00f6blieseme teie elutuppa.<\/p>\n<p>Omadused:<br \/>\n<strong>Materjal:<\/strong> Taaskasutatud m\u00e4nnipuit.<br \/>\n<strong>V\u00e4rv:<\/strong> Tumepruun.<br \/>\n<strong>M\u00f5\u00f5tmed:<\/strong> Laius 178 cm, s\u00fcgavus 46 cm, k\u00f5rgus 86,5 cm.<br \/>\n<strong>T\u00e4iendavad detailid:<\/strong> Liuguksed, reguleeritav sisemine riiul.<br \/>\n<strong>Kokkupanek:<\/strong> Kokkupandud, ei vaja paigaldust. S\u00e4\u00e4stab aega ja vaeva.<\/p>\n<p>&nbsp;<\/p>\n","protected":false},"excerpt":{"rendered":"<p>Avola AV1700-70 kummut elutuppa. See rustikaalses stiilis kummut on valmistatud taaskasutatud m\u00e4nnipuidust, mis lisab teie ruumile soojust ja isikup\u00e4ra. Kummuti liuguksed ja stiliseeritud metallist detailid t\u00e4iendavad maal\u00e4hedast v\u00e4limust, luues harmoonilise terviku. Kummutil on kaks ust ja \u00fcks reguleeritav riiul, pakkudes piisavalt hoiuruumi igap\u00e4evaste esemete jaoks. Lisaks on olemas praktiline sahtel, mille m\u00f5\u00f5tmed on 35,5 x [&hellip;]<\/p>\n","protected":false},"featured_media":7310,"comment_status":"open","ping_status":"closed","template":"","meta":[],"product_brand":[],"product_cat":[81],"product_tag":[],"class_list":{"0":"post-7309","1":"product","2":"type-product","3":"status-publish","4":"has-post-thumbnail","6":"product_cat-kapid-riiulid-ja-kummutid","7":"product_shipping_class-livin-hill","8":"pa_kaepidemed-puit-freespinkiga-kaepidemed","9":"pa_kollektsioon-avola","10":"pa_materjal-taaskasutatud-mannipuit","11":"pa_riiulite-arv-99","12":"pa_sahtlite-arv-100","13":"pa_uste-arv-94","14":"pa_varv-tumepruun","16":"first","17":"instock","18":"sale","19":"taxable","20":"shipping-taxable","21":"purchasable","22":"product-type-simple"},"_links":{"self":[{"href":"https:\/\/blankpage.ee\/_ruumist-ruumi\/wp-json\/wp\/v2\/product\/7309","targetHints":{"allow":["GET"]}}],"collection":[{"href":"https:\/\/blankpage.ee\/_ruumist-ruumi\/wp-json\/wp\/v2\/product"}],"about":[{"href":"https:\/\/blankpage.ee\/_ruumist-ruumi\/wp-json\/wp\/v2\/types\/product"}],"replies":[{"embeddable":true,"href":"https:\/\/blankpage.ee\/_ruumist-ruumi\/wp-json\/wp\/v2\/comments?post=7309"}],"wp:featuredmedia":[{"embeddable":true,"href":"https:\/\/blankpage.ee\/_ruumist-ruumi\/wp-json\/wp\/v2\/media\/7310"}],"wp:attachment":[{"href":"https:\/\/blankpage.ee\/_ruumist-ruumi\/wp-json\/wp\/v2\/media?parent=7309"}],"wp:term":[{"taxonomy":"product_brand","embeddable":true,"href":"https:\/\/blankpage.ee\/_ruumist-ruumi\/wp-json\/wp\/v2\/product_brand?post=7309"},{"taxonomy":"product_cat","embeddable":true,"href":"https:\/\/blankpage.ee\/_ruumist-ruumi\/wp-json\/wp\/v2\/product_cat?post=7309"},{"taxonomy":"product_tag","embeddable":true,"href":"https:\/\/blankpage.ee\/_ruumist-ruumi\/wp-json\/wp\/v2\/product_tag?post=7309"}],"curies":[{"name":"wp","href":"https:\/\/api.w.org\/{rel}","templated":true}]}}