{"id":7324,"date":"2024-11-01T13:26:39","date_gmt":"2024-11-01T13:26:39","guid":{"rendered":"https:\/\/ruumistruumi.ee\/pood\/antikvalge-korge-kummut-avola-av1706-32-taaskasutatud-manni-puidust\/"},"modified":"2025-07-15T18:42:12","modified_gmt":"2025-07-15T18:42:12","slug":"antiikvalge-korge-kummut-avola-av1706-32-taaskasutatud-mannipuidust","status":"publish","type":"product","link":"https:\/\/blankpage.ee\/_ruumist-ruumi\/pood\/antiikvalge-korge-kummut-avola-av1706-32-taaskasutatud-mannipuidust\/","title":{"rendered":"Antiikvalge k\u00f5rge kummut Avola AV1706-32, taaskasutatud m\u00e4nnipuidust"},"content":{"rendered":"<p>Avola AV1706-32 k\u00f5rge kapp elutuppa. See rustikaalse stiiliga kapp on valmistatud taaskasutatud m\u00e4nnipuidust, luues sooja ja kutsuva atmosf\u00e4\u00e4ri igasse elutuppa. Kapi ainulaadsed libisevad laudauste ja stiliseeritud metallist detailid toovad esile maal\u00e4hedase v\u00f5lu, lisades ruumile isikup\u00e4ra.<\/p>\n<p>Avola kollektsiooni kuuluv k\u00f5rge kapp pakub praktilist ja stiilset lahendust igap\u00e4evaste esemete hoiustamiseks. \u00dche ukse ja \u00fche riiuliga varustatud kapp on ideaalne koht raamatute, dekoratiivesemete v\u00f5i meelelahutusseadmete paigutamiseks. Kapi sisemine riiul on reguleeritav, v\u00f5imaldades kohandada ruumi vastavalt vajadusele. Lisaks on kapp varustatud puidust freesitud k\u00e4epidemetega, mis lisavad sellele elegantset viimistlust.<\/p>\n<p>Kapi m\u00f5\u00f5tmed on 81,5 cm lai, 43,5 cm s\u00fcgav ja 86,5 cm k\u00f5rge, pakkudes piisavalt ruumi, et mahutada erinevaid esemeid. Sahtli m\u00f5\u00f5tmed on 28 x 31 x 13,5 cm ja riiuli m\u00f5\u00f5tmed 33 x 35,5 cm. Kapp on kokkupandud, ei vaja paigaldust, s\u00e4\u00e4stes aega ja vaeva.<\/p>\n<p>Omadused:<br \/>\n<strong>Materjal:<\/strong> Taaskasutatud m\u00e4nnipuit<br \/>\n<strong>V\u00e4rv:<\/strong> Antiikvalge, pruun pealis ja \u00e4\u00e4ris<br \/>\n<strong>M\u00f5\u00f5tmed:<\/strong> Laius 81,5 cm, s\u00fcgavus 43,5 cm, k\u00f5rgus 86,5 cm<br \/>\n<strong>T\u00e4iendavad detailid:<\/strong> Libisevad lauda uksed, reguleeritav sisemine riiul<br \/>\n<strong>Kokkupanek:<\/strong> Kokkupandud, ei vaja paigaldust. S\u00e4\u00e4stab aega ja vaeva.<\/p>\n<p>&nbsp;<\/p>\n","protected":false},"excerpt":{"rendered":"<p>Avola AV1706-32 k\u00f5rge kapp elutuppa. See rustikaalse stiiliga kapp on valmistatud taaskasutatud m\u00e4nnipuidust, luues sooja ja kutsuva atmosf\u00e4\u00e4ri igasse elutuppa. Kapi ainulaadsed libisevad laudauste ja stiliseeritud metallist detailid toovad esile maal\u00e4hedase v\u00f5lu, lisades ruumile isikup\u00e4ra. Avola kollektsiooni kuuluv k\u00f5rge kapp pakub praktilist ja stiilset lahendust igap\u00e4evaste esemete hoiustamiseks. \u00dche ukse ja \u00fche riiuliga varustatud kapp [&hellip;]<\/p>\n","protected":false},"featured_media":7325,"comment_status":"open","ping_status":"closed","template":"","meta":[],"product_brand":[],"product_cat":[81],"product_tag":[],"class_list":{"0":"post-7324","1":"product","2":"type-product","3":"status-publish","4":"has-post-thumbnail","6":"product_cat-kapid-riiulid-ja-kummutid","7":"product_shipping_class-livin-hill","8":"pa_kaepidemed-puidustfreespinkiga-toodeldud-kaepidemed","9":"pa_kollektsioon-avola","10":"pa_materjal-taaskasutatud-mand","11":"pa_riiulite-arv-99","12":"pa_sahtlite-arv-95","13":"pa_uste-arv-88","14":"pa_varv-valge","16":"first","17":"outofstock","18":"sale","19":"taxable","20":"shipping-taxable","21":"purchasable","22":"product-type-simple"},"_links":{"self":[{"href":"https:\/\/blankpage.ee\/_ruumist-ruumi\/wp-json\/wp\/v2\/product\/7324","targetHints":{"allow":["GET"]}}],"collection":[{"href":"https:\/\/blankpage.ee\/_ruumist-ruumi\/wp-json\/wp\/v2\/product"}],"about":[{"href":"https:\/\/blankpage.ee\/_ruumist-ruumi\/wp-json\/wp\/v2\/types\/product"}],"replies":[{"embeddable":true,"href":"https:\/\/blankpage.ee\/_ruumist-ruumi\/wp-json\/wp\/v2\/comments?post=7324"}],"wp:featuredmedia":[{"embeddable":true,"href":"https:\/\/blankpage.ee\/_ruumist-ruumi\/wp-json\/wp\/v2\/media\/7325"}],"wp:attachment":[{"href":"https:\/\/blankpage.ee\/_ruumist-ruumi\/wp-json\/wp\/v2\/media?parent=7324"}],"wp:term":[{"taxonomy":"product_brand","embeddable":true,"href":"https:\/\/blankpage.ee\/_ruumist-ruumi\/wp-json\/wp\/v2\/product_brand?post=7324"},{"taxonomy":"product_cat","embeddable":true,"href":"https:\/\/blankpage.ee\/_ruumist-ruumi\/wp-json\/wp\/v2\/product_cat?post=7324"},{"taxonomy":"product_tag","embeddable":true,"href":"https:\/\/blankpage.ee\/_ruumist-ruumi\/wp-json\/wp\/v2\/product_tag?post=7324"}],"curies":[{"name":"wp","href":"https:\/\/api.w.org\/{rel}","templated":true}]}}