{"id":7346,"date":"2024-11-01T13:28:27","date_gmt":"2024-11-01T13:28:27","guid":{"rendered":"https:\/\/ruumistruumi.ee\/pood\/helepruun-kummut-avola-av2156-40-akatsiapuust-ja-vaneerist\/"},"modified":"2025-06-17T08:57:52","modified_gmt":"2025-06-17T08:57:52","slug":"helepruun-kummut-avola-av2156-40-akatsiapuust-ja-vaneerist","status":"publish","type":"product","link":"https:\/\/blankpage.ee\/_ruumist-ruumi\/pood\/helepruun-kummut-avola-av2156-40-akatsiapuust-ja-vaneerist\/","title":{"rendered":"Helepruun kummut Avola AV2156-40, akaatsiapuidust"},"content":{"rendered":"<p>Avola AV2156-40 kummut elutuppa. See elegantne kummut, mis kuulub Avola kollektsiooni, on valmistatud naturaalsest akaatsiapuidust ja kaetud vineeriga. Kummuti uksed on kaunistatud inkrusteeritud mustritega, mis lisavad sellele unikaalsust ja iseloomu. Naturaalse puidu hele toon ja vanutatud viimistlus koos kulumisj\u00e4lgedega annavad sellele ajatu v\u00e4limuse. Lihtne disain on rikastatud freesitud elementidega, mis loovad harmoonilise terviku.<\/p>\n<p>Kummutil on kaks ust ja kaks riiulit, pakkudes praktilist hoiuruumi. Uksed avanevad kahele eraldi kapile, mille sees on reguleeritav sisemine riiul, v\u00f5imaldades kohandada ruumi vastavalt vajadusele. Metallist k\u00e4epidemed lisavad kummutile modernset h\u00f5ngu. Kummuti m\u00f5\u00f5tmed on laius 101,5 cm, s\u00fcgavus 38 cm ja k\u00f5rgus 81,5 cm, mis teeb sellest sobiva valiku erineva suurusega elutubadesse.<\/p>\n<p>Omadused:<br \/>\n<strong>Materjal:<\/strong> Akaatsiapuit ja vineer.<br \/>\n<strong>V\u00e4rv:<\/strong> Naturaalse puidu hele toon.<br \/>\n<strong>M\u00f5\u00f5tmed:<\/strong> Laius 101,5 cm, s\u00fcgavus 38 cm, k\u00f5rgus 81,5 cm.<br \/>\n<strong>T\u00e4iendavad detailid:<\/strong> Reguleeritav sisemine riiul; uksed avanevad kahele eraldi kapile.<br \/>\n<strong>Kokkupanek:<\/strong> Kokkupandud, ei vaja paigaldust. S\u00e4\u00e4stab aega ja vaeva.<\/p>\n<p>&nbsp;<\/p>\n","protected":false},"excerpt":{"rendered":"<p>Avola AV2156-40 kummut elutuppa. See elegantne kummut, mis kuulub Avola kollektsiooni, on valmistatud naturaalsest akaatsiapuidust ja kaetud vineeriga. Kummuti uksed on kaunistatud inkrusteeritud mustritega, mis lisavad sellele unikaalsust ja iseloomu. Naturaalse puidu hele toon ja vanutatud viimistlus koos kulumisj\u00e4lgedega annavad sellele ajatu v\u00e4limuse. Lihtne disain on rikastatud freesitud elementidega, mis loovad harmoonilise terviku. Kummutil on [&hellip;]<\/p>\n","protected":false},"featured_media":7347,"comment_status":"open","ping_status":"closed","template":"","meta":[],"product_brand":[],"product_cat":[81],"product_tag":[],"class_list":{"0":"post-7346","1":"product","2":"type-product","3":"status-publish","4":"has-post-thumbnail","6":"product_cat-kapid-riiulid-ja-kummutid","7":"product_shipping_class-livin-hill","8":"pa_kaepidemed-metall","9":"pa_kollektsioon-avola","10":"pa_materjal-akaatsiapuit","11":"pa_riiulite-arv-76","12":"pa_uste-arv-94","13":"pa_varv-helepruun","15":"first","16":"instock","17":"sale","18":"taxable","19":"shipping-taxable","20":"purchasable","21":"product-type-simple"},"_links":{"self":[{"href":"https:\/\/blankpage.ee\/_ruumist-ruumi\/wp-json\/wp\/v2\/product\/7346","targetHints":{"allow":["GET"]}}],"collection":[{"href":"https:\/\/blankpage.ee\/_ruumist-ruumi\/wp-json\/wp\/v2\/product"}],"about":[{"href":"https:\/\/blankpage.ee\/_ruumist-ruumi\/wp-json\/wp\/v2\/types\/product"}],"replies":[{"embeddable":true,"href":"https:\/\/blankpage.ee\/_ruumist-ruumi\/wp-json\/wp\/v2\/comments?post=7346"}],"wp:featuredmedia":[{"embeddable":true,"href":"https:\/\/blankpage.ee\/_ruumist-ruumi\/wp-json\/wp\/v2\/media\/7347"}],"wp:attachment":[{"href":"https:\/\/blankpage.ee\/_ruumist-ruumi\/wp-json\/wp\/v2\/media?parent=7346"}],"wp:term":[{"taxonomy":"product_brand","embeddable":true,"href":"https:\/\/blankpage.ee\/_ruumist-ruumi\/wp-json\/wp\/v2\/product_brand?post=7346"},{"taxonomy":"product_cat","embeddable":true,"href":"https:\/\/blankpage.ee\/_ruumist-ruumi\/wp-json\/wp\/v2\/product_cat?post=7346"},{"taxonomy":"product_tag","embeddable":true,"href":"https:\/\/blankpage.ee\/_ruumist-ruumi\/wp-json\/wp\/v2\/product_tag?post=7346"}],"curies":[{"name":"wp","href":"https:\/\/api.w.org\/{rel}","templated":true}]}}