{"id":7357,"date":"2024-11-01T13:29:05","date_gmt":"2024-11-01T13:29:05","guid":{"rendered":"https:\/\/ruumistruumi.ee\/pood\/helepruun-kummut-avola-av2156-60-akatsiapuust-ja-vineerist\/"},"modified":"2025-04-10T11:58:04","modified_gmt":"2025-04-10T11:58:04","slug":"helepruun-kummut-avola-av2156-60-akatsiapuust-ja-vineerist","status":"publish","type":"product","link":"https:\/\/blankpage.ee\/_ruumist-ruumi\/pood\/helepruun-kummut-avola-av2156-60-akatsiapuust-ja-vineerist\/","title":{"rendered":"Helepruun Avola AV2156-60 kummut, akaatsiapuidust"},"content":{"rendered":"<p>Avola AV2156-60 kummut elutuppa. See elegantne kummut loodusliku puidu toonis, millel on intarsia uksed, toob ruumi sooja ja kutsuva atmosf\u00e4\u00e4ri. Kummuti pind on eba\u00fchtlase struktuuriga ning vanutatud kulutuste n\u00e4ol, mis lisavad sellele iseloomu ja ajatut v\u00f5lu. Lihtne disain on rikastatud peenelt freesitud elementidega, mis loovad huvitava visuaalse efekti.<\/p>\n<p>Kummutil on kolm ust ja kaks reguleeritavat riiulit, pakkudes piisavalt hoiuruumi erinevatele esemetele. Metallist k\u00e4epidemed lisavad modernset puudutust ning tagavad mugava kasutamise. Kummuti topeltukse avamine on m\u00f5\u00f5tmetega 94 x 30,5 x 61 cm ning k\u00fclgmise ukse avamine 47 x 30,5 x 61 cm, mis v\u00f5imaldab h\u00f5lpsat ligip\u00e4\u00e4su.<\/p>\n<p>Omadused:<br \/>\n<strong>Materjal:<\/strong> Akaatsiapuit ja vineer.<br \/>\n<strong>V\u00e4rv:<\/strong> Looduslik hele puit.<br \/>\n<strong>M\u00f5\u00f5tmed:<\/strong> Laius 152,5 cm, s\u00fcgavus 46 cm, k\u00f5rgus 81,5 cm.<br \/>\n<strong>T\u00e4iendavad detailid:<\/strong> Reguleeritav sisemine riiul, metallist k\u00e4epidemed.<br \/>\n<strong>Kokkupanek:<\/strong> Kokkupandud, ei vaja paigaldust. S\u00e4\u00e4stab aega ja vaeva.<\/p>\n<p>&nbsp;<\/p>\n","protected":false},"excerpt":{"rendered":"<p>Avola AV2156-60 kummut elutuppa. See elegantne kummut loodusliku puidu toonis, millel on intarsia uksed, toob ruumi sooja ja kutsuva atmosf\u00e4\u00e4ri. Kummuti pind on eba\u00fchtlase struktuuriga ning vanutatud kulutuste n\u00e4ol, mis lisavad sellele iseloomu ja ajatut v\u00f5lu. Lihtne disain on rikastatud peenelt freesitud elementidega, mis loovad huvitava visuaalse efekti. Kummutil on kolm ust ja kaks reguleeritavat [&hellip;]<\/p>\n","protected":false},"featured_media":7358,"comment_status":"open","ping_status":"closed","template":"","meta":[],"product_brand":[],"product_cat":[71],"product_tag":[],"class_list":{"0":"post-7357","1":"product","2":"type-product","3":"status-publish","4":"has-post-thumbnail","6":"product_cat-moobel","7":"product_shipping_class-livin-hill","8":"pa_kaepidemed-metall","9":"pa_kollektsioon-avola","10":"pa_materjal-akaatsiapuit","11":"pa_riiulite-arv-76","12":"pa_uste-arv-84","13":"pa_varv-helepruun","15":"first","16":"instock","17":"sale","18":"taxable","19":"shipping-taxable","20":"purchasable","21":"product-type-simple"},"_links":{"self":[{"href":"https:\/\/blankpage.ee\/_ruumist-ruumi\/wp-json\/wp\/v2\/product\/7357","targetHints":{"allow":["GET"]}}],"collection":[{"href":"https:\/\/blankpage.ee\/_ruumist-ruumi\/wp-json\/wp\/v2\/product"}],"about":[{"href":"https:\/\/blankpage.ee\/_ruumist-ruumi\/wp-json\/wp\/v2\/types\/product"}],"replies":[{"embeddable":true,"href":"https:\/\/blankpage.ee\/_ruumist-ruumi\/wp-json\/wp\/v2\/comments?post=7357"}],"wp:featuredmedia":[{"embeddable":true,"href":"https:\/\/blankpage.ee\/_ruumist-ruumi\/wp-json\/wp\/v2\/media\/7358"}],"wp:attachment":[{"href":"https:\/\/blankpage.ee\/_ruumist-ruumi\/wp-json\/wp\/v2\/media?parent=7357"}],"wp:term":[{"taxonomy":"product_brand","embeddable":true,"href":"https:\/\/blankpage.ee\/_ruumist-ruumi\/wp-json\/wp\/v2\/product_brand?post=7357"},{"taxonomy":"product_cat","embeddable":true,"href":"https:\/\/blankpage.ee\/_ruumist-ruumi\/wp-json\/wp\/v2\/product_cat?post=7357"},{"taxonomy":"product_tag","embeddable":true,"href":"https:\/\/blankpage.ee\/_ruumist-ruumi\/wp-json\/wp\/v2\/product_tag?post=7357"}],"curies":[{"name":"wp","href":"https:\/\/api.w.org\/{rel}","templated":true}]}}