{"id":7365,"date":"2024-11-01T13:44:21","date_gmt":"2024-11-01T13:44:21","guid":{"rendered":"https:\/\/ruumistruumi.ee\/pood\/helepruun-kummut-avola-av2185-54-akatsiapuust-ja-vineerist\/"},"modified":"2025-04-10T11:58:04","modified_gmt":"2025-04-10T11:58:04","slug":"helepruun-kummut-avola-av2185-54-akatsiapuust-ja-vineerist","status":"publish","type":"product","link":"https:\/\/blankpage.ee\/_ruumist-ruumi\/pood\/helepruun-kummut-avola-av2185-54-akatsiapuust-ja-vineerist\/","title":{"rendered":"Helepruun Avola AV2185-54 kummut, akaatsiapuidust"},"content":{"rendered":"<p>Avola AV2185-54 kummut elutuppa. See ovaalne boho-stiilis kummut on valmistatud akaatsiapuidust, millele on lisatud vaneer. Kummuti iseloomulikud vertikaalsed liistud annavad vormile kerguse, luues teie ruumile originaalse sisekujunduse. Toode sobib ideaalselt ainulaadse aktsendina igasse interj\u00f6\u00f6ri.<\/p>\n<p>Kummuti kaks riiulit pakuvad praktilist hoiuruumi, samas kui ovaalne pealisplaat ja dekoratiivsed vertikaalsed liistud lisavad visuaalset huvi. Kummuti m\u00f5\u00f5tmed on 137 cm lai, 46 cm s\u00fcgav ja 81 cm k\u00f5rge, mis teeb sellest ruumikas ja funktsionaalne m\u00f6\u00f6bliese. Esiava on 40,5 cm lai, riiulid on m\u00f5\u00f5tmetega 131 x 38,5 x 31 cm ning p\u00f5randast alumise osani on 10 cm.<\/p>\n<p>Omadused:<br \/>\n<strong>Materjal:<\/strong> Akaatsiapuit ja vaneer.<br \/>\n<strong>V\u00e4rv:<\/strong> Hele pruun.<br \/>\n<strong>M\u00f5\u00f5tmed:<\/strong> Laius 137 cm, s\u00fcgavus 46 cm, k\u00f5rgus 81 cm.<br \/>\n<strong>T\u00e4iendavad detailid:<\/strong> Ovaalne pealisplaat ja dekoratiivsed vertikaalsed liistud.<br \/>\n<strong>Kokkupanek:<\/strong> Kokkupandud, ei vaja paigaldust. S\u00e4\u00e4stab aega ja vaeva.<\/p>\n<p>&nbsp;<\/p>\n","protected":false},"excerpt":{"rendered":"<p>Avola AV2185-54 kummut elutuppa. See ovaalne boho-stiilis kummut on valmistatud akaatsiapuidust, millele on lisatud vaneer. Kummuti iseloomulikud vertikaalsed liistud annavad vormile kerguse, luues teie ruumile originaalse sisekujunduse. Toode sobib ideaalselt ainulaadse aktsendina igasse interj\u00f6\u00f6ri. Kummuti kaks riiulit pakuvad praktilist hoiuruumi, samas kui ovaalne pealisplaat ja dekoratiivsed vertikaalsed liistud lisavad visuaalset huvi. Kummuti m\u00f5\u00f5tmed on 137 [&hellip;]<\/p>\n","protected":false},"featured_media":7366,"comment_status":"open","ping_status":"closed","template":"","meta":[],"product_brand":[],"product_cat":[81],"product_tag":[],"class_list":{"0":"post-7365","1":"product","2":"type-product","3":"status-publish","4":"has-post-thumbnail","6":"product_cat-kapid-riiulid-ja-kummutid","7":"product_shipping_class-livin-hill","8":"pa_kollektsioon-avola","9":"pa_materjal-akaatsiapuit","10":"pa_riiulite-arv-76","11":"pa_varv-helepruun","13":"first","14":"instock","15":"sale","16":"taxable","17":"shipping-taxable","18":"purchasable","19":"product-type-simple"},"_links":{"self":[{"href":"https:\/\/blankpage.ee\/_ruumist-ruumi\/wp-json\/wp\/v2\/product\/7365","targetHints":{"allow":["GET"]}}],"collection":[{"href":"https:\/\/blankpage.ee\/_ruumist-ruumi\/wp-json\/wp\/v2\/product"}],"about":[{"href":"https:\/\/blankpage.ee\/_ruumist-ruumi\/wp-json\/wp\/v2\/types\/product"}],"replies":[{"embeddable":true,"href":"https:\/\/blankpage.ee\/_ruumist-ruumi\/wp-json\/wp\/v2\/comments?post=7365"}],"wp:featuredmedia":[{"embeddable":true,"href":"https:\/\/blankpage.ee\/_ruumist-ruumi\/wp-json\/wp\/v2\/media\/7366"}],"wp:attachment":[{"href":"https:\/\/blankpage.ee\/_ruumist-ruumi\/wp-json\/wp\/v2\/media?parent=7365"}],"wp:term":[{"taxonomy":"product_brand","embeddable":true,"href":"https:\/\/blankpage.ee\/_ruumist-ruumi\/wp-json\/wp\/v2\/product_brand?post=7365"},{"taxonomy":"product_cat","embeddable":true,"href":"https:\/\/blankpage.ee\/_ruumist-ruumi\/wp-json\/wp\/v2\/product_cat?post=7365"},{"taxonomy":"product_tag","embeddable":true,"href":"https:\/\/blankpage.ee\/_ruumist-ruumi\/wp-json\/wp\/v2\/product_tag?post=7365"}],"curies":[{"name":"wp","href":"https:\/\/api.w.org\/{rel}","templated":true}]}}