{"id":7376,"date":"2024-11-01T13:45:11","date_gmt":"2024-11-01T13:45:11","guid":{"rendered":"https:\/\/ruumistruumi.ee\/pood\/helepruun-kummut-avola-av2185-72-akatsiapuust-ja-vaneerist\/"},"modified":"2025-04-10T11:58:04","modified_gmt":"2025-04-10T11:58:04","slug":"helepruun-kummut-avola-av2185-72-akatsiapuust-ja-vaneerist","status":"publish","type":"product","link":"https:\/\/blankpage.ee\/_ruumist-ruumi\/pood\/helepruun-kummut-avola-av2185-72-akatsiapuust-ja-vaneerist\/","title":{"rendered":"Helepruun kummut Avola AV2185-72, akaatsiapuidust"},"content":{"rendered":"<p>Avola AV2185-72 kummut elutuppa. See ovaalne boho stiilis kummut on valmistatud akaatsiapuidust, millele lisab erip\u00e4ra vertikaalsete pulkade disain. Need annavad vormile kerguse ja loovad teie ruumile ainulaadse ilme. Kummut sobib ideaalselt kui eristuv aktsent igasse interj\u00f6\u00f6ri.<\/p>\n<p>Kummuti omadused on mitmek\u00fclgsed ja praktilised. Kaks riiulit pakuvad piisavalt hoiuruumi, et hoida teie elutoa tarvikud organiseeritult. Esiavamine on 41 cm, riiuli m\u00f5\u00f5tmed on 176 x 38,5 x 31 cm ning p\u00f5randast alumise osani on 10 cm. Kummuti ovaalne pealisplaat ja dekoratiivsed vertikaalsed pulgad lisavad sellele stiili ja isikup\u00e4ra.<\/p>\n<p>Omadused:<br \/>\n<strong>Materjal:<\/strong> Akaatsiapuit ja vineer.<br \/>\n<strong>V\u00e4rv:<\/strong> Hele pruun.<br \/>\n<strong>M\u00f5\u00f5tmed:<\/strong> Laius 183 cm, s\u00fcgavus 46 cm, k\u00f5rgus 81 cm.<br \/>\n<strong>T\u00e4iendavad detailid:<\/strong> Ovaalne pealisplaat ja dekoratiivsed vertikaalsed pulgad.<br \/>\n<strong>Kokkupanek:<\/strong> Kokkupandud, ei vaja paigaldust. S\u00e4\u00e4stab aega ja vaeva.<\/p>\n<p>&nbsp;<\/p>\n","protected":false},"excerpt":{"rendered":"<p>Avola AV2185-72 kummut elutuppa. See ovaalne boho stiilis kummut on valmistatud akaatsiapuidust, millele lisab erip\u00e4ra vertikaalsete pulkade disain. Need annavad vormile kerguse ja loovad teie ruumile ainulaadse ilme. Kummut sobib ideaalselt kui eristuv aktsent igasse interj\u00f6\u00f6ri. Kummuti omadused on mitmek\u00fclgsed ja praktilised. Kaks riiulit pakuvad piisavalt hoiuruumi, et hoida teie elutoa tarvikud organiseeritult. Esiavamine on [&hellip;]<\/p>\n","protected":false},"featured_media":7377,"comment_status":"open","ping_status":"closed","template":"","meta":[],"product_brand":[],"product_cat":[81],"product_tag":[],"class_list":{"0":"post-7376","1":"product","2":"type-product","3":"status-publish","4":"has-post-thumbnail","6":"product_cat-kapid-riiulid-ja-kummutid","7":"product_shipping_class-livin-hill","8":"pa_kollektsioon-avola","9":"pa_materjal-akaatsiapuit","10":"pa_riiulite-arv-76","11":"pa_varv-helepruun","13":"first","14":"instock","15":"sale","16":"taxable","17":"shipping-taxable","18":"purchasable","19":"product-type-simple"},"_links":{"self":[{"href":"https:\/\/blankpage.ee\/_ruumist-ruumi\/wp-json\/wp\/v2\/product\/7376","targetHints":{"allow":["GET"]}}],"collection":[{"href":"https:\/\/blankpage.ee\/_ruumist-ruumi\/wp-json\/wp\/v2\/product"}],"about":[{"href":"https:\/\/blankpage.ee\/_ruumist-ruumi\/wp-json\/wp\/v2\/types\/product"}],"replies":[{"embeddable":true,"href":"https:\/\/blankpage.ee\/_ruumist-ruumi\/wp-json\/wp\/v2\/comments?post=7376"}],"wp:featuredmedia":[{"embeddable":true,"href":"https:\/\/blankpage.ee\/_ruumist-ruumi\/wp-json\/wp\/v2\/media\/7377"}],"wp:attachment":[{"href":"https:\/\/blankpage.ee\/_ruumist-ruumi\/wp-json\/wp\/v2\/media?parent=7376"}],"wp:term":[{"taxonomy":"product_brand","embeddable":true,"href":"https:\/\/blankpage.ee\/_ruumist-ruumi\/wp-json\/wp\/v2\/product_brand?post=7376"},{"taxonomy":"product_cat","embeddable":true,"href":"https:\/\/blankpage.ee\/_ruumist-ruumi\/wp-json\/wp\/v2\/product_cat?post=7376"},{"taxonomy":"product_tag","embeddable":true,"href":"https:\/\/blankpage.ee\/_ruumist-ruumi\/wp-json\/wp\/v2\/product_tag?post=7376"}],"curies":[{"name":"wp","href":"https:\/\/api.w.org\/{rel}","templated":true}]}}