{"id":73821,"date":"2025-01-06T23:38:40","date_gmt":"2025-01-06T23:38:40","guid":{"rendered":"https:\/\/ruumistruumi.ee\/pood\/triibuline-ruloo-50x100-cm-kanga-laius-459-cm-poluester-4\/"},"modified":"2025-08-21T02:16:17","modified_gmt":"2025-08-21T02:16:17","slug":"triibuline-ruloo-50x100-cm-kanga-laius-459-cm-poluester-4","status":"publish","type":"product","link":"https:\/\/blankpage.ee\/_ruumist-ruumi\/pood\/triibuline-ruloo-50x100-cm-kanga-laius-459-cm-poluester-4\/","title":{"rendered":"Triibuline ruloo 50&#215;100 cm kanga laius 45,9 cm pol\u00fcester"},"content":{"rendered":"<p>Suurendage oma toa stiili ja funktsionaalsust selle sebrakardinaga, mis pakub privaatsust ja elegantsi. Vastupidav ja v\u00e4he hooldust: 100% pol\u00fcestrist valmistatud sebraruloo on ehitatud kestma ja kulumiskindlalt. Neid on ka lihtne puhastada, tavaliselt on vaja kerget tolmu p\u00fchkida v\u00f5i niiske lapiga p\u00fchkida.Privaatsus ja p\u00e4ikesekaitse: kahekihilisel disainil on vaheldumisi l\u00e4bipaistvad ja l\u00e4bipaistmatud kangaspaneelid. Valgust saab h\u00f5lpsasti juhtida kettt\u00f5stuki abil, mis v\u00f5imaldab sujuvalt reguleerida ruumi valgustust pooll\u00e4bipaistvast kuni t\u00e4ielikult pimedani.Kaks monteerimisviisi: Sebra ruloo saate kinnitada seina v\u00f5i akna k\u00fclge kruvidega v\u00f5i ilma puurimiseta, kasutades kinnitusklambreid, olenevalt teie vajadustest.Elegantne disain: t\u00e4nu oma elegantsele ja kaasaegsele mustriga disainile t\u00e4iendab see rulookardin vaevata mitmesuguseid ruumikujundusi. Saate seda kasutada elutoas, magamistoas, kontoris ja nii edasi.Laste turvalisus ja reguleeritavus: Ruloo sisaldab keti\u00fchendust, mille abil on lihtne k\u00f5rgust vastavalt oma vajadustele reguleerida, lisaks on sellel lapse turvalisuse lisamiseks juhtmeklamber. Hoiatus.Hoidke juhtmeid v\u00e4ikelastele k\u00e4ttesaamatus kohas. N\u00f6\u00f6rid v\u00f5ivad lapse kaela \u00fcmber keerduda. Hea teada:Enne ruloode ostmist alustage aknaklaasi m\u00f5\u00f5tmisega. Lihtsalt s\u00f5bralik n\u00e4pun\u00e4ide: kangas on kogulaiusest veidi kitsam, kaasa arvatud klambrid.Veendumaks, et teie uued rulood pakuvad t\u00e4ielikku katvust, lisage tellitava materjali arvutamisel aknaklaasi laiusele 4,1 cm.<\/p>\n<ul>\n<li>V\u00e4rvus: helehall<\/li>\n<li>Materjal: 100% pol\u00fcester<\/li>\n<li>\u00dclemise siini materjal: alumiinium<\/li>\n<li>Koguk\u00f5rgus: 100 cm<\/li>\n<li>Kogulaius: 50 cm<\/li>\n<li>Kanga laius: 45,9 cm (tolerants \u00b1 4 mm)<\/li>\n<li>Erinevusega: 4,1 cm<\/li>\n<li>L\u00e4bipaistmatud ribad k\u00f5rgus 7,5 cm, l\u00e4bipaistvad ribad 5 cm<\/li>\n<li>Aknaraami paksuse vahemik: 0,5-2,5 cm<\/li>\n<li>Kaks monteerimisviisi (kruvidega v\u00f5i ilma puurimiseta, kasutades kinnitusklambreid)<\/li>\n<li>Kaasas paigaldustarvikud<\/li>\n<li>Keti\u00fchendusega<\/li>\n<li>Vajalik kokkupanek: jah<\/li>\n<\/ul>\n","protected":false},"excerpt":{"rendered":"<p>Suurendage oma toa stiili ja funktsionaalsust selle sebrakardinaga, mis pakub privaatsust ja elegantsi. Vastupidav ja v\u00e4he hooldust: 100% pol\u00fcestrist valmistatud sebraruloo on ehitatud kestma ja kulumiskindlalt. Neid on ka lihtne puhastada, tavaliselt on vaja kerget tolmu p\u00fchkida v\u00f5i niiske lapiga p\u00fchkida.Privaatsus ja p\u00e4ikesekaitse: kahekihilisel disainil on vaheldumisi l\u00e4bipaistvad ja l\u00e4bipaistmatud kangaspaneelid. Valgust saab h\u00f5lpsasti juhtida [&hellip;]<\/p>\n","protected":false},"featured_media":73822,"comment_status":"open","ping_status":"open","template":"","meta":[],"product_brand":[],"product_cat":[851],"product_tag":[],"class_list":{"0":"post-73821","1":"product","2":"type-product","3":"status-publish","4":"has-post-thumbnail","6":"product_cat-rulood","7":"product_shipping_class-vidaxl","8":"pa_varv-hall","10":"first","11":"outofstock","12":"taxable","13":"shipping-taxable","14":"purchasable","15":"product-type-simple"},"_links":{"self":[{"href":"https:\/\/blankpage.ee\/_ruumist-ruumi\/wp-json\/wp\/v2\/product\/73821","targetHints":{"allow":["GET"]}}],"collection":[{"href":"https:\/\/blankpage.ee\/_ruumist-ruumi\/wp-json\/wp\/v2\/product"}],"about":[{"href":"https:\/\/blankpage.ee\/_ruumist-ruumi\/wp-json\/wp\/v2\/types\/product"}],"replies":[{"embeddable":true,"href":"https:\/\/blankpage.ee\/_ruumist-ruumi\/wp-json\/wp\/v2\/comments?post=73821"}],"wp:featuredmedia":[{"embeddable":true,"href":"https:\/\/blankpage.ee\/_ruumist-ruumi\/wp-json\/wp\/v2\/media\/73822"}],"wp:attachment":[{"href":"https:\/\/blankpage.ee\/_ruumist-ruumi\/wp-json\/wp\/v2\/media?parent=73821"}],"wp:term":[{"taxonomy":"product_brand","embeddable":true,"href":"https:\/\/blankpage.ee\/_ruumist-ruumi\/wp-json\/wp\/v2\/product_brand?post=73821"},{"taxonomy":"product_cat","embeddable":true,"href":"https:\/\/blankpage.ee\/_ruumist-ruumi\/wp-json\/wp\/v2\/product_cat?post=73821"},{"taxonomy":"product_tag","embeddable":true,"href":"https:\/\/blankpage.ee\/_ruumist-ruumi\/wp-json\/wp\/v2\/product_tag?post=73821"}],"curies":[{"name":"wp","href":"https:\/\/api.w.org\/{rel}","templated":true}]}}