{"id":7388,"date":"2024-11-01T13:45:59","date_gmt":"2024-11-01T13:45:59","guid":{"rendered":"https:\/\/ruumistruumi.ee\/pood\/hall-muugiautomaadi-laud-avola-av375-22-akatsiapuust-mdf-st\/"},"modified":"2025-04-10T11:58:04","modified_gmt":"2025-04-10T11:58:04","slug":"mundiroheline-ookapp-avola-av375-22-akaatsiapuidust","status":"publish","type":"product","link":"https:\/\/blankpage.ee\/_ruumist-ruumi\/pood\/mundiroheline-ookapp-avola-av375-22-akaatsiapuidust\/","title":{"rendered":"M\u00fcndiroheline \u00f6\u00f6kapp Avola AV375-22, akaatsiapuidust"},"content":{"rendered":"<p>Avola AV375-22 \u00f6\u00f6kapp magamistuppa. See halli-m\u00fcnditooni \u00f6\u00f6kapp on valmistatud akaatsiapuust ja MDF-ist, millel on n\u00e4htav puidustruktuur. Toode sisaldab klaasitud ust dekoratiivsete liistudega ja \u00fchte sahtlit, millel on peenelt freesitud servad.<\/p>\n<p>Avola kollektsiooni \u00f6\u00f6kapp toob magamistuppa elegantset ja praktilist disaini. Metallist k\u00e4epidemed lisavad modernset aktsenti, samas kui klaasitud uks ja dekoratiivsed liistud annavad sellele ainulaadse v\u00e4limuse. Sahtel ja kapp pakuvad piisavalt hoiuruumi, et hoida k\u00f5ik vajalik k\u00e4eulatuses. Lisaks on \u00f6\u00f6kapil integreeritud toiteallikas kahe pistikupesa ja kahe USB-pordiga, mis lisab mugavust igap\u00e4evaelus.<\/p>\n<p>Omadused:<br \/>\n<strong>Materjal:<\/strong> Akaatsiapuit ja MDF.<br \/>\n<strong>V\u00e4rv:<\/strong> Hall-m\u00fcnt.<br \/>\n<strong>M\u00f5\u00f5tmed:<\/strong> Laius 41 cm, s\u00fcgavus 56 cm, k\u00f5rgus 64 cm.<br \/>\n<strong>T\u00e4iendavad detailid:<\/strong> Sahtli m\u00f5\u00f5tmed 24,5 x 28,5 x 5,5 cm; ukse m\u00f5\u00f5tmed 30,5 x 39,5 cm; kapi m\u00f5\u00f5tmed 30,5 x 49,5 x 39,5 cm; tahke pind ilma klapitava osata 40,5 x 44,5 cm.<br \/>\n<strong>Kokkupanek:<\/strong> Kokkupandud, ei vaja paigaldust. S\u00e4\u00e4stab aega ja vaeva.<\/p>\n<p>&nbsp;<\/p>\n","protected":false},"excerpt":{"rendered":"<p>Avola AV375-22 \u00f6\u00f6kapp magamistuppa. See halli-m\u00fcnditooni \u00f6\u00f6kapp on valmistatud akaatsiapuust ja MDF-ist, millel on n\u00e4htav puidustruktuur. Toode sisaldab klaasitud ust dekoratiivsete liistudega ja \u00fchte sahtlit, millel on peenelt freesitud servad. Avola kollektsiooni \u00f6\u00f6kapp toob magamistuppa elegantset ja praktilist disaini. Metallist k\u00e4epidemed lisavad modernset aktsenti, samas kui klaasitud uks ja dekoratiivsed liistud annavad sellele ainulaadse v\u00e4limuse. [&hellip;]<\/p>\n","protected":false},"featured_media":7389,"comment_status":"open","ping_status":"closed","template":"","meta":[],"product_brand":[],"product_cat":[92],"product_tag":[],"class_list":{"0":"post-7388","1":"product","2":"type-product","3":"status-publish","4":"has-post-thumbnail","6":"product_cat-ookapid","7":"product_shipping_class-livin-hill","8":"pa_kaepidemed-metall","9":"pa_kollektsioon-avola","10":"pa_materjal-akaatsiapuit","11":"pa_sahtlite-arv-87","12":"pa_uste-arv-88","13":"pa_varv-roheline","15":"first","16":"instock","17":"sale","18":"taxable","19":"shipping-taxable","20":"purchasable","21":"product-type-simple"},"_links":{"self":[{"href":"https:\/\/blankpage.ee\/_ruumist-ruumi\/wp-json\/wp\/v2\/product\/7388","targetHints":{"allow":["GET"]}}],"collection":[{"href":"https:\/\/blankpage.ee\/_ruumist-ruumi\/wp-json\/wp\/v2\/product"}],"about":[{"href":"https:\/\/blankpage.ee\/_ruumist-ruumi\/wp-json\/wp\/v2\/types\/product"}],"replies":[{"embeddable":true,"href":"https:\/\/blankpage.ee\/_ruumist-ruumi\/wp-json\/wp\/v2\/comments?post=7388"}],"wp:featuredmedia":[{"embeddable":true,"href":"https:\/\/blankpage.ee\/_ruumist-ruumi\/wp-json\/wp\/v2\/media\/7389"}],"wp:attachment":[{"href":"https:\/\/blankpage.ee\/_ruumist-ruumi\/wp-json\/wp\/v2\/media?parent=7388"}],"wp:term":[{"taxonomy":"product_brand","embeddable":true,"href":"https:\/\/blankpage.ee\/_ruumist-ruumi\/wp-json\/wp\/v2\/product_brand?post=7388"},{"taxonomy":"product_cat","embeddable":true,"href":"https:\/\/blankpage.ee\/_ruumist-ruumi\/wp-json\/wp\/v2\/product_cat?post=7388"},{"taxonomy":"product_tag","embeddable":true,"href":"https:\/\/blankpage.ee\/_ruumist-ruumi\/wp-json\/wp\/v2\/product_tag?post=7388"}],"curies":[{"name":"wp","href":"https:\/\/api.w.org\/{rel}","templated":true}]}}