{"id":7401,"date":"2024-11-01T13:46:50","date_gmt":"2024-11-01T13:46:50","guid":{"rendered":"https:\/\/ruumistruumi.ee\/pood\/helepruun-korge-kummut-avola-av2125-32-akatsiapuust-ja-vineerist\/"},"modified":"2025-04-10T11:58:04","modified_gmt":"2025-04-10T11:58:04","slug":"helepruun-korge-kummut-avola-av2125-32-akatsiapuust-ja-vineerist","status":"publish","type":"product","link":"https:\/\/blankpage.ee\/_ruumist-ruumi\/pood\/helepruun-korge-kummut-avola-av2125-32-akatsiapuust-ja-vineerist\/","title":{"rendered":"Helepruun vitriinkapp Avola AV2125-32, akaatsiapuidust"},"content":{"rendered":"<p>Avola AV2125-32 k\u00f5rge kapp elutuppa. See rustikaalne k\u00f5rge kapp on pruunis toonis, millel on iseloomulik vanutatud viimistlus ja dekoratiivsed liistud. Kapi klaasuks ja freesitud pealisplaat lisavad sellele ainulaadset v\u00f5lu. <\/p>\n<p>Avola kollektsiooni kuuluv kapp on valmistatud kvaliteetsest akaatsiapuidust ja vineerist, mis tagab vastupidavuse ja pikaealisuse. Kapi kaks ust ja \u00fcks reguleeritav riiul pakuvad praktilist hoiuruumi, v\u00f5imaldades mugavalt organiseerida ja esitleda oma lemmikesemeid. Kapi puidust k\u00e4epidemed lisavad sellele soojust ja loodusl\u00e4hedust. <\/p>\n<p>Kapi m\u00f5\u00f5tmed on 82 cm laius, 38 cm s\u00fcgavus ja 106,5 cm k\u00f5rgus, mis teeb sellest ideaalse valiku igasse elutuppa, pakkudes piisavalt hoiuruumi ilma ruumi \u00fcle koormamata. Kokkupandud, ei vaja paigaldust, s\u00e4\u00e4stab aega ja vaeva. <\/p>\n<p>Omadused:<br \/>\n<strong>Materjal:<\/strong> Akaatsiapuit ja vineer.<br \/>\n<strong>V\u00e4rv:<\/strong> Hele pruun.<br \/>\n<strong>M\u00f5\u00f5tmed:<\/strong> Kapi laius 82 cm, s\u00fcgavus 38 cm, k\u00f5rgus 106,5 cm.<br \/>\n<strong>T\u00e4iendavad detailid:<\/strong> Reguleeritav sisemine riiul ja shabby chic stiilis viimistlus.<br \/>\n<strong>Kokkupanek:<\/strong> Kokkupandud, ei vaja paigaldust.<\/p>\n<p>&nbsp;<\/p>\n","protected":false},"excerpt":{"rendered":"<p>Avola AV2125-32 k\u00f5rge kapp elutuppa. See rustikaalne k\u00f5rge kapp on pruunis toonis, millel on iseloomulik vanutatud viimistlus ja dekoratiivsed liistud. Kapi klaasuks ja freesitud pealisplaat lisavad sellele ainulaadset v\u00f5lu. Avola kollektsiooni kuuluv kapp on valmistatud kvaliteetsest akaatsiapuidust ja vineerist, mis tagab vastupidavuse ja pikaealisuse. Kapi kaks ust ja \u00fcks reguleeritav riiul pakuvad praktilist hoiuruumi, v\u00f5imaldades [&hellip;]<\/p>\n","protected":false},"featured_media":7402,"comment_status":"open","ping_status":"closed","template":"","meta":[],"product_brand":[],"product_cat":[81],"product_tag":[],"class_list":{"0":"post-7401","1":"product","2":"type-product","3":"status-publish","4":"has-post-thumbnail","6":"product_cat-kapid-riiulid-ja-kummutid","7":"product_shipping_class-livin-hill","8":"pa_kaepidemed-puitunud","9":"pa_kollektsioon-avola","10":"pa_materjal-akaatsiapuit","11":"pa_riiulite-arv-99","12":"pa_uste-arv-94","13":"pa_varv-helepruun","15":"first","16":"instock","17":"sale","18":"taxable","19":"shipping-taxable","20":"purchasable","21":"product-type-simple"},"_links":{"self":[{"href":"https:\/\/blankpage.ee\/_ruumist-ruumi\/wp-json\/wp\/v2\/product\/7401","targetHints":{"allow":["GET"]}}],"collection":[{"href":"https:\/\/blankpage.ee\/_ruumist-ruumi\/wp-json\/wp\/v2\/product"}],"about":[{"href":"https:\/\/blankpage.ee\/_ruumist-ruumi\/wp-json\/wp\/v2\/types\/product"}],"replies":[{"embeddable":true,"href":"https:\/\/blankpage.ee\/_ruumist-ruumi\/wp-json\/wp\/v2\/comments?post=7401"}],"wp:featuredmedia":[{"embeddable":true,"href":"https:\/\/blankpage.ee\/_ruumist-ruumi\/wp-json\/wp\/v2\/media\/7402"}],"wp:attachment":[{"href":"https:\/\/blankpage.ee\/_ruumist-ruumi\/wp-json\/wp\/v2\/media?parent=7401"}],"wp:term":[{"taxonomy":"product_brand","embeddable":true,"href":"https:\/\/blankpage.ee\/_ruumist-ruumi\/wp-json\/wp\/v2\/product_brand?post=7401"},{"taxonomy":"product_cat","embeddable":true,"href":"https:\/\/blankpage.ee\/_ruumist-ruumi\/wp-json\/wp\/v2\/product_cat?post=7401"},{"taxonomy":"product_tag","embeddable":true,"href":"https:\/\/blankpage.ee\/_ruumist-ruumi\/wp-json\/wp\/v2\/product_tag?post=7401"}],"curies":[{"name":"wp","href":"https:\/\/api.w.org\/{rel}","templated":true}]}}