{"id":7407,"date":"2024-11-01T13:47:35","date_gmt":"2024-11-01T13:47:35","guid":{"rendered":"https:\/\/ruumistruumi.ee\/pood\/helepruun-kummut-avola-av2125-70-akatsiapuust-ja-vineerist\/"},"modified":"2025-04-10T11:58:05","modified_gmt":"2025-04-10T11:58:05","slug":"helepruun-kummut-avola-av2125-70-akatsiapuust-ja-vineerist","status":"publish","type":"product","link":"https:\/\/blankpage.ee\/_ruumist-ruumi\/pood\/helepruun-kummut-avola-av2125-70-akatsiapuust-ja-vineerist\/","title":{"rendered":"Helepruun kummut Avola AV2125-70, akaatsiapuidust"},"content":{"rendered":"<p>Avola AV2125-70 vitriinkapp elutuppa. See rustikaalne vitriinkapp helepruunis toonis toob ruumi iseloomuliku vanutatud ilme ja dekoratiivsete liistudega detailid. Klaasuks ja freesitud pealisplaat lisavad elegantsi ja praktilisust, v\u00f5imaldades esitleda oma lemmikesemeid stiilselt.<\/p>\n<p>Vitriinkapp on valmistatud vastupidavast akaatsiapuidust ja vineerist, mis tagab pikaajalise vastupidavuse ja loodusliku ilu. Kapp on varustatud kuue ukse ja kolme riiuliga, pakkudes rohkelt hoiuruumi. Reguleeritav sisemine riiul v\u00f5imaldab kohandada ruumi vastavalt vajadusele, samas kui puidust k\u00e4epidemed lisavad m\u00f6\u00f6bliesemele soojust ja mugavust.<\/p>\n<p>Vitriinkapi m\u00f5\u00f5tmed on muljetavaldavad: laius 178 cm, s\u00fcgavus 38 cm ja k\u00f5rgus 106,5 cm. Lisam\u00f5\u00f5tmed: kapi m\u00f5\u00f5tmed on 48 x 81,5 cm ja riiuli m\u00f5\u00f5tmed 54,5 x 29 cm. Shabby chic stiilis v\u00e4rvikahjustused annavad sellele m\u00f6\u00f6bliesemele ainulaadse ja isikup\u00e4rase v\u00e4limuse. Kokkupandud, ei vaja paigaldust. S\u00e4\u00e4stab aega ja vaeva.<\/p>\n<p>Omadused:<br \/>\n<strong>Materjal:<\/strong> Akaatsiapuit ja vineer.<br \/>\n<strong>V\u00e4rv:<\/strong> Hele pruun.<br \/>\n<strong>M\u00f5\u00f5tmed:<\/strong> Laius 178 cm, s\u00fcgavus 38 cm, k\u00f5rgus 106,5 cm.<br \/>\n<strong>T\u00e4iendavad detailid:<\/strong> Reguleeritav sisemine riiul ja shabby chic v\u00e4rvikahjustused.<\/p>\n<p>&nbsp;<\/p>\n","protected":false},"excerpt":{"rendered":"<p>Avola AV2125-70 vitriinkapp elutuppa. See rustikaalne vitriinkapp helepruunis toonis toob ruumi iseloomuliku vanutatud ilme ja dekoratiivsete liistudega detailid. Klaasuks ja freesitud pealisplaat lisavad elegantsi ja praktilisust, v\u00f5imaldades esitleda oma lemmikesemeid stiilselt. Vitriinkapp on valmistatud vastupidavast akaatsiapuidust ja vineerist, mis tagab pikaajalise vastupidavuse ja loodusliku ilu. Kapp on varustatud kuue ukse ja kolme riiuliga, pakkudes rohkelt [&hellip;]<\/p>\n","protected":false},"featured_media":7408,"comment_status":"open","ping_status":"closed","template":"","meta":[],"product_brand":[],"product_cat":[81],"product_tag":[],"class_list":{"0":"post-7407","1":"product","2":"type-product","3":"status-publish","4":"has-post-thumbnail","6":"product_cat-kapid-riiulid-ja-kummutid","7":"product_shipping_class-livin-hill","8":"pa_kaepidemed-puitunud","9":"pa_kollektsioon-avola","10":"pa_materjal-akaatsiapuit","11":"pa_riiulite-arv-89","12":"pa_uste-arv-241","13":"pa_varv-helepruun","15":"first","16":"instock","17":"sale","18":"taxable","19":"shipping-taxable","20":"purchasable","21":"product-type-simple"},"_links":{"self":[{"href":"https:\/\/blankpage.ee\/_ruumist-ruumi\/wp-json\/wp\/v2\/product\/7407","targetHints":{"allow":["GET"]}}],"collection":[{"href":"https:\/\/blankpage.ee\/_ruumist-ruumi\/wp-json\/wp\/v2\/product"}],"about":[{"href":"https:\/\/blankpage.ee\/_ruumist-ruumi\/wp-json\/wp\/v2\/types\/product"}],"replies":[{"embeddable":true,"href":"https:\/\/blankpage.ee\/_ruumist-ruumi\/wp-json\/wp\/v2\/comments?post=7407"}],"wp:featuredmedia":[{"embeddable":true,"href":"https:\/\/blankpage.ee\/_ruumist-ruumi\/wp-json\/wp\/v2\/media\/7408"}],"wp:attachment":[{"href":"https:\/\/blankpage.ee\/_ruumist-ruumi\/wp-json\/wp\/v2\/media?parent=7407"}],"wp:term":[{"taxonomy":"product_brand","embeddable":true,"href":"https:\/\/blankpage.ee\/_ruumist-ruumi\/wp-json\/wp\/v2\/product_brand?post=7407"},{"taxonomy":"product_cat","embeddable":true,"href":"https:\/\/blankpage.ee\/_ruumist-ruumi\/wp-json\/wp\/v2\/product_cat?post=7407"},{"taxonomy":"product_tag","embeddable":true,"href":"https:\/\/blankpage.ee\/_ruumist-ruumi\/wp-json\/wp\/v2\/product_tag?post=7407"}],"curies":[{"name":"wp","href":"https:\/\/api.w.org\/{rel}","templated":true}]}}