{"id":7416,"date":"2024-11-01T13:48:26","date_gmt":"2024-11-01T13:48:26","guid":{"rendered":"https:\/\/ruumistruumi.ee\/pood\/valge-avola-av2056-79-kummut-akatsiapuust-vineerist\/"},"modified":"2025-04-10T11:58:05","modified_gmt":"2025-04-10T11:58:05","slug":"valge-avola-av2056-79-kummut-akatsiapuust-vineerist","status":"publish","type":"product","link":"https:\/\/blankpage.ee\/_ruumist-ruumi\/pood\/valge-avola-av2056-79-kummut-akatsiapuust-vineerist\/","title":{"rendered":"Valge Avola AV2056-79 kummut, akaatsiapuidust"},"content":{"rendered":"<p>Avola AV2056-79 kummut elutuppa. See elegantne valge kummut, millel on intarsia uksed ja kuldsed k\u00e4epidemed, toob ruumi stiili ja praktilisuse. Kummuti mitmekesine struktuur ja vanutatud viimistlus koos lihtsa disainiga, mida rikastavad freesitud elemendid, loovad ainulaadse visuaalse efekti.<\/p>\n<p>Kummutil on neli ust ja kaks reguleeritavat riiulit, mis pakuvad piisavalt hoiuruumi igap\u00e4evaste esemete hoidmiseks. Akaatsiapuidust ja vineerist valmistatud kummut on vastupidav ja ajatu. Metallist k\u00e4epidemed lisavad elegantset kontrasti ning kummuti valge v\u00e4rv sobib ideaalselt erinevatesse sisekujundustesse.<\/p>\n<p>Olulised omadused:<br \/>\n<strong>Materjal:<\/strong> Akaatsiapuit ja vineer.<br \/>\n<strong>V\u00e4rv:<\/strong> Valge, pealmine\/\u00e4\u00e4riste v\u00e4rv.<br \/>\n<strong>M\u00f5\u00f5tmed:<\/strong> Laius 201 cm, s\u00fcgavus 46 cm, k\u00f5rgus 81,5 cm.<br \/>\n<strong>T\u00e4iendavad detailid:<\/strong> Uksed &#8211; 90,5 x 61,5 cm; riiul &#8211; 96,5 x 38 cm; p\u00f5randast alumiseni &#8211; 10 cm.<br \/>\n<strong>Kokkupanek:<\/strong> Kokkupandud, ei vaja paigaldust. S\u00e4\u00e4stab aega ja vaeva.<\/p>\n<p>&nbsp;<\/p>\n","protected":false},"excerpt":{"rendered":"<p>Avola AV2056-79 kummut elutuppa. See elegantne valge kummut, millel on intarsia uksed ja kuldsed k\u00e4epidemed, toob ruumi stiili ja praktilisuse. Kummuti mitmekesine struktuur ja vanutatud viimistlus koos lihtsa disainiga, mida rikastavad freesitud elemendid, loovad ainulaadse visuaalse efekti. Kummutil on neli ust ja kaks reguleeritavat riiulit, mis pakuvad piisavalt hoiuruumi igap\u00e4evaste esemete hoidmiseks. Akaatsiapuidust ja vineerist [&hellip;]<\/p>\n","protected":false},"featured_media":7417,"comment_status":"open","ping_status":"closed","template":"","meta":[],"product_brand":[],"product_cat":[81],"product_tag":[],"class_list":{"0":"post-7416","1":"product","2":"type-product","3":"status-publish","4":"has-post-thumbnail","6":"product_cat-kapid-riiulid-ja-kummutid","7":"product_shipping_class-livin-hill","8":"pa_kaepidemed-metall","9":"pa_kollektsioon-avola","10":"pa_materjal-akaatsiapuit","11":"pa_riiulite-arv-76","12":"pa_uste-arv-75","13":"pa_varv-valge","15":"first","16":"instock","17":"sale","18":"taxable","19":"shipping-taxable","20":"purchasable","21":"product-type-simple"},"_links":{"self":[{"href":"https:\/\/blankpage.ee\/_ruumist-ruumi\/wp-json\/wp\/v2\/product\/7416","targetHints":{"allow":["GET"]}}],"collection":[{"href":"https:\/\/blankpage.ee\/_ruumist-ruumi\/wp-json\/wp\/v2\/product"}],"about":[{"href":"https:\/\/blankpage.ee\/_ruumist-ruumi\/wp-json\/wp\/v2\/types\/product"}],"replies":[{"embeddable":true,"href":"https:\/\/blankpage.ee\/_ruumist-ruumi\/wp-json\/wp\/v2\/comments?post=7416"}],"wp:featuredmedia":[{"embeddable":true,"href":"https:\/\/blankpage.ee\/_ruumist-ruumi\/wp-json\/wp\/v2\/media\/7417"}],"wp:attachment":[{"href":"https:\/\/blankpage.ee\/_ruumist-ruumi\/wp-json\/wp\/v2\/media?parent=7416"}],"wp:term":[{"taxonomy":"product_brand","embeddable":true,"href":"https:\/\/blankpage.ee\/_ruumist-ruumi\/wp-json\/wp\/v2\/product_brand?post=7416"},{"taxonomy":"product_cat","embeddable":true,"href":"https:\/\/blankpage.ee\/_ruumist-ruumi\/wp-json\/wp\/v2\/product_cat?post=7416"},{"taxonomy":"product_tag","embeddable":true,"href":"https:\/\/blankpage.ee\/_ruumist-ruumi\/wp-json\/wp\/v2\/product_tag?post=7416"}],"curies":[{"name":"wp","href":"https:\/\/api.w.org\/{rel}","templated":true}]}}