{"id":7523,"date":"2024-11-01T13:56:36","date_gmt":"2024-11-01T13:56:36","guid":{"rendered":"https:\/\/ruumistruumi.ee\/pood\/elevandiluu-varvi-korge-kummut-avola-av1610-32-akatsiapuust-vaneerist\/"},"modified":"2025-04-10T11:58:08","modified_gmt":"2025-04-10T11:58:08","slug":"elevandiluu-varvi-korge-kummut-avola-av1610-32-akatsiapuust-vaneerist","status":"publish","type":"product","link":"https:\/\/blankpage.ee\/_ruumist-ruumi\/pood\/elevandiluu-varvi-korge-kummut-avola-av1610-32-akatsiapuust-vaneerist\/","title":{"rendered":"Elevandiluu v\u00e4rvi k\u00f5rge kummut Avola AV1610-32, akaatsiapuidust"},"content":{"rendered":"<p>Avola AV1610-32 k\u00f5rge kapp elutuppa. See rustikaalne k\u00f5rge kapp on valmistatud akaatsiapuidust ja vaneerist, mis annab sellele ainulaadse iseloomu. Kapi elevandiluu toon koos iseloomulike vananemisj\u00e4lgede ja dekoratiivsete liistudega loob hubase ja samas elegantse atmosf\u00e4\u00e4ri. Klaasuks ja freesitud pealisosa lisavad kapile visuaalset s\u00fcgavust ja stiili.<\/p>\n<p>Kapi kaks ust ja \u00fcks reguleeritav riiul pakuvad praktilist hoiustamisruumi, sobides h\u00e4sti nii raamatute, dekoratiivesemete kui ka muude igap\u00e4evaste tarvikute hoidmiseks. Kapi k\u00e4epidemed on puidust, mis t\u00e4iendab kogu disaini loomulikku ja maal\u00e4hedast tunnetust. Kapi m\u00f5\u00f5tmed on 82 cm laius, 38 cm s\u00fcgavus ja 106,5 cm k\u00f5rgus, mis teeb sellest kompaktse ja samas mahuka lahenduse igasse elutuppa.<\/p>\n<p>Omadused:<br \/>\n<strong>Materjal:<\/strong> Akaatsiapuit ja vaneer.<br \/>\n<strong>V\u00e4rv:<\/strong> Elevandiluu, pealisosa ja liistud.<br \/>\n<strong>M\u00f5\u00f5tmed:<\/strong> Kapi laius 82 cm, s\u00fcgavus 38 cm, k\u00f5rgus 106,5 cm.<br \/>\n<strong>T\u00e4iendavad detailid:<\/strong> Reguleeritav sisemine riiul ja shabby chic stiilis v\u00e4rvikahjustused.<br \/>\n<strong>Kokkupanek:<\/strong> Kokkupandud, ei vaja paigaldust. S\u00e4\u00e4stab aega ja vaeva.<\/p>\n<p>&nbsp;<\/p>\n","protected":false},"excerpt":{"rendered":"<p>Avola AV1610-32 k\u00f5rge kapp elutuppa. See rustikaalne k\u00f5rge kapp on valmistatud akaatsiapuidust ja vaneerist, mis annab sellele ainulaadse iseloomu. Kapi elevandiluu toon koos iseloomulike vananemisj\u00e4lgede ja dekoratiivsete liistudega loob hubase ja samas elegantse atmosf\u00e4\u00e4ri. Klaasuks ja freesitud pealisosa lisavad kapile visuaalset s\u00fcgavust ja stiili. Kapi kaks ust ja \u00fcks reguleeritav riiul pakuvad praktilist hoiustamisruumi, sobides [&hellip;]<\/p>\n","protected":false},"featured_media":7524,"comment_status":"open","ping_status":"closed","template":"","meta":[],"product_brand":[],"product_cat":[81],"product_tag":[],"class_list":{"0":"post-7523","1":"product","2":"type-product","3":"status-publish","4":"has-post-thumbnail","6":"product_cat-kapid-riiulid-ja-kummutid","7":"product_shipping_class-livin-hill","8":"pa_kaepidemed-puitunud","9":"pa_kollektsioon-avola","10":"pa_materjal-akaatsiapuit","11":"pa_riiulite-arv-99","12":"pa_uste-arv-94","13":"pa_varv-elevandiluukarva","15":"first","16":"instock","17":"sale","18":"taxable","19":"shipping-taxable","20":"purchasable","21":"product-type-simple"},"_links":{"self":[{"href":"https:\/\/blankpage.ee\/_ruumist-ruumi\/wp-json\/wp\/v2\/product\/7523","targetHints":{"allow":["GET"]}}],"collection":[{"href":"https:\/\/blankpage.ee\/_ruumist-ruumi\/wp-json\/wp\/v2\/product"}],"about":[{"href":"https:\/\/blankpage.ee\/_ruumist-ruumi\/wp-json\/wp\/v2\/types\/product"}],"replies":[{"embeddable":true,"href":"https:\/\/blankpage.ee\/_ruumist-ruumi\/wp-json\/wp\/v2\/comments?post=7523"}],"wp:featuredmedia":[{"embeddable":true,"href":"https:\/\/blankpage.ee\/_ruumist-ruumi\/wp-json\/wp\/v2\/media\/7524"}],"wp:attachment":[{"href":"https:\/\/blankpage.ee\/_ruumist-ruumi\/wp-json\/wp\/v2\/media?parent=7523"}],"wp:term":[{"taxonomy":"product_brand","embeddable":true,"href":"https:\/\/blankpage.ee\/_ruumist-ruumi\/wp-json\/wp\/v2\/product_brand?post=7523"},{"taxonomy":"product_cat","embeddable":true,"href":"https:\/\/blankpage.ee\/_ruumist-ruumi\/wp-json\/wp\/v2\/product_cat?post=7523"},{"taxonomy":"product_tag","embeddable":true,"href":"https:\/\/blankpage.ee\/_ruumist-ruumi\/wp-json\/wp\/v2\/product_tag?post=7523"}],"curies":[{"name":"wp","href":"https:\/\/api.w.org\/{rel}","templated":true}]}}