{"id":7530,"date":"2024-11-01T13:57:16","date_gmt":"2024-11-01T13:57:16","guid":{"rendered":"https:\/\/ruumistruumi.ee\/pood\/elevandiluu-varvi-kummut-avola-av1610-70-akatsiapuust-ja-vineerist\/"},"modified":"2025-04-10T11:58:08","modified_gmt":"2025-04-10T11:58:08","slug":"elevandiluu-varvi-kummut-avola-av1610-70-akatsiapuust-ja-vineerist","status":"publish","type":"product","link":"https:\/\/blankpage.ee\/_ruumist-ruumi\/pood\/elevandiluu-varvi-kummut-avola-av1610-70-akatsiapuust-ja-vineerist\/","title":{"rendered":"Elevandiluu v\u00e4rvi kummut Avola AV1610-70, akaatsiapuidust"},"content":{"rendered":"<p>Avola AV1610-70 puhvetkapp elutuppa. See rustikaalne puhvetkapp elevandiluu toonis toob ruumi iseloomuliku vanutatud ilme ja dekoratiivsete liistudega disaini. Klaasuks ja freesitud pealisplaat lisavad sellele ainulaadset stiili.<\/p>\n<p>See puhvetkapp on valmistatud vastupidavast akaatsiapuidust ja vineerist, mis tagab pikaajalise kasutuse. Kapp on varustatud kuue ukse ja kolme riiuliga, pakkudes piisavalt hoiuruumi erinevatele esemetele. Reguleeritav sisemine riiul v\u00f5imaldab kohandada hoiuruumi vastavalt vajadusele. Puidust k\u00e4epidemed lisavad m\u00f6\u00f6bliesemele soojust ja mugavust.<\/p>\n<p>Kapi m\u00f5\u00f5tmed on 178 cm lai, 38 cm s\u00fcgav ja 106,5 cm k\u00f5rge, mis teeb sellest ideaalse valiku elutoa keskseks m\u00f6\u00f6bliesemeks. Kapi sisem\u00f5\u00f5tmed on 48 x 81,5 cm ja riiuli m\u00f5\u00f5tmed 54,5 x 29 cm, pakkudes piisavalt ruumi nii suurematele kui ka v\u00e4iksematele esemetele. Shabby chic stiilis v\u00e4rvit\u00f6\u00f6tlus annab kapile unikaalse ja ajatu v\u00e4limuse.<\/p>\n<p>Omadused:<br \/>\n<strong>Materjal:<\/strong> Akaatsiapuit ja vineer.<br \/>\n<strong>V\u00e4rv:<\/strong> Elevandiluu.<br \/>\n<strong>M\u00f5\u00f5tmed:<\/strong> Laius 178 cm, s\u00fcgavus 38 cm, k\u00f5rgus 106,5 cm.<br \/>\n<strong>T\u00e4iendavad detailid:<\/strong> Reguleeritav sisemine riiul ja shabby chic stiilis v\u00e4rvit\u00f6\u00f6tlus.<br \/>\n<strong>Kokkupanek:<\/strong> Kokkupandud, ei vaja paigaldust. S\u00e4\u00e4stab aega ja vaeva.<\/p>\n<p>&nbsp;<\/p>\n","protected":false},"excerpt":{"rendered":"<p>Avola AV1610-70 puhvetkapp elutuppa. See rustikaalne puhvetkapp elevandiluu toonis toob ruumi iseloomuliku vanutatud ilme ja dekoratiivsete liistudega disaini. Klaasuks ja freesitud pealisplaat lisavad sellele ainulaadset stiili. See puhvetkapp on valmistatud vastupidavast akaatsiapuidust ja vineerist, mis tagab pikaajalise kasutuse. Kapp on varustatud kuue ukse ja kolme riiuliga, pakkudes piisavalt hoiuruumi erinevatele esemetele. Reguleeritav sisemine riiul v\u00f5imaldab [&hellip;]<\/p>\n","protected":false},"featured_media":7531,"comment_status":"open","ping_status":"closed","template":"","meta":[],"product_brand":[],"product_cat":[81],"product_tag":[],"class_list":{"0":"post-7530","1":"product","2":"type-product","3":"status-publish","4":"has-post-thumbnail","6":"product_cat-kapid-riiulid-ja-kummutid","7":"product_shipping_class-livin-hill","8":"pa_kaepidemed-puitunud","9":"pa_kollektsioon-avola","10":"pa_materjal-akaatsiapuit","11":"pa_riiulite-arv-89","12":"pa_uste-arv-241","13":"pa_varv-elevandiluukarva","15":"first","16":"instock","17":"sale","18":"taxable","19":"shipping-taxable","20":"purchasable","21":"product-type-simple"},"_links":{"self":[{"href":"https:\/\/blankpage.ee\/_ruumist-ruumi\/wp-json\/wp\/v2\/product\/7530","targetHints":{"allow":["GET"]}}],"collection":[{"href":"https:\/\/blankpage.ee\/_ruumist-ruumi\/wp-json\/wp\/v2\/product"}],"about":[{"href":"https:\/\/blankpage.ee\/_ruumist-ruumi\/wp-json\/wp\/v2\/types\/product"}],"replies":[{"embeddable":true,"href":"https:\/\/blankpage.ee\/_ruumist-ruumi\/wp-json\/wp\/v2\/comments?post=7530"}],"wp:featuredmedia":[{"embeddable":true,"href":"https:\/\/blankpage.ee\/_ruumist-ruumi\/wp-json\/wp\/v2\/media\/7531"}],"wp:attachment":[{"href":"https:\/\/blankpage.ee\/_ruumist-ruumi\/wp-json\/wp\/v2\/media?parent=7530"}],"wp:term":[{"taxonomy":"product_brand","embeddable":true,"href":"https:\/\/blankpage.ee\/_ruumist-ruumi\/wp-json\/wp\/v2\/product_brand?post=7530"},{"taxonomy":"product_cat","embeddable":true,"href":"https:\/\/blankpage.ee\/_ruumist-ruumi\/wp-json\/wp\/v2\/product_cat?post=7530"},{"taxonomy":"product_tag","embeddable":true,"href":"https:\/\/blankpage.ee\/_ruumist-ruumi\/wp-json\/wp\/v2\/product_tag?post=7530"}],"curies":[{"name":"wp","href":"https:\/\/api.w.org\/{rel}","templated":true}]}}