{"id":7549,"date":"2024-11-01T13:58:56","date_gmt":"2024-11-01T13:58:56","guid":{"rendered":"https:\/\/ruumistruumi.ee\/pood\/elevandiluu-varvi-ookapp-avola-av1610-22-akatsiapuust-ja-vineerist\/"},"modified":"2025-04-10T11:58:11","modified_gmt":"2025-04-10T11:58:11","slug":"elevandiluu-varvi-ookapp-avola-av1610-22-akatsiapuust-ja-vineerist","status":"publish","type":"product","link":"https:\/\/blankpage.ee\/_ruumist-ruumi\/pood\/elevandiluu-varvi-ookapp-avola-av1610-22-akatsiapuust-ja-vineerist\/","title":{"rendered":"Elevandiluu v\u00e4rvi \u00f6\u00f6kapp Avola AV1610-22, akaatsiapuidust"},"content":{"rendered":"<p>Avola AV1610-22 \u00f6\u00f6kapp magamistuppa. See rustikaalne kreemjas \u00f6\u00f6kapp lisab magamistoale iseloomu ja hubasust. Kapi vanutatud viimistlus ja dekoratiivsed liistud loovad ainulaadse shabby chic stiili, mis sobib suurep\u00e4raselt erinevatesse interj\u00f6\u00f6ridesse. Praktiline USB-pistikupesa muudab selle m\u00f6\u00f6blieseme t\u00e4nap\u00e4evaseks ja funktsionaalseks, v\u00f5imaldades h\u00f5lpsalt seadmeid laadida.<\/p>\n<p>Avola kollektsiooni kuuluv \u00f6\u00f6kapp on valmistatud kvaliteetsest akaatsiapuidust ja vineerist, tagades vastupidavuse ja pikaealisuse. Kapi \u00fcks uks peidab endas piisavalt hoiuruumi, et hoida k\u00f5ik vajalikud esemed k\u00e4ep\u00e4rast. Lisaks on kapp varustatud puidust k\u00e4epidemetega, mis lisavad sellele loomulikku ja sooja tunnet.<\/p>\n<p>\u00d6\u00f6kapi m\u00f5\u00f5tmed on 40,5 cm lai, 56 cm s\u00fcgav ja 63,5 cm k\u00f5rge, pakkudes piisavalt ruumi, et mahutada k\u00f5ik vajalikud esemed. Sahtli m\u00f5\u00f5tmed on 19,5 x 33 x 8,5 cm ning tahke pind ilma avatava pealiseta on 40,5 x 44,5 cm, pakkudes lisaruumi. Kapp on kokkupandud, ei vaja paigaldust, s\u00e4\u00e4stab aega ja vaeva.<\/p>\n<p>Omadused:<br \/>\n<strong>Materjal:<\/strong> Akaatsiapuit ja vineer.<br \/>\n<strong>V\u00e4rv:<\/strong> Kreemjas, vanutatud viimistlus.<br \/>\n<strong>M\u00f5\u00f5tmed:<\/strong> Laius 40,5 cm, s\u00fcgavus 56 cm, k\u00f5rgus 63,5 cm.<br \/>\n<strong>T\u00e4iendavad detailid:<\/strong> Toiteplokk kahe pistikupesa ja kahe USB-pordiga; k\u00e4sitsi v\u00e4rvitud vanutatud viimistlus.<br \/>\n<strong>Kokkupanek:<\/strong> Kokkupandud, ei vaja paigaldust. S\u00e4\u00e4stab aega ja vaeva.<\/p>\n<p>&nbsp;<\/p>\n","protected":false},"excerpt":{"rendered":"<p>Avola AV1610-22 \u00f6\u00f6kapp magamistuppa. See rustikaalne kreemjas \u00f6\u00f6kapp lisab magamistoale iseloomu ja hubasust. Kapi vanutatud viimistlus ja dekoratiivsed liistud loovad ainulaadse shabby chic stiili, mis sobib suurep\u00e4raselt erinevatesse interj\u00f6\u00f6ridesse. Praktiline USB-pistikupesa muudab selle m\u00f6\u00f6blieseme t\u00e4nap\u00e4evaseks ja funktsionaalseks, v\u00f5imaldades h\u00f5lpsalt seadmeid laadida. Avola kollektsiooni kuuluv \u00f6\u00f6kapp on valmistatud kvaliteetsest akaatsiapuidust ja vineerist, tagades vastupidavuse ja pikaealisuse. [&hellip;]<\/p>\n","protected":false},"featured_media":7550,"comment_status":"open","ping_status":"closed","template":"","meta":[],"product_brand":[],"product_cat":[92],"product_tag":[],"class_list":{"0":"post-7549","1":"product","2":"type-product","3":"status-publish","4":"has-post-thumbnail","6":"product_cat-ookapid","7":"product_shipping_class-livin-hill","8":"pa_kaepidemed-puitunud","9":"pa_kollektsioon-avola","10":"pa_materjal-akaatsiapuit","11":"pa_sahtlite-arv-87","12":"pa_uste-arv-88","13":"pa_varv-elevandiluukarva","15":"first","16":"instock","17":"sale","18":"taxable","19":"shipping-taxable","20":"purchasable","21":"product-type-simple"},"_links":{"self":[{"href":"https:\/\/blankpage.ee\/_ruumist-ruumi\/wp-json\/wp\/v2\/product\/7549","targetHints":{"allow":["GET"]}}],"collection":[{"href":"https:\/\/blankpage.ee\/_ruumist-ruumi\/wp-json\/wp\/v2\/product"}],"about":[{"href":"https:\/\/blankpage.ee\/_ruumist-ruumi\/wp-json\/wp\/v2\/types\/product"}],"replies":[{"embeddable":true,"href":"https:\/\/blankpage.ee\/_ruumist-ruumi\/wp-json\/wp\/v2\/comments?post=7549"}],"wp:featuredmedia":[{"embeddable":true,"href":"https:\/\/blankpage.ee\/_ruumist-ruumi\/wp-json\/wp\/v2\/media\/7550"}],"wp:attachment":[{"href":"https:\/\/blankpage.ee\/_ruumist-ruumi\/wp-json\/wp\/v2\/media?parent=7549"}],"wp:term":[{"taxonomy":"product_brand","embeddable":true,"href":"https:\/\/blankpage.ee\/_ruumist-ruumi\/wp-json\/wp\/v2\/product_brand?post=7549"},{"taxonomy":"product_cat","embeddable":true,"href":"https:\/\/blankpage.ee\/_ruumist-ruumi\/wp-json\/wp\/v2\/product_cat?post=7549"},{"taxonomy":"product_tag","embeddable":true,"href":"https:\/\/blankpage.ee\/_ruumist-ruumi\/wp-json\/wp\/v2\/product_tag?post=7549"}],"curies":[{"name":"wp","href":"https:\/\/api.w.org\/{rel}","templated":true}]}}