{"id":7560,"date":"2024-11-01T13:59:53","date_gmt":"2024-11-01T13:59:53","guid":{"rendered":"https:\/\/ruumistruumi.ee\/pood\/valge-korvallaud-avola-av1730-17aw-tahke-mango-puidust\/"},"modified":"2025-01-11T10:52:06","modified_gmt":"2025-01-11T10:52:06","slug":"valge-avola-av1730-17aw-ookapp-mango-puit","status":"publish","type":"product","link":"https:\/\/blankpage.ee\/_ruumist-ruumi\/pood\/valge-avola-av1730-17aw-ookapp-mango-puit\/","title":{"rendered":"Valge Avola AV1730-17AW \u00f6\u00f6kapp, mango puit"},"content":{"rendered":"<p>Avola AV1730-17AW \u00f6\u00f6kapp magamistuppa. See silindrikujuline avatud disainiga laud on valmistatud vastupidavast mango puidust, mis lisab teie magamistoale maal\u00e4hedast v\u00f5lu. Valge viimistlus koos vanutatud kulumisj\u00e4lgedega loob elegantse ja ajatu ilme, mis t\u00e4iendab erinevaid sisekujundusstiile.<\/p>\n<p>Avola kollektsiooni kuuluv \u00f6\u00f6kapp on k\u00e4sitsi nikerdatud, pakkudes unikaalset ja detailirohket disaini. Selle kompaktsed m\u00f5\u00f5tmed &#8211; laius 43 cm, s\u00fcgavus 43 cm ja k\u00f5rgus 59 cm &#8211; teevad sellest ideaalse valiku v\u00e4iksematesse ruumidesse, pakkudes samas piisavalt hoiuruumi \u00f6\u00f6lampidele, raamatutele v\u00f5i muudele vajalikele esemetele.<\/p>\n<p>Omadused:<br \/>\n<strong>Materjal:<\/strong> Tugev mango puit.<br \/>\n<strong>V\u00e4rv:<\/strong> Valge, vanutatud kulumisj\u00e4lgedega.<br \/>\n<strong>M\u00f5\u00f5tmed:<\/strong> Laius 43 cm, s\u00fcgavus 43 cm, k\u00f5rgus 59 cm.<br \/>\n<strong>T\u00e4iendavad detailid:<\/strong> K\u00e4sitsi nikerdatud ja vanutatud viimistlus.<br \/>\n<strong>Kokkupanek:<\/strong> Kokkupandud, ei vaja paigaldust. S\u00e4\u00e4stab aega ja vaeva.<\/p>\n<p>&nbsp;<\/p>\n","protected":false},"excerpt":{"rendered":"<p>Avola AV1730-17AW \u00f6\u00f6kapp magamistuppa. See silindrikujuline avatud disainiga laud on valmistatud vastupidavast mango puidust, mis lisab teie magamistoale maal\u00e4hedast v\u00f5lu. Valge viimistlus koos vanutatud kulumisj\u00e4lgedega loob elegantse ja ajatu ilme, mis t\u00e4iendab erinevaid sisekujundusstiile. Avola kollektsiooni kuuluv \u00f6\u00f6kapp on k\u00e4sitsi nikerdatud, pakkudes unikaalset ja detailirohket disaini. Selle kompaktsed m\u00f5\u00f5tmed &#8211; laius 43 cm, s\u00fcgavus 43 [&hellip;]<\/p>\n","protected":false},"featured_media":7561,"comment_status":"open","ping_status":"closed","template":"","meta":[],"product_brand":[],"product_cat":[92],"product_tag":[],"class_list":{"0":"post-7560","1":"product","2":"type-product","3":"status-publish","4":"has-post-thumbnail","6":"product_cat-ookapid","7":"product_shipping_class-livin-hill","8":"pa_kollektsioon-avola","9":"pa_materjal-mango","10":"pa_varv-valge","12":"first","13":"outofstock","14":"sale","15":"taxable","16":"shipping-taxable","17":"purchasable","18":"product-type-simple"},"_links":{"self":[{"href":"https:\/\/blankpage.ee\/_ruumist-ruumi\/wp-json\/wp\/v2\/product\/7560","targetHints":{"allow":["GET"]}}],"collection":[{"href":"https:\/\/blankpage.ee\/_ruumist-ruumi\/wp-json\/wp\/v2\/product"}],"about":[{"href":"https:\/\/blankpage.ee\/_ruumist-ruumi\/wp-json\/wp\/v2\/types\/product"}],"replies":[{"embeddable":true,"href":"https:\/\/blankpage.ee\/_ruumist-ruumi\/wp-json\/wp\/v2\/comments?post=7560"}],"wp:featuredmedia":[{"embeddable":true,"href":"https:\/\/blankpage.ee\/_ruumist-ruumi\/wp-json\/wp\/v2\/media\/7561"}],"wp:attachment":[{"href":"https:\/\/blankpage.ee\/_ruumist-ruumi\/wp-json\/wp\/v2\/media?parent=7560"}],"wp:term":[{"taxonomy":"product_brand","embeddable":true,"href":"https:\/\/blankpage.ee\/_ruumist-ruumi\/wp-json\/wp\/v2\/product_brand?post=7560"},{"taxonomy":"product_cat","embeddable":true,"href":"https:\/\/blankpage.ee\/_ruumist-ruumi\/wp-json\/wp\/v2\/product_cat?post=7560"},{"taxonomy":"product_tag","embeddable":true,"href":"https:\/\/blankpage.ee\/_ruumist-ruumi\/wp-json\/wp\/v2\/product_tag?post=7560"}],"curies":[{"name":"wp","href":"https:\/\/api.w.org\/{rel}","templated":true}]}}