{"id":7583,"date":"2024-11-01T14:01:16","date_gmt":"2024-11-01T14:01:16","guid":{"rendered":"https:\/\/ruumistruumi.ee\/pood\/beez-ookapp-pesaro-pe011-paulownia-puidust\/"},"modified":"2025-06-17T08:57:55","modified_gmt":"2025-06-17T08:57:55","slug":"beez-ookapp-pesaro-pe011-lehtpuu-puidust","status":"publish","type":"product","link":"https:\/\/blankpage.ee\/_ruumist-ruumi\/pood\/beez-ookapp-pesaro-pe011-lehtpuu-puidust\/","title":{"rendered":"Bee\u017e \u00f6\u00f6kapp Pesaro PE011, lehtpuu puidust"},"content":{"rendered":"<p>Pesaro PE011 \u00f6\u00f6kapp magamistuppa. See Provencal stiilis kreemjas \u00f6\u00f6kapp toob teie magamistuppa elegantsi ja praktilisust. Kapi esik\u00fcljel on dekoratiivsed luugid, mis lisavad visuaalset huvi ja iseloomu.<\/p>\n<p>Pesaro kollektsiooni kuuluv \u00f6\u00f6kapp on valmistatud kvaliteetsest Paulownia puidust ja MDF-ist, tagades vastupidavuse ja pikaealisuse. Kapi hele pruun pealmine osa ja viimistlus loovad harmoonilise v\u00e4rvikombinatsiooni, mis sobib paljude erinevate sisekujundusstiilidega. Kapi metallist k\u00e4epidemed lisavad sellele kaasaegset puudutust ja praktilisust.<\/p>\n<p>Pesaro PE011 \u00f6\u00f6kapp on varustatud \u00fche uksega, pakkudes piisavalt hoiuruumi teie \u00f6\u00f6vajaduste jaoks. Kokkupandud, ei vaja paigaldust. S\u00e4\u00e4stab aega ja vaeva, v\u00f5imaldades teil seda koheselt kasutada.<\/p>\n<p>Omadused:<br \/>\n<strong>Materjal:<\/strong> Paulownia puit, MDF<br \/>\n<strong>V\u00e4rv:<\/strong> Kreemjas, hele pruun pealmine osa<br \/>\n<strong>M\u00f5\u00f5tmed:<\/strong> Laius 40 cm, s\u00fcgavus 31 cm, k\u00f5rgus 70 cm<br \/>\n<strong>T\u00e4iendavad detailid:<\/strong> Dekoratiivsed luugid, metallist k\u00e4epidemed<br \/>\n<strong>Kokkupanek:<\/strong> Kokkupandud, ei vaja paigaldust. S\u00e4\u00e4stab aega ja vaeva.<\/p>\n<p>&nbsp;<\/p>\n","protected":false},"excerpt":{"rendered":"<p>Pesaro PE011 \u00f6\u00f6kapp magamistuppa. See Provencal stiilis kreemjas \u00f6\u00f6kapp toob teie magamistuppa elegantsi ja praktilisust. Kapi esik\u00fcljel on dekoratiivsed luugid, mis lisavad visuaalset huvi ja iseloomu. Pesaro kollektsiooni kuuluv \u00f6\u00f6kapp on valmistatud kvaliteetsest Paulownia puidust ja MDF-ist, tagades vastupidavuse ja pikaealisuse. Kapi hele pruun pealmine osa ja viimistlus loovad harmoonilise v\u00e4rvikombinatsiooni, mis sobib paljude erinevate [&hellip;]<\/p>\n","protected":false},"featured_media":7584,"comment_status":"open","ping_status":"closed","template":"","meta":[],"product_brand":[],"product_cat":[92],"product_tag":[],"class_list":{"0":"post-7583","1":"product","2":"type-product","3":"status-publish","4":"has-post-thumbnail","6":"product_cat-ookapid","7":"product_shipping_class-livin-hill","8":"pa_kaepidemed-metall","9":"pa_kollektsioon-pesaro","10":"pa_materjal-paulownia-puit","11":"pa_sahtlite-arv-87","12":"pa_uste-arv-88","13":"pa_varv-beez","15":"first","16":"instock","17":"sale","18":"taxable","19":"shipping-taxable","20":"purchasable","21":"product-type-simple"},"_links":{"self":[{"href":"https:\/\/blankpage.ee\/_ruumist-ruumi\/wp-json\/wp\/v2\/product\/7583","targetHints":{"allow":["GET"]}}],"collection":[{"href":"https:\/\/blankpage.ee\/_ruumist-ruumi\/wp-json\/wp\/v2\/product"}],"about":[{"href":"https:\/\/blankpage.ee\/_ruumist-ruumi\/wp-json\/wp\/v2\/types\/product"}],"replies":[{"embeddable":true,"href":"https:\/\/blankpage.ee\/_ruumist-ruumi\/wp-json\/wp\/v2\/comments?post=7583"}],"wp:featuredmedia":[{"embeddable":true,"href":"https:\/\/blankpage.ee\/_ruumist-ruumi\/wp-json\/wp\/v2\/media\/7584"}],"wp:attachment":[{"href":"https:\/\/blankpage.ee\/_ruumist-ruumi\/wp-json\/wp\/v2\/media?parent=7583"}],"wp:term":[{"taxonomy":"product_brand","embeddable":true,"href":"https:\/\/blankpage.ee\/_ruumist-ruumi\/wp-json\/wp\/v2\/product_brand?post=7583"},{"taxonomy":"product_cat","embeddable":true,"href":"https:\/\/blankpage.ee\/_ruumist-ruumi\/wp-json\/wp\/v2\/product_cat?post=7583"},{"taxonomy":"product_tag","embeddable":true,"href":"https:\/\/blankpage.ee\/_ruumist-ruumi\/wp-json\/wp\/v2\/product_tag?post=7583"}],"curies":[{"name":"wp","href":"https:\/\/api.w.org\/{rel}","templated":true}]}}