{"id":7631,"date":"2024-11-01T14:04:35","date_gmt":"2024-11-01T14:04:35","guid":{"rendered":"https:\/\/ruumistruumi.ee\/pood\/heleroosa-polsterdatud-pink-leith-let70p-100-poluester\/"},"modified":"2025-06-17T08:57:56","modified_gmt":"2025-06-17T08:57:56","slug":"roosa-polsterdatud-pink-leith-let70p-100-poluester","status":"publish","type":"product","link":"https:\/\/blankpage.ee\/_ruumist-ruumi\/pood\/roosa-polsterdatud-pink-leith-let70p-100-poluester\/","title":{"rendered":"Roosa polsterdatud pink Leith LET70P, 100% pol\u00fcester"},"content":{"rendered":"<p>Leith LET70P polsterdatud pink esikusse. See elegantne pehme roosa tooniga pink on valmistatud k\u00f5rgeima kvaliteediga chenille kangast, pakkudes nii mugavust kui ka stiili. Lihtne ja avatud vorm muudab selle ideaalseks valikuks nii elutuppa, magamistuppa kui ka esikusse, lisades ruumile \u00f5rna ja kutsuva atmosf\u00e4\u00e4ri.<\/p>\n<p>Pink on kaetud luksusliku chenille kangaga, mis on tuntud oma pehmuse ja vastupidavuse poolest. Istumisosal on paindlik vedrustus, mis tagab mugava ja toetava istumise. Polsterduse puhastamine on lihtne, kuna see v\u00f5imaldab kasutada nii lahustip\u00f5hiseid puhastusvahendeid kui ka vett (puhastuskood SW). Pink on valmistatud Paulownia puidust vineerist, mis tagab tugevuse ja pikaealisuse.<\/p>\n<p>Omadused:<br \/>\n<strong>Materjal:<\/strong> 100% pol\u00fcesterpolsterdus; alus: Paulownia puidust vineer.<br \/>\n<strong>V\u00e4rv:<\/strong> Pehme roosa.<br \/>\n<strong>M\u00f5\u00f5tmed:<\/strong> Laius 119,5 cm, s\u00fcgavus 45,5 cm, k\u00f5rgus 48 cm.<br \/>\n<strong>T\u00e4iendavad detailid:<\/strong> Lopsakas chenille polsterdus, paindlik vedrustus.<br \/>\n<strong>Kokkupanek:<\/strong> Kokkupandud, ei vaja paigaldust. S\u00e4\u00e4stab aega ja vaeva.<\/p>\n<p>&nbsp;<\/p>\n","protected":false},"excerpt":{"rendered":"<p>Leith LET70P polsterdatud pink esikusse. See elegantne pehme roosa tooniga pink on valmistatud k\u00f5rgeima kvaliteediga chenille kangast, pakkudes nii mugavust kui ka stiili. Lihtne ja avatud vorm muudab selle ideaalseks valikuks nii elutuppa, magamistuppa kui ka esikusse, lisades ruumile \u00f5rna ja kutsuva atmosf\u00e4\u00e4ri. Pink on kaetud luksusliku chenille kangaga, mis on tuntud oma pehmuse ja [&hellip;]<\/p>\n","protected":false},"featured_media":7632,"comment_status":"open","ping_status":"closed","template":"","meta":[],"product_brand":[],"product_cat":[136],"product_tag":[],"class_list":{"0":"post-7631","1":"product","2":"type-product","3":"status-publish","4":"has-post-thumbnail","6":"product_cat-esikupingid","7":"product_shipping_class-livin-hill","8":"pa_kollektsioon-leith","9":"pa_materjal-poluester","10":"pa_varv-roosa","12":"first","13":"instock","14":"sale","15":"taxable","16":"shipping-taxable","17":"purchasable","18":"product-type-simple"},"_links":{"self":[{"href":"https:\/\/blankpage.ee\/_ruumist-ruumi\/wp-json\/wp\/v2\/product\/7631","targetHints":{"allow":["GET"]}}],"collection":[{"href":"https:\/\/blankpage.ee\/_ruumist-ruumi\/wp-json\/wp\/v2\/product"}],"about":[{"href":"https:\/\/blankpage.ee\/_ruumist-ruumi\/wp-json\/wp\/v2\/types\/product"}],"replies":[{"embeddable":true,"href":"https:\/\/blankpage.ee\/_ruumist-ruumi\/wp-json\/wp\/v2\/comments?post=7631"}],"wp:featuredmedia":[{"embeddable":true,"href":"https:\/\/blankpage.ee\/_ruumist-ruumi\/wp-json\/wp\/v2\/media\/7632"}],"wp:attachment":[{"href":"https:\/\/blankpage.ee\/_ruumist-ruumi\/wp-json\/wp\/v2\/media?parent=7631"}],"wp:term":[{"taxonomy":"product_brand","embeddable":true,"href":"https:\/\/blankpage.ee\/_ruumist-ruumi\/wp-json\/wp\/v2\/product_brand?post=7631"},{"taxonomy":"product_cat","embeddable":true,"href":"https:\/\/blankpage.ee\/_ruumist-ruumi\/wp-json\/wp\/v2\/product_cat?post=7631"},{"taxonomy":"product_tag","embeddable":true,"href":"https:\/\/blankpage.ee\/_ruumist-ruumi\/wp-json\/wp\/v2\/product_tag?post=7631"}],"curies":[{"name":"wp","href":"https:\/\/api.w.org\/{rel}","templated":true}]}}