{"id":7638,"date":"2024-11-01T14:05:07","date_gmt":"2024-11-01T14:05:07","guid":{"rendered":"https:\/\/ruumistruumi.ee\/pood\/hele-sinine-polsterdatud-pink-leith-let70b-100-poluester-ja-popliipuidust-alus\/"},"modified":"2025-04-10T11:58:12","modified_gmt":"2025-04-10T11:58:12","slug":"helehall-polsterdatud-pink-leith-let70b-100-poluester","status":"publish","type":"product","link":"https:\/\/blankpage.ee\/_ruumist-ruumi\/pood\/helehall-polsterdatud-pink-leith-let70b-100-poluester\/","title":{"rendered":"Helehall polsterdatud pink Leith LET70B, 100% pol\u00fcester"},"content":{"rendered":"<p>Leith LET70B polsterdatud pink esikusse. See elegantne hele sinine pink on valmistatud k\u00f5rgeima kvaliteediga \u0161enillkangast, pakkudes teie esikule stiilset ja mugavat istumisv\u00f5imalust. M\u00f6\u00f6bli lihtne ja avatud vorm sobib suurep\u00e4raselt nii elutuppa, magamistuppa kui ka esikusse.<\/p>\n<p>Leith kollektsiooni pink on disainitud, et pakkuda nii esteetilist ilu kui ka praktilist kasutust. Polsterdatud iste on kaetud luksusliku \u0161enillkangaga, mis on vastupidav ja pehme. T\u00e4nu tugiv\u00f5rgule on istumine mugav ja toetav. Pink on valmis kasutamiseks kohe, kuna see on kokkupandud, s\u00e4\u00e4stes teie aega ja vaeva.<\/p>\n<p>Omadused:<br \/>\n<strong>Materjal:<\/strong> 100% pol\u00fcesterpolsterdus; alus: paplipuitvineer.<br \/>\n<strong>V\u00e4rv:<\/strong> Hele sinine.<br \/>\n<strong>M\u00f5\u00f5tmed:<\/strong> Laius 119,5 cm, s\u00fcgavus 45,5 cm, k\u00f5rgus 48 cm.<br \/>\n<strong>T\u00e4iendavad detailid:<\/strong> Puhastuskood SW = lahusti v\u00f5i vesi; tugiv\u00f5rguga iste; luksuslik \u0161enillpolsterdus.<br \/>\n<strong>Kokkupanek:<\/strong> Kokkupandud, ei vaja paigaldust. S\u00e4\u00e4stab aega ja vaeva.<\/p>\n<p>&nbsp;<\/p>\n","protected":false},"excerpt":{"rendered":"<p>Leith LET70B polsterdatud pink esikusse. See elegantne hele sinine pink on valmistatud k\u00f5rgeima kvaliteediga \u0161enillkangast, pakkudes teie esikule stiilset ja mugavat istumisv\u00f5imalust. M\u00f6\u00f6bli lihtne ja avatud vorm sobib suurep\u00e4raselt nii elutuppa, magamistuppa kui ka esikusse. Leith kollektsiooni pink on disainitud, et pakkuda nii esteetilist ilu kui ka praktilist kasutust. Polsterdatud iste on kaetud luksusliku \u0161enillkangaga, [&hellip;]<\/p>\n","protected":false},"featured_media":7639,"comment_status":"open","ping_status":"closed","template":"","meta":[],"product_brand":[],"product_cat":[136],"product_tag":[],"class_list":{"0":"post-7638","1":"product","2":"type-product","3":"status-publish","4":"has-post-thumbnail","6":"product_cat-esikupingid","7":"product_shipping_class-livin-hill","8":"pa_kollektsioon-leith","9":"pa_materjal-poluester","10":"pa_varv-hall","12":"first","13":"instock","14":"sale","15":"taxable","16":"shipping-taxable","17":"purchasable","18":"product-type-simple"},"_links":{"self":[{"href":"https:\/\/blankpage.ee\/_ruumist-ruumi\/wp-json\/wp\/v2\/product\/7638","targetHints":{"allow":["GET"]}}],"collection":[{"href":"https:\/\/blankpage.ee\/_ruumist-ruumi\/wp-json\/wp\/v2\/product"}],"about":[{"href":"https:\/\/blankpage.ee\/_ruumist-ruumi\/wp-json\/wp\/v2\/types\/product"}],"replies":[{"embeddable":true,"href":"https:\/\/blankpage.ee\/_ruumist-ruumi\/wp-json\/wp\/v2\/comments?post=7638"}],"wp:featuredmedia":[{"embeddable":true,"href":"https:\/\/blankpage.ee\/_ruumist-ruumi\/wp-json\/wp\/v2\/media\/7639"}],"wp:attachment":[{"href":"https:\/\/blankpage.ee\/_ruumist-ruumi\/wp-json\/wp\/v2\/media?parent=7638"}],"wp:term":[{"taxonomy":"product_brand","embeddable":true,"href":"https:\/\/blankpage.ee\/_ruumist-ruumi\/wp-json\/wp\/v2\/product_brand?post=7638"},{"taxonomy":"product_cat","embeddable":true,"href":"https:\/\/blankpage.ee\/_ruumist-ruumi\/wp-json\/wp\/v2\/product_cat?post=7638"},{"taxonomy":"product_tag","embeddable":true,"href":"https:\/\/blankpage.ee\/_ruumist-ruumi\/wp-json\/wp\/v2\/product_tag?post=7638"}],"curies":[{"name":"wp","href":"https:\/\/api.w.org\/{rel}","templated":true}]}}