{"id":7659,"date":"2024-11-01T14:06:45","date_gmt":"2024-11-01T14:06:45","guid":{"rendered":"https:\/\/ruumistruumi.ee\/pood\/pehme-roosa-polsterdatud-tool-leith-let71p-100-poluestrist-polsterdus-alus-popliipuidust\/"},"modified":"2025-04-10T11:58:12","modified_gmt":"2025-04-10T11:58:12","slug":"roosa-polsterdatud-tool-leith-let71p-100-poluester","status":"publish","type":"product","link":"https:\/\/blankpage.ee\/_ruumist-ruumi\/pood\/roosa-polsterdatud-tool-leith-let71p-100-poluester\/","title":{"rendered":"Roosa polsterdatud tool Leith LET71P, 100% pol\u00fcester"},"content":{"rendered":"<p>Leith LET71P polsterdatud tool s\u00f6\u00f6gituppa. See elegantne pehme roosa polsterdatud tool on valmistatud k\u00f5rgeima kvaliteediga \u0161enillkangast. M\u00f6\u00f6bli lihtne vorm, mis p\u00f5hineb moekatel \u00fcmardatud kujudel, rikastab iga s\u00f6\u00f6gituba.<\/p>\n<p>Leith kollektsiooni kuuluv tool \u00fchendab endas stiili ja mugavuse. Pehme roosa toon lisab ruumile \u00f5rnust ja soojust, samas kui tooli vastupidav poplipuust vineerist alus tagab pikaajalise vastupidavuse. Tooli m\u00f5\u00f5tmed on 62 cm lai, 58 cm s\u00fcgav ja 75 cm k\u00f5rge, muutes selle ideaalseks valikuks mitmesuguste s\u00f6\u00f6gilaudade juurde. Istme m\u00f5\u00f5tmed on 45,5 x 45,5 cm, istme k\u00f5rgus 47 cm ning k\u00e4etoe k\u00f5rgus 23 cm, pakkudes mugavat istumisasendit.<\/p>\n<p>Tooli t\u00e4iendavad omadused h\u00f5lmavad lainelist vedrustust ja rihmastust, mis koos k\u00f5rge tihedusega vahuga tagavad suurep\u00e4rase istumismugavuse. Lopsakas \u0161enillpolster lisab luksuslikku tunnetust. Tool on kokkupandud, ei vaja paigaldust, s\u00e4\u00e4stes aega ja vaeva. Puhastamise kood SW t\u00e4hendab, et seda saab puhastada nii lahusti kui ka veega.<\/p>\n<p>Omadused:<br \/>\n<strong>Materjal:<\/strong> 100% pol\u00fcesterpolster; alus: poplipuust vineer.<br \/>\n<strong>V\u00e4rv:<\/strong> Pehme roosa.<br \/>\n<strong>M\u00f5\u00f5tmed:<\/strong> Laius 62 cm, s\u00fcgavus 58 cm, k\u00f5rgus 75 cm.<br \/>\n<strong>T\u00e4iendavad detailid:<\/strong> Laineline vedrustus ja rihmastus, k\u00f5rge tihedusega vaht, lopsakas \u0161enillpolster.<br \/>\n<strong>Kokkupanek:<\/strong> Kokkupandud, ei vaja paigaldust. S\u00e4\u00e4stab aega ja vaeva.<\/p>\n<p>&nbsp;<\/p>\n","protected":false},"excerpt":{"rendered":"<p>Leith LET71P polsterdatud tool s\u00f6\u00f6gituppa. See elegantne pehme roosa polsterdatud tool on valmistatud k\u00f5rgeima kvaliteediga \u0161enillkangast. M\u00f6\u00f6bli lihtne vorm, mis p\u00f5hineb moekatel \u00fcmardatud kujudel, rikastab iga s\u00f6\u00f6gituba. Leith kollektsiooni kuuluv tool \u00fchendab endas stiili ja mugavuse. Pehme roosa toon lisab ruumile \u00f5rnust ja soojust, samas kui tooli vastupidav poplipuust vineerist alus tagab pikaajalise vastupidavuse. Tooli [&hellip;]<\/p>\n","protected":false},"featured_media":7660,"comment_status":"open","ping_status":"closed","template":"","meta":[],"product_brand":[],"product_cat":[108],"product_tag":[],"class_list":{"0":"post-7659","1":"product","2":"type-product","3":"status-publish","4":"has-post-thumbnail","6":"product_cat-soogitoolid","7":"product_shipping_class-livin-hill","8":"pa_kollektsioon-leith","9":"pa_materjal-poluester","10":"pa_varv-roosa","12":"first","13":"instock","14":"sale","15":"taxable","16":"shipping-taxable","17":"purchasable","18":"product-type-simple"},"_links":{"self":[{"href":"https:\/\/blankpage.ee\/_ruumist-ruumi\/wp-json\/wp\/v2\/product\/7659","targetHints":{"allow":["GET"]}}],"collection":[{"href":"https:\/\/blankpage.ee\/_ruumist-ruumi\/wp-json\/wp\/v2\/product"}],"about":[{"href":"https:\/\/blankpage.ee\/_ruumist-ruumi\/wp-json\/wp\/v2\/types\/product"}],"replies":[{"embeddable":true,"href":"https:\/\/blankpage.ee\/_ruumist-ruumi\/wp-json\/wp\/v2\/comments?post=7659"}],"wp:featuredmedia":[{"embeddable":true,"href":"https:\/\/blankpage.ee\/_ruumist-ruumi\/wp-json\/wp\/v2\/media\/7660"}],"wp:attachment":[{"href":"https:\/\/blankpage.ee\/_ruumist-ruumi\/wp-json\/wp\/v2\/media?parent=7659"}],"wp:term":[{"taxonomy":"product_brand","embeddable":true,"href":"https:\/\/blankpage.ee\/_ruumist-ruumi\/wp-json\/wp\/v2\/product_brand?post=7659"},{"taxonomy":"product_cat","embeddable":true,"href":"https:\/\/blankpage.ee\/_ruumist-ruumi\/wp-json\/wp\/v2\/product_cat?post=7659"},{"taxonomy":"product_tag","embeddable":true,"href":"https:\/\/blankpage.ee\/_ruumist-ruumi\/wp-json\/wp\/v2\/product_tag?post=7659"}],"curies":[{"name":"wp","href":"https:\/\/api.w.org\/{rel}","templated":true}]}}