{"id":7680,"date":"2024-11-01T14:08:03","date_gmt":"2024-11-01T14:08:03","guid":{"rendered":"https:\/\/ruumistruumi.ee\/pood\/hele-sinine-polsterdatud-tool-leith-let71b-100-poluester\/"},"modified":"2025-04-10T11:58:12","modified_gmt":"2025-04-10T11:58:12","slug":"helesinine-polsterdatud-tool-leith-let71b-100-poluester","status":"publish","type":"product","link":"https:\/\/blankpage.ee\/_ruumist-ruumi\/pood\/helesinine-polsterdatud-tool-leith-let71b-100-poluester\/","title":{"rendered":"Helehall polsterdatud tool Leith LET71B, 100% pol\u00fcester"},"content":{"rendered":"<p>Leith LET71B polsterdatud tool s\u00f6\u00f6gituppa. See elegantne hele sinine tool, mis on valmistatud k\u00f5rgeima kvaliteediga \u0161enillkangast, toob igasse s\u00f6\u00f6gituppa stiili ja mugavuse. M\u00f6\u00f6bli lihtne vorm, mis p\u00f5hineb moekatel \u00fcmaratel kujunditel, rikastab teie s\u00f6\u00f6gitoa interj\u00f6\u00f6ri.<\/p>\n<p>Leith kollektsiooni kuuluv tool on mitte ainult esteetiliselt meeldiv, vaid ka praktiline. Tooli istmeosa on kaetud luksusliku \u0161enillkangaga, mis on vastupidav ja pehme. Poplar vineerist valmistatud alus tagab stabiilsuse ja pikaealisuse. Tooli m\u00f5\u00f5tmed on laius 62 cm, s\u00fcgavus 58 cm ja k\u00f5rgus 75 cm, pakkudes piisavalt ruumi mugavaks istumiseks. Istme m\u00f5\u00f5tmed on 45,5 x 45,5 cm, k\u00e4etugede k\u00f5rgus istmest 23 cm ja istme k\u00f5rgus 47 cm.<\/p>\n<p>Tool on kokkupandud, ei vaja paigaldust, s\u00e4\u00e4stes teie aega ja vaeva. T\u00e4nu oma k\u00f5rge tihedusega vahule ja sinusoidaalsetele vedrudele on tooli istumine eriti mugav ja toetav. Puhastamine on lihtne, kuna tooli puhastuskood on SW, mis t\u00e4hendab, et seda saab puhastada nii lahusti kui ka veega.<\/p>\n<p>Omadused:<br \/>\n<strong>Materjal:<\/strong> 100% pol\u00fcesterpolsterdus; alus: poplar vineer.<br \/>\n<strong>V\u00e4rv:<\/strong> Hele sinine.<br \/>\n<strong>M\u00f5\u00f5tmed:<\/strong> Laius 62 cm, s\u00fcgavus 58 cm, k\u00f5rgus 75 cm.<br \/>\n<strong>T\u00e4iendavad detailid:<\/strong> Istme m\u00f5\u00f5tmed 45,5 x 45,5 cm; k\u00e4etoe k\u00f5rgus 23 cm; istme k\u00f5rgus 47 cm; sinusoidaalsed vedrud ja v\u00f5rgustik; k\u00f5rge tihedusega vaht; luksuslik \u0161enillpolsterdus.<br \/>\n<strong>Kokkupanek:<\/strong> Kokkupandud, ei vaja paigaldust.<\/p>\n<p>&nbsp;<\/p>\n","protected":false},"excerpt":{"rendered":"<p>Leith LET71B polsterdatud tool s\u00f6\u00f6gituppa. See elegantne hele sinine tool, mis on valmistatud k\u00f5rgeima kvaliteediga \u0161enillkangast, toob igasse s\u00f6\u00f6gituppa stiili ja mugavuse. M\u00f6\u00f6bli lihtne vorm, mis p\u00f5hineb moekatel \u00fcmaratel kujunditel, rikastab teie s\u00f6\u00f6gitoa interj\u00f6\u00f6ri. Leith kollektsiooni kuuluv tool on mitte ainult esteetiliselt meeldiv, vaid ka praktiline. Tooli istmeosa on kaetud luksusliku \u0161enillkangaga, mis on vastupidav [&hellip;]<\/p>\n","protected":false},"featured_media":7681,"comment_status":"open","ping_status":"closed","template":"","meta":[],"product_brand":[],"product_cat":[108],"product_tag":[],"class_list":{"0":"post-7680","1":"product","2":"type-product","3":"status-publish","4":"has-post-thumbnail","6":"product_cat-soogitoolid","7":"product_shipping_class-livin-hill","8":"pa_kollektsioon-leith","9":"pa_materjal-poluester","10":"pa_varv-hall","12":"first","13":"instock","14":"sale","15":"taxable","16":"shipping-taxable","17":"purchasable","18":"product-type-simple"},"_links":{"self":[{"href":"https:\/\/blankpage.ee\/_ruumist-ruumi\/wp-json\/wp\/v2\/product\/7680","targetHints":{"allow":["GET"]}}],"collection":[{"href":"https:\/\/blankpage.ee\/_ruumist-ruumi\/wp-json\/wp\/v2\/product"}],"about":[{"href":"https:\/\/blankpage.ee\/_ruumist-ruumi\/wp-json\/wp\/v2\/types\/product"}],"replies":[{"embeddable":true,"href":"https:\/\/blankpage.ee\/_ruumist-ruumi\/wp-json\/wp\/v2\/comments?post=7680"}],"wp:featuredmedia":[{"embeddable":true,"href":"https:\/\/blankpage.ee\/_ruumist-ruumi\/wp-json\/wp\/v2\/media\/7681"}],"wp:attachment":[{"href":"https:\/\/blankpage.ee\/_ruumist-ruumi\/wp-json\/wp\/v2\/media?parent=7680"}],"wp:term":[{"taxonomy":"product_brand","embeddable":true,"href":"https:\/\/blankpage.ee\/_ruumist-ruumi\/wp-json\/wp\/v2\/product_brand?post=7680"},{"taxonomy":"product_cat","embeddable":true,"href":"https:\/\/blankpage.ee\/_ruumist-ruumi\/wp-json\/wp\/v2\/product_cat?post=7680"},{"taxonomy":"product_tag","embeddable":true,"href":"https:\/\/blankpage.ee\/_ruumist-ruumi\/wp-json\/wp\/v2\/product_tag?post=7680"}],"curies":[{"name":"wp","href":"https:\/\/api.w.org\/{rel}","templated":true}]}}