{"id":7688,"date":"2024-11-01T14:08:38","date_gmt":"2024-11-01T14:08:38","guid":{"rendered":"https:\/\/ruumistruumi.ee\/pood\/hobedane-hall-polsterdatud-tool-leith-let71g-100-poluestrist-polsterdus-alus-popliipuidust\/"},"modified":"2025-06-17T08:57:56","modified_gmt":"2025-06-17T08:57:56","slug":"hobehall-polsterdatud-tool-leith-let71g-100-poluestrist","status":"publish","type":"product","link":"https:\/\/blankpage.ee\/_ruumist-ruumi\/pood\/hobehall-polsterdatud-tool-leith-let71g-100-poluestrist\/","title":{"rendered":"H\u00f5behall polsterdatud tool Leith LET71G, 100% pol\u00fcestrist"},"content":{"rendered":"<p>Leith LET71G polsterdatud tool s\u00f6\u00f6gituppa. See elegantne h\u00f5behall tool on valmistatud k\u00f5rge kvaliteediga \u0161enillkangast, mis lisab teie s\u00f6\u00f6gitoale stiili ja mugavust. Tooli lihtne vorm ja moodne \u00fcmar kuju rikastavad iga s\u00f6\u00f6giruumi, luues sooja ja kutsuva atmosf\u00e4\u00e4ri, kus on meeldiv nautida toitu ja seltskonda.<\/p>\n<p>Omadused:<br \/>\n<strong>Materjal:<\/strong> 100% pol\u00fcester polsterdus; alus: vineer.<br \/>\n<strong>V\u00e4rv:<\/strong> H\u00f5behall, pealmine ja \u00e4\u00e4ristav v\u00e4rv.<br \/>\n<strong>M\u00f5\u00f5tmed:<\/strong> Laius 62 cm, s\u00fcgavus 58 cm, k\u00f5rgus 75 cm. Istme m\u00f5\u00f5dud: 45,5 x 45,5 cm; k\u00e4etoed: 23 cm; istme k\u00f5rgus: 47 cm.<br \/>\n<strong>T\u00e4iendavad detailid:<\/strong> Tool on varustatud kvaliteetsete elastsete vedrude ja kangastega, mis tagavad mugavuse ja vastupidavuse. \u0160enillkangas on lihtne puhastada, j\u00e4rgides hooldusjuhiseid (kood SW = lahusti v\u00f5i vesi).<\/p>\n<p><strong>Kokkupanek:<\/strong> Kokkupandud, ei vaja paigaldust. S\u00e4\u00e4stab aega ja vaeva.<\/p>\n<p>Leith LET71G tool on suurep\u00e4rane valik, et t\u00e4iendada teie s\u00f6\u00f6gitoa sisustust, pakkudes mugavust ja esteetikat, mis sobib igasse interj\u00f6\u00f6ri.<\/p>\n<p>&nbsp;<\/p>\n","protected":false},"excerpt":{"rendered":"<p>Leith LET71G polsterdatud tool s\u00f6\u00f6gituppa. See elegantne h\u00f5behall tool on valmistatud k\u00f5rge kvaliteediga \u0161enillkangast, mis lisab teie s\u00f6\u00f6gitoale stiili ja mugavust. Tooli lihtne vorm ja moodne \u00fcmar kuju rikastavad iga s\u00f6\u00f6giruumi, luues sooja ja kutsuva atmosf\u00e4\u00e4ri, kus on meeldiv nautida toitu ja seltskonda. Omadused: Materjal: 100% pol\u00fcester polsterdus; alus: vineer. V\u00e4rv: H\u00f5behall, pealmine ja \u00e4\u00e4ristav [&hellip;]<\/p>\n","protected":false},"featured_media":7689,"comment_status":"open","ping_status":"closed","template":"","meta":[],"product_brand":[],"product_cat":[108],"product_tag":[],"class_list":{"0":"post-7688","1":"product","2":"type-product","3":"status-publish","4":"has-post-thumbnail","6":"product_cat-soogitoolid","7":"product_shipping_class-livin-hill","8":"pa_kollektsioon-leith","9":"pa_materjal-poluester","10":"pa_varv-hall","12":"first","13":"instock","14":"sale","15":"taxable","16":"shipping-taxable","17":"purchasable","18":"product-type-simple"},"_links":{"self":[{"href":"https:\/\/blankpage.ee\/_ruumist-ruumi\/wp-json\/wp\/v2\/product\/7688","targetHints":{"allow":["GET"]}}],"collection":[{"href":"https:\/\/blankpage.ee\/_ruumist-ruumi\/wp-json\/wp\/v2\/product"}],"about":[{"href":"https:\/\/blankpage.ee\/_ruumist-ruumi\/wp-json\/wp\/v2\/types\/product"}],"replies":[{"embeddable":true,"href":"https:\/\/blankpage.ee\/_ruumist-ruumi\/wp-json\/wp\/v2\/comments?post=7688"}],"wp:featuredmedia":[{"embeddable":true,"href":"https:\/\/blankpage.ee\/_ruumist-ruumi\/wp-json\/wp\/v2\/media\/7689"}],"wp:attachment":[{"href":"https:\/\/blankpage.ee\/_ruumist-ruumi\/wp-json\/wp\/v2\/media?parent=7688"}],"wp:term":[{"taxonomy":"product_brand","embeddable":true,"href":"https:\/\/blankpage.ee\/_ruumist-ruumi\/wp-json\/wp\/v2\/product_brand?post=7688"},{"taxonomy":"product_cat","embeddable":true,"href":"https:\/\/blankpage.ee\/_ruumist-ruumi\/wp-json\/wp\/v2\/product_cat?post=7688"},{"taxonomy":"product_tag","embeddable":true,"href":"https:\/\/blankpage.ee\/_ruumist-ruumi\/wp-json\/wp\/v2\/product_tag?post=7688"}],"curies":[{"name":"wp","href":"https:\/\/api.w.org\/{rel}","templated":true}]}}