{"id":7706,"date":"2024-11-01T14:09:48","date_gmt":"2024-11-01T14:09:48","guid":{"rendered":"https:\/\/ruumistruumi.ee\/pood\/heleroosa-pehme-diivanipink-leith-let71bp-100-poluesterkattega-alus-poppeliplaadist\/"},"modified":"2025-04-10T11:58:13","modified_gmt":"2025-04-10T11:58:13","slug":"roosa-polsterdatud-diivanpink-leith-let71bp-100-poluester","status":"publish","type":"product","link":"https:\/\/blankpage.ee\/_ruumist-ruumi\/pood\/roosa-polsterdatud-diivanpink-leith-let71bp-100-poluester\/","title":{"rendered":"Roosa polsterdatud diivanpink Leith LET71BP, 100% pol\u00fcester"},"content":{"rendered":"<p>Leith LET71BP polsterdatud pink elutuppa. See elegantne pehme roosa polsterdusega pink on valmistatud k\u00f5rgeima kvaliteediga chenille-kangast. M\u00f6\u00f6bli lihtne vorm, mis p\u00f5hineb moekatel \u00fcmaratel kujunditel, rikastab igat elutuba, s\u00f6\u00f6gituba v\u00f5i esikut.<\/p>\n<p>Omadused:<br \/>\n<strong>Materjal:<\/strong> 100% pol\u00fcesterpolsterdus; alus: paplipuidust vineer.<br \/>\n<strong>V\u00e4rv:<\/strong> Pehme roosa.<br \/>\n<strong>M\u00f5\u00f5tmed:<\/strong> Laius 124,5 cm, s\u00fcgavus 56 cm, k\u00f5rgus 75 cm.<br \/>\n<strong>T\u00e4iendavad detailid:<\/strong> Istme m\u00f5\u00f5tmed &#8211; 112 x 45,5 cm; k\u00e4etoe k\u00f5rgus &#8211; 23 cm; istme k\u00f5rgus &#8211; 47 cm. Puhastuskood SW = lahusti v\u00f5i vesi; laineline vedrustus ja rihm; k\u00f5rge tihedusega vaht; lopsakas chenille-polsterdus.<br \/>\n<strong>Kokkupanek:<\/strong> Kokkupandud, ei vaja paigaldust. S\u00e4\u00e4stab aega ja vaeva.<\/p>\n<p>&nbsp;<\/p>\n","protected":false},"excerpt":{"rendered":"<p>Leith LET71BP polsterdatud pink elutuppa. See elegantne pehme roosa polsterdusega pink on valmistatud k\u00f5rgeima kvaliteediga chenille-kangast. M\u00f6\u00f6bli lihtne vorm, mis p\u00f5hineb moekatel \u00fcmaratel kujunditel, rikastab igat elutuba, s\u00f6\u00f6gituba v\u00f5i esikut. Omadused: Materjal: 100% pol\u00fcesterpolsterdus; alus: paplipuidust vineer. V\u00e4rv: Pehme roosa. M\u00f5\u00f5tmed: Laius 124,5 cm, s\u00fcgavus 56 cm, k\u00f5rgus 75 cm. T\u00e4iendavad detailid: Istme m\u00f5\u00f5tmed &#8211; [&hellip;]<\/p>\n","protected":false},"featured_media":7707,"comment_status":"open","ping_status":"closed","template":"","meta":[],"product_brand":[],"product_cat":[422],"product_tag":[],"class_list":{"0":"post-7706","1":"product","2":"type-product","3":"status-publish","4":"has-post-thumbnail","6":"product_cat-diivanid","7":"product_shipping_class-livin-hill","8":"pa_kollektsioon-leith","9":"pa_materjal-poluester","10":"pa_varv-roosa","12":"first","13":"instock","14":"sale","15":"taxable","16":"shipping-taxable","17":"purchasable","18":"product-type-simple"},"_links":{"self":[{"href":"https:\/\/blankpage.ee\/_ruumist-ruumi\/wp-json\/wp\/v2\/product\/7706","targetHints":{"allow":["GET"]}}],"collection":[{"href":"https:\/\/blankpage.ee\/_ruumist-ruumi\/wp-json\/wp\/v2\/product"}],"about":[{"href":"https:\/\/blankpage.ee\/_ruumist-ruumi\/wp-json\/wp\/v2\/types\/product"}],"replies":[{"embeddable":true,"href":"https:\/\/blankpage.ee\/_ruumist-ruumi\/wp-json\/wp\/v2\/comments?post=7706"}],"wp:featuredmedia":[{"embeddable":true,"href":"https:\/\/blankpage.ee\/_ruumist-ruumi\/wp-json\/wp\/v2\/media\/7707"}],"wp:attachment":[{"href":"https:\/\/blankpage.ee\/_ruumist-ruumi\/wp-json\/wp\/v2\/media?parent=7706"}],"wp:term":[{"taxonomy":"product_brand","embeddable":true,"href":"https:\/\/blankpage.ee\/_ruumist-ruumi\/wp-json\/wp\/v2\/product_brand?post=7706"},{"taxonomy":"product_cat","embeddable":true,"href":"https:\/\/blankpage.ee\/_ruumist-ruumi\/wp-json\/wp\/v2\/product_cat?post=7706"},{"taxonomy":"product_tag","embeddable":true,"href":"https:\/\/blankpage.ee\/_ruumist-ruumi\/wp-json\/wp\/v2\/product_tag?post=7706"}],"curies":[{"name":"wp","href":"https:\/\/api.w.org\/{rel}","templated":true}]}}