{"id":7734,"date":"2024-11-01T14:12:00","date_gmt":"2024-11-01T14:12:00","guid":{"rendered":"https:\/\/ruumistruumi.ee\/pood\/helepruun-pooratav-polsterdatud-tool-leith-let73b-100-poluestrist-polsterdus-alus-popliipuit\/"},"modified":"2025-01-11T10:52:10","modified_gmt":"2025-01-11T10:52:10","slug":"helepruun-pooratav-polsterdatud-tool-leith-let73b-100-poluestrist-polsterdus-alus-popliipuit","status":"publish","type":"product","link":"https:\/\/blankpage.ee\/_ruumist-ruumi\/pood\/helepruun-pooratav-polsterdatud-tool-leith-let73b-100-poluestrist-polsterdus-alus-popliipuit\/","title":{"rendered":"Helepruun p\u00f6\u00f6rdtool Leith LET73B, 100% pol\u00fcester"},"content":{"rendered":"<p>Leith LET73B polsterdatud p\u00f6\u00f6rdtool elutuppa. See elegantne helepruuni \u0161okolaaditooni tool on kaetud k\u00f5rgeima kvaliteediga kangaga, pakkudes mugavust ja stiili igasse elutuppa. M\u00f6\u00f6bli lihtne vorm, mis p\u00f5hineb moekatel \u00fcmaratel kujunditel, lisab teie ruumile maitsekust ja kaasaegsust.<\/p>\n<p>Leith kollektsiooni p\u00f6\u00f6rdtool on loodud pakkuma maksimaalset mugavust ja funktsionaalsust. Tooli t\u00e4ielik 360\u00b0 p\u00f6\u00f6rlemisv\u00f5ime v\u00f5imaldab teil h\u00f5lpsasti suunda muuta, samas kui lainelised vedrud ja kinnitatud istmepadi tagavad pikaajalise kasutusmugavuse. See on ideaalne valik neile, kes hindavad nii esteetikat kui ka praktilisust.<\/p>\n<p>Omadused:<br \/>\n<strong>Materjal:<\/strong> 100% pol\u00fcesterpolsterdus; alus: paplipuitvineer.<br \/>\n<strong>V\u00e4rv:<\/strong> Helepruun.<br \/>\n<strong>M\u00f5\u00f5tmed:<\/strong> Laius 73,5 cm, s\u00fcgavus 76 cm, k\u00f5rgus 82,5 cm.<br \/>\n<strong>T\u00e4iendavad m\u00f5\u00f5tmed:<\/strong> Istme laius 53,5 cm, s\u00fcgavus 58,5 cm, istme k\u00f5rgus 51 cm.<br \/>\n<strong>T\u00e4iendavad detailid:<\/strong> T\u00e4ielik 360\u00b0 p\u00f6\u00f6rlemisv\u00f5ime, lainelised vedrud, kinnitatud istmepadi.<br \/>\n<strong>Kokkupanek:<\/strong> Kokkupandud, ei vaja paigaldust. S\u00e4\u00e4stab aega ja vaeva.<\/p>\n<p>&nbsp;<\/p>\n","protected":false},"excerpt":{"rendered":"<p>Leith LET73B polsterdatud p\u00f6\u00f6rdtool elutuppa. See elegantne helepruuni \u0161okolaaditooni tool on kaetud k\u00f5rgeima kvaliteediga kangaga, pakkudes mugavust ja stiili igasse elutuppa. M\u00f6\u00f6bli lihtne vorm, mis p\u00f5hineb moekatel \u00fcmaratel kujunditel, lisab teie ruumile maitsekust ja kaasaegsust. Leith kollektsiooni p\u00f6\u00f6rdtool on loodud pakkuma maksimaalset mugavust ja funktsionaalsust. Tooli t\u00e4ielik 360\u00b0 p\u00f6\u00f6rlemisv\u00f5ime v\u00f5imaldab teil h\u00f5lpsasti suunda muuta, samas [&hellip;]<\/p>\n","protected":false},"featured_media":7735,"comment_status":"open","ping_status":"closed","template":"","meta":[],"product_brand":[],"product_cat":[424],"product_tag":[],"class_list":{"0":"post-7734","1":"product","2":"type-product","3":"status-publish","4":"has-post-thumbnail","6":"product_cat-tugitoolid-ja-lounge-toolid","7":"product_shipping_class-livin-hill","8":"pa_kollektsioon-leith","9":"pa_materjal-poluester","10":"pa_varv-helepruun","12":"first","13":"outofstock","14":"sale","15":"taxable","16":"shipping-taxable","17":"purchasable","18":"product-type-simple"},"_links":{"self":[{"href":"https:\/\/blankpage.ee\/_ruumist-ruumi\/wp-json\/wp\/v2\/product\/7734","targetHints":{"allow":["GET"]}}],"collection":[{"href":"https:\/\/blankpage.ee\/_ruumist-ruumi\/wp-json\/wp\/v2\/product"}],"about":[{"href":"https:\/\/blankpage.ee\/_ruumist-ruumi\/wp-json\/wp\/v2\/types\/product"}],"replies":[{"embeddable":true,"href":"https:\/\/blankpage.ee\/_ruumist-ruumi\/wp-json\/wp\/v2\/comments?post=7734"}],"wp:featuredmedia":[{"embeddable":true,"href":"https:\/\/blankpage.ee\/_ruumist-ruumi\/wp-json\/wp\/v2\/media\/7735"}],"wp:attachment":[{"href":"https:\/\/blankpage.ee\/_ruumist-ruumi\/wp-json\/wp\/v2\/media?parent=7734"}],"wp:term":[{"taxonomy":"product_brand","embeddable":true,"href":"https:\/\/blankpage.ee\/_ruumist-ruumi\/wp-json\/wp\/v2\/product_brand?post=7734"},{"taxonomy":"product_cat","embeddable":true,"href":"https:\/\/blankpage.ee\/_ruumist-ruumi\/wp-json\/wp\/v2\/product_cat?post=7734"},{"taxonomy":"product_tag","embeddable":true,"href":"https:\/\/blankpage.ee\/_ruumist-ruumi\/wp-json\/wp\/v2\/product_tag?post=7734"}],"curies":[{"name":"wp","href":"https:\/\/api.w.org\/{rel}","templated":true}]}}